{"id":100,"date":"2019-12-11T14:42:33","date_gmt":"2019-12-11T14:42:33","guid":{"rendered":"https:\/\/www.tabula.pt\/site\/?page_id=100"},"modified":"2024-08-09T13:26:38","modified_gmt":"2024-08-09T13:26:38","slug":"contactos","status":"publish","type":"page","link":"https:\/\/www.tabula.pt\/site\/contactos\/","title":{"rendered":"Contactos"},"content":{"rendered":"\t\t<div data-elementor-type=\"wp-page\" data-elementor-id=\"100\" class=\"elementor elementor-100\" data-elementor-post-type=\"page\">\n\t\t\t\t\t\t<section class=\"elementor-section elementor-top-section elementor-element elementor-element-f6c7d29 elementor-section-boxed elementor-section-height-default elementor-section-height-default\" data-id=\"f6c7d29\" data-element_type=\"section\" data-e-type=\"section\">\n\t\t\t\t\t\t<div class=\"elementor-container elementor-column-gap-default\">\n\t\t\t\t\t<div class=\"elementor-column elementor-col-33 elementor-top-column elementor-element elementor-element-5d11bc7\" data-id=\"5d11bc7\" data-element_type=\"column\" data-e-type=\"column\">\n\t\t\t<div class=\"elementor-widget-wrap elementor-element-populated\">\n\t\t\t\t\t\t<div class=\"elementor-element elementor-element-96cd68f elementor-widget elementor-widget-text-editor\" data-id=\"96cd68f\" data-element_type=\"widget\" data-e-type=\"widget\" data-widget_type=\"text-editor.default\">\n\t\t\t\t<div class=\"elementor-widget-container\">\n\t\t\t\t\t\t\t\t\t<p><span style=\"color: #333333; font-family: Cabin, sans-serif; font-size: 14px;\">\u00a0<\/span><span style=\"color: #333333; font-family: Cabin, sans-serif; font-size: 14px;\"><b>Morada<\/b>: Rua St\u00ba Ant\u00f3nio, 123\u00a0<\/span><\/p><p><span style=\"color: #333333; font-family: Cabin, sans-serif; font-size: 14px;\">4585-352 Rebordosa PORTUGAL<\/span><\/p><p><span style=\"color: #333333; font-family: Cabin, sans-serif; font-size: 14px;\">Tel: +351 22 415 40 89 <\/span><\/p><p><span style=\"color: #333333; font-family: Cabin, sans-serif; font-size: 14px;\">(Chamada para rede fixa nacional)<\/span><\/p><p><strong><span style=\"color: #333333; font-family: Cabin, sans-serif; font-size: 14px;\">Email:\u00a0<\/span><\/strong><span style=\"color: #333333; font-family: Cabin, sans-serif; font-size: 14px;\">comercial@tabula.pt<\/span><\/p>\t\t\t\t\t\t\t\t<\/div>\n\t\t\t\t<\/div>\n\t\t\t\t\t<\/div>\n\t\t<\/div>\n\t\t\t\t<div class=\"elementor-column elementor-col-33 elementor-top-column elementor-element elementor-element-ecfc608\" data-id=\"ecfc608\" data-element_type=\"column\" data-e-type=\"column\">\n\t\t\t<div class=\"elementor-widget-wrap elementor-element-populated\">\n\t\t\t\t\t\t<div class=\"elementor-element elementor-element-06466f6 elementor-widget__width-initial elementor-widget elementor-widget-google_maps\" data-id=\"06466f6\" data-element_type=\"widget\" data-e-type=\"widget\" data-widget_type=\"google_maps.default\">\n\t\t\t\t<div class=\"elementor-widget-container\">\n\t\t\t\t\t\t\t<div class=\"elementor-custom-embed\">\n\t\t\t<iframe loading=\"lazy\"\n\t\t\t\t\tsrc=\"https:\/\/maps.google.com\/maps?q=R.%20de%20Santo%20Ant%C3%B3nio%20123%2C%204585-352%20Rebordosa&#038;t=m&#038;z=10&#038;output=embed&#038;iwloc=near\"\n\t\t\t\t\ttitle=\"R. de Santo Ant\u00f3nio 123, 4585-352 Rebordosa\"\n\t\t\t\t\taria-label=\"R. de Santo Ant\u00f3nio 123, 4585-352 Rebordosa\"\n\t\t\t><\/iframe>\n\t\t<\/div>\n\t\t\t\t\t\t<\/div>\n\t\t\t\t<\/div>\n\t\t\t\t\t<\/div>\n\t\t<\/div>\n\t\t\t\t<div class=\"elementor-column elementor-col-33 elementor-top-column elementor-element elementor-element-6964dfd\" data-id=\"6964dfd\" data-element_type=\"column\" data-e-type=\"column\">\n\t\t\t<div class=\"elementor-widget-wrap elementor-element-populated\">\n\t\t\t\t\t\t<div class=\"elementor-element elementor-element-786f962 elementor-widget__width-initial elementor-widget elementor-widget-text-editor\" data-id=\"786f962\" data-element_type=\"widget\" data-e-type=\"widget\" data-widget_type=\"text-editor.default\">\n\t\t\t\t<div class=\"elementor-widget-container\">\n\t\t\t\t\t\t\t\t\t<p><strong><span style=\"color: #333333; font-family: Cabin, sans-serif; font-size: 14px;\">HOR\u00c1RIO:&nbsp;<\/span><\/strong><\/p>\n<p>(Dep\u00ba Comercial):&nbsp;<\/p>\n<p>8h00 &#8211; 12h30<\/p>\n<p>14h &#8211; 16h00 (Portugal&nbsp;GMT)<\/p><p><font color=\"#333333\" face=\"Cabin, sans-serif\"><b>F\u00e9rias 2024:<\/b>&nbsp;<\/font><span style=\"color: rgb(50, 43, 51); font-weight: 700; font-kerning: none;\">&nbsp;10 a 31 de Agosto<\/span><br><\/p>\n<p><\/p>\t\t\t\t\t\t\t\t<\/div>\n\t\t\t\t<\/div>\n\t\t\t\t\t<\/div>\n\t\t<\/div>\n\t\t\t\t\t<\/div>\n\t\t<\/section>\n\t\t\t\t<section class=\"elementor-section elementor-top-section elementor-element elementor-element-9be6bf0 elementor-section-boxed elementor-section-height-default elementor-section-height-default\" data-id=\"9be6bf0\" data-element_type=\"section\" data-e-type=\"section\">\n\t\t\t\t\t\t<div class=\"elementor-container elementor-column-gap-default\">\n\t\t\t\t\t<div class=\"elementor-column elementor-col-100 elementor-top-column elementor-element elementor-element-ada5578\" data-id=\"ada5578\" data-element_type=\"column\" data-e-type=\"column\">\n\t\t\t<div class=\"elementor-widget-wrap\">\n\t\t\t\t\t\t\t<\/div>\n\t\t<\/div>\n\t\t\t\t\t<\/div>\n\t\t<\/section>\n\t\t\t\t<\/div>\n\t\t","protected":false},"excerpt":{"rendered":"<p>\u00a0Morada: Rua St\u00ba Ant\u00f3nio, 123\u00a0 4585-352 Rebordosa PORTUGAL Tel: +351 22 415 40 89 (Chamada para rede fixa nacional) Email:\u00a0comercial@tabula.pt HOR\u00c1RIO:&nbsp; (Dep\u00ba Comercial):&nbsp; 8h00 &#8211; 12h30 14h &#8211; 16h00 (Portugal&nbsp;GMT) F\u00e9rias 2024:&nbsp;&nbsp;10 a 31 de Agosto<\/p>\n","protected":false},"author":1,"featured_media":0,"parent":0,"menu_order":0,"comment_status":"closed","ping_status":"closed","template":"","meta":{"_monsterinsights_skip_tracking":false,"_monsterinsights_sitenote_active":false,"_monsterinsights_sitenote_note":"","_monsterinsights_sitenote_category":0,"footnotes":""},"class_list":["post-100","page","type-page","status-publish"],"yoast_head":"<!-- This site is optimized with the Yoast SEO plugin v27.1.1 - https:\/\/yoast.com\/product\/yoast-seo-wordpress\/ -->\n<title>Contactos - T\u00e1bula furniture<\/title>\n<meta name=\"robots\" content=\"index, follow, max-snippet:-1, max-image-preview:large, max-video-preview:-1\" \/>\n<link rel=\"canonical\" href=\"https:\/\/www.tabula.pt\/site\/contactos\/\" \/>\n<meta property=\"og:locale\" content=\"pt_PT\" \/>\n<meta property=\"og:type\" content=\"article\" \/>\n<meta property=\"og:title\" content=\"Contactos - T\u00e1bula furniture\" \/>\n<meta property=\"og:description\" content=\"\u00a0Morada: Rua St\u00ba Ant\u00f3nio, 123\u00a0 4585-352 Rebordosa PORTUGAL Tel: +351 22 415 40 89 (Chamada para rede fixa nacional) Email:\u00a0comercial@tabula.pt HOR\u00c1RIO:&nbsp; (Dep\u00ba Comercial):&nbsp; 8h00 &#8211; 12h30 14h &#8211; 16h00 (Portugal&nbsp;GMT) F\u00e9rias 2024:&nbsp;&nbsp;10 a 31 de Agosto\" \/>\n<meta property=\"og:url\" content=\"https:\/\/www.tabula.pt\/site\/contactos\/\" \/>\n<meta property=\"og:site_name\" content=\"T\u00e1bula furniture\" \/>\n<meta property=\"article:publisher\" content=\"https:\/\/www.facebook.com\/tabula.pt\/\" \/>\n<meta property=\"article:modified_time\" content=\"2024-08-09T13:26:38+00:00\" \/>\n<meta name=\"twitter:card\" content=\"summary_large_image\" \/>\n<meta name=\"twitter:label1\" content=\"Tempo estimado de leitura\" \/>\n\t<meta name=\"twitter:data1\" content=\"1 minuto\" \/>\n<script type=\"application\/ld+json\" class=\"yoast-schema-graph\">{\"@context\":\"https:\/\/schema.org\",\"@graph\":[{\"@type\":\"WebPage\",\"@id\":\"https:\/\/www.tabula.pt\/site\/contactos\/\",\"url\":\"https:\/\/www.tabula.pt\/site\/contactos\/\",\"name\":\"Contactos - T\u00e1bula furniture\",\"isPartOf\":{\"@id\":\"https:\/\/www.tabula.pt\/site\/#website\"},\"datePublished\":\"2019-12-11T14:42:33+00:00\",\"dateModified\":\"2024-08-09T13:26:38+00:00\",\"breadcrumb\":{\"@id\":\"https:\/\/www.tabula.pt\/site\/contactos\/#breadcrumb\"},\"inLanguage\":\"pt-PT\",\"potentialAction\":[{\"@type\":\"ReadAction\",\"target\":[\"https:\/\/www.tabula.pt\/site\/contactos\/\"]}]},{\"@type\":\"BreadcrumbList\",\"@id\":\"https:\/\/www.tabula.pt\/site\/contactos\/#breadcrumb\",\"itemListElement\":[{\"@type\":\"ListItem\",\"position\":1,\"name\":\"In\u00edcio\",\"item\":\"https:\/\/www.tabula.pt\/site\/\"},{\"@type\":\"ListItem\",\"position\":2,\"name\":\"Contactos\"}]},{\"@type\":\"WebSite\",\"@id\":\"https:\/\/www.tabula.pt\/site\/#website\",\"url\":\"https:\/\/www.tabula.pt\/site\/\",\"name\":\"T\u00e1bula furniture\",\"description\":\"Mobili\u00e1rio e projetos \u00e0 medida\",\"publisher\":{\"@id\":\"https:\/\/www.tabula.pt\/site\/#organization\"},\"potentialAction\":[{\"@type\":\"SearchAction\",\"target\":{\"@type\":\"EntryPoint\",\"urlTemplate\":\"https:\/\/www.tabula.pt\/site\/?s={search_term_string}\"},\"query-input\":{\"@type\":\"PropertyValueSpecification\",\"valueRequired\":true,\"valueName\":\"search_term_string\"}}],\"inLanguage\":\"pt-PT\"},{\"@type\":\"Organization\",\"@id\":\"https:\/\/www.tabula.pt\/site\/#organization\",\"name\":\"T\u00e1bula\",\"url\":\"https:\/\/www.tabula.pt\/site\/\",\"logo\":{\"@type\":\"ImageObject\",\"inLanguage\":\"pt-PT\",\"@id\":\"https:\/\/www.tabula.pt\/site\/#\/schema\/logo\/image\/\",\"url\":\"https:\/\/www.tabula.pt\/site\/wp-content\/uploads\/2019\/12\/t\u00e1bula-logo_peq_fb-e1576075812445.png\",\"contentUrl\":\"https:\/\/www.tabula.pt\/site\/wp-content\/uploads\/2019\/12\/t\u00e1bula-logo_peq_fb-e1576075812445.png\",\"width\":100,\"height\":73,\"caption\":\"T\u00e1bula\"},\"image\":{\"@id\":\"https:\/\/www.tabula.pt\/site\/#\/schema\/logo\/image\/\"},\"sameAs\":[\"https:\/\/www.facebook.com\/tabula.pt\/\",\"https:\/\/www.instagram.com\/tabula_furniture\/\"]}]}<\/script>\n<!-- \/ Yoast SEO plugin. -->","yoast_head_json":{"title":"Contactos - T\u00e1bula furniture","robots":{"index":"index","follow":"follow","max-snippet":"max-snippet:-1","max-image-preview":"max-image-preview:large","max-video-preview":"max-video-preview:-1"},"canonical":"https:\/\/www.tabula.pt\/site\/contactos\/","og_locale":"pt_PT","og_type":"article","og_title":"Contactos - T\u00e1bula furniture","og_description":"\u00a0Morada: Rua St\u00ba Ant\u00f3nio, 123\u00a0 4585-352 Rebordosa PORTUGAL Tel: +351 22 415 40 89 (Chamada para rede fixa nacional) Email:\u00a0comercial@tabula.pt HOR\u00c1RIO:&nbsp; (Dep\u00ba Comercial):&nbsp; 8h00 &#8211; 12h30 14h &#8211; 16h00 (Portugal&nbsp;GMT) F\u00e9rias 2024:&nbsp;&nbsp;10 a 31 de Agosto","og_url":"https:\/\/www.tabula.pt\/site\/contactos\/","og_site_name":"T\u00e1bula furniture","article_publisher":"https:\/\/www.facebook.com\/tabula.pt\/","article_modified_time":"2024-08-09T13:26:38+00:00","twitter_card":"summary_large_image","twitter_misc":{"Tempo estimado de leitura":"1 minuto"},"schema":{"@context":"https:\/\/schema.org","@graph":[{"@type":"WebPage","@id":"https:\/\/www.tabula.pt\/site\/contactos\/","url":"https:\/\/www.tabula.pt\/site\/contactos\/","name":"Contactos - T\u00e1bula furniture","isPartOf":{"@id":"https:\/\/www.tabula.pt\/site\/#website"},"datePublished":"2019-12-11T14:42:33+00:00","dateModified":"2024-08-09T13:26:38+00:00","breadcrumb":{"@id":"https:\/\/www.tabula.pt\/site\/contactos\/#breadcrumb"},"inLanguage":"pt-PT","potentialAction":[{"@type":"ReadAction","target":["https:\/\/www.tabula.pt\/site\/contactos\/"]}]},{"@type":"BreadcrumbList","@id":"https:\/\/www.tabula.pt\/site\/contactos\/#breadcrumb","itemListElement":[{"@type":"ListItem","position":1,"name":"In\u00edcio","item":"https:\/\/www.tabula.pt\/site\/"},{"@type":"ListItem","position":2,"name":"Contactos"}]},{"@type":"WebSite","@id":"https:\/\/www.tabula.pt\/site\/#website","url":"https:\/\/www.tabula.pt\/site\/","name":"T\u00e1bula furniture","description":"Mobili\u00e1rio e projetos \u00e0 medida","publisher":{"@id":"https:\/\/www.tabula.pt\/site\/#organization"},"potentialAction":[{"@type":"SearchAction","target":{"@type":"EntryPoint","urlTemplate":"https:\/\/www.tabula.pt\/site\/?s={search_term_string}"},"query-input":{"@type":"PropertyValueSpecification","valueRequired":true,"valueName":"search_term_string"}}],"inLanguage":"pt-PT"},{"@type":"Organization","@id":"https:\/\/www.tabula.pt\/site\/#organization","name":"T\u00e1bula","url":"https:\/\/www.tabula.pt\/site\/","logo":{"@type":"ImageObject","inLanguage":"pt-PT","@id":"https:\/\/www.tabula.pt\/site\/#\/schema\/logo\/image\/","url":"https:\/\/www.tabula.pt\/site\/wp-content\/uploads\/2019\/12\/t\u00e1bula-logo_peq_fb-e1576075812445.png","contentUrl":"https:\/\/www.tabula.pt\/site\/wp-content\/uploads\/2019\/12\/t\u00e1bula-logo_peq_fb-e1576075812445.png","width":100,"height":73,"caption":"T\u00e1bula"},"image":{"@id":"https:\/\/www.tabula.pt\/site\/#\/schema\/logo\/image\/"},"sameAs":["https:\/\/www.facebook.com\/tabula.pt\/","https:\/\/www.instagram.com\/tabula_furniture\/"]}]}},"_links":{"self":[{"href":"https:\/\/www.tabula.pt\/site\/wp-json\/wp\/v2\/pages\/100","targetHints":{"allow":["GET"]}}],"collection":[{"href":"https:\/\/www.tabula.pt\/site\/wp-json\/wp\/v2\/pages"}],"about":[{"href":"https:\/\/www.tabula.pt\/site\/wp-json\/wp\/v2\/types\/page"}],"author":[{"embeddable":true,"href":"https:\/\/www.tabula.pt\/site\/wp-json\/wp\/v2\/users\/1"}],"replies":[{"embeddable":true,"href":"https:\/\/www.tabula.pt\/site\/wp-json\/wp\/v2\/comments?post=100"}],"version-history":[{"count":77,"href":"https:\/\/www.tabula.pt\/site\/wp-json\/wp\/v2\/pages\/100\/revisions"}],"predecessor-version":[{"id":3479,"href":"https:\/\/www.tabula.pt\/site\/wp-json\/wp\/v2\/pages\/100\/revisions\/3479"}],"wp:attachment":[{"href":"https:\/\/www.tabula.pt\/site\/wp-json\/wp\/v2\/media?parent=100"}],"curies":[{"name":"wp","href":"https:\/\/api.w.org\/{rel}","templated":true}]}}