{"id":1491,"date":"2020-09-03T10:55:28","date_gmt":"2020-09-03T10:55:28","guid":{"rendered":"https:\/\/www.tabula.pt\/site\/?page_id=1491"},"modified":"2022-03-07T18:10:46","modified_gmt":"2022-03-07T18:10:46","slug":"curve-table","status":"publish","type":"page","link":"https:\/\/www.tabula.pt\/site\/curve-table\/","title":{"rendered":"Curve Table"},"content":{"rendered":"\t\t<div data-elementor-type=\"wp-page\" data-elementor-id=\"1491\" class=\"elementor elementor-1491\" data-elementor-post-type=\"page\">\n\t\t\t\t\t\t<section class=\"elementor-section elementor-top-section elementor-element elementor-element-f6b9730 elementor-section-boxed elementor-section-height-default elementor-section-height-default\" data-id=\"f6b9730\" data-element_type=\"section\" data-e-type=\"section\">\n\t\t\t\t\t\t<div class=\"elementor-container elementor-column-gap-default\">\n\t\t\t\t\t<div class=\"elementor-column elementor-col-50 elementor-top-column elementor-element elementor-element-ae6b6bf\" data-id=\"ae6b6bf\" data-element_type=\"column\" data-e-type=\"column\">\n\t\t\t<div class=\"elementor-widget-wrap elementor-element-populated\">\n\t\t\t\t\t\t<div class=\"elementor-element elementor-element-f86ac4a elementor-widget elementor-widget-image\" data-id=\"f86ac4a\" data-element_type=\"widget\" data-e-type=\"widget\" data-widget_type=\"image.default\">\n\t\t\t\t<div class=\"elementor-widget-container\">\n\t\t\t\t\t\t\t\t\t\t\t\t<figure class=\"wp-caption\">\n\t\t\t\t\t\t\t\t\t\t<img fetchpriority=\"high\" decoding=\"async\" width=\"1024\" height=\"768\" src=\"https:\/\/www.tabula.pt\/site\/wp-content\/uploads\/2020\/09\/TAB_Mesa-Curve_03-copia-1024x768.jpg\" class=\"attachment-large size-large wp-image-1483\" alt=\"\" srcset=\"https:\/\/www.tabula.pt\/site\/wp-content\/uploads\/2020\/09\/TAB_Mesa-Curve_03-copia-1024x768.jpg 1024w, https:\/\/www.tabula.pt\/site\/wp-content\/uploads\/2020\/09\/TAB_Mesa-Curve_03-copia-600x450.jpg 600w, https:\/\/www.tabula.pt\/site\/wp-content\/uploads\/2020\/09\/TAB_Mesa-Curve_03-copia-300x225.jpg 300w, https:\/\/www.tabula.pt\/site\/wp-content\/uploads\/2020\/09\/TAB_Mesa-Curve_03-copia-768x576.jpg 768w, https:\/\/www.tabula.pt\/site\/wp-content\/uploads\/2020\/09\/TAB_Mesa-Curve_03-copia.jpg 1500w\" sizes=\"(max-width: 1024px) 100vw, 1024px\" \/>\t\t\t\t\t\t\t\t\t\t\t<figcaption class=\"widget-image-caption wp-caption-text\">Note: Due to the colors\u00b4 variation  (wood and ceramics) as it is natural elements, the image is representative<\/figcaption>\n\t\t\t\t\t\t\t\t\t\t<\/figure>\n\t\t\t\t\t\t\t\t\t<\/div>\n\t\t\t\t<\/div>\n\t\t\t\t\t<\/div>\n\t\t<\/div>\n\t\t\t\t<div class=\"elementor-column elementor-col-50 elementor-top-column elementor-element elementor-element-027130b\" data-id=\"027130b\" data-element_type=\"column\" data-e-type=\"column\">\n\t\t\t<div class=\"elementor-widget-wrap elementor-element-populated\">\n\t\t\t\t\t\t<div class=\"elementor-element elementor-element-84b76dd elementor-widget elementor-widget-text-editor\" data-id=\"84b76dd\" data-element_type=\"widget\" data-e-type=\"widget\" data-widget_type=\"text-editor.default\">\n\t\t\t\t<div class=\"elementor-widget-container\">\n\t\t\t\t\t\t\t\t\t<p style=\"color: #3a3a3a;\">Extendable table with legs and top in wood.<\/p><p style=\"color: #3a3a3a;\"><span style=\"font-weight: bold;\">Finishes:<\/span><\/p><p style=\"color: #3a3a3a;\">Oak, Rustic oak, Walnut, Matt lacquered.\u00a0 \u00a0 \u00a0 \u00a0 \u00a0 \u00a0 \u00a0 \u00a0 \u00a0 \u00a0 \u00a0\u00a0<\/p><p style=\"color: #3a3a3a;\">* Other finishes availbale \u2013 under request<\/p><p style=\"color: #3a3a3a;\"><span style=\"font-weight: bold;\">Mesures<\/span>:<\/p><ul style=\"color: #3a3a3a;\"><li>1600 (+600) x 1050<\/li><li>1800 (+800) x 1050<\/li><li>1980 (+800) x 1050<\/li><\/ul><p style=\"color: #3a3a3a;\">* Other measures available \u2013 under request<\/p>\t\t\t\t\t\t\t\t<\/div>\n\t\t\t\t<\/div>\n\t\t\t\t\t<\/div>\n\t\t<\/div>\n\t\t\t\t\t<\/div>\n\t\t<\/section>\n\t\t\t\t<section class=\"elementor-section elementor-top-section elementor-element elementor-element-31b065e elementor-section-boxed elementor-section-height-default elementor-section-height-default\" data-id=\"31b065e\" data-element_type=\"section\" data-e-type=\"section\">\n\t\t\t\t\t\t<div class=\"elementor-container elementor-column-gap-default\">\n\t\t\t\t\t<div class=\"elementor-column elementor-col-100 elementor-top-column elementor-element elementor-element-fb24b89\" data-id=\"fb24b89\" data-element_type=\"column\" data-e-type=\"column\">\n\t\t\t<div class=\"elementor-widget-wrap elementor-element-populated\">\n\t\t\t\t\t\t<div class=\"elementor-element elementor-element-985914a elementor-widget elementor-widget-image\" data-id=\"985914a\" data-element_type=\"widget\" data-e-type=\"widget\" data-widget_type=\"image.default\">\n\t\t\t\t<div class=\"elementor-widget-container\">\n\t\t\t\t\t\t\t\t\t\t\t\t\t\t\t<img fetchpriority=\"high\" decoding=\"async\" width=\"1024\" height=\"768\" src=\"https:\/\/www.tabula.pt\/site\/wp-content\/uploads\/2020\/09\/TAB_Mesa-Curve_03-copia-1024x768.jpg\" class=\"attachment-large size-large wp-image-1483\" alt=\"\" srcset=\"https:\/\/www.tabula.pt\/site\/wp-content\/uploads\/2020\/09\/TAB_Mesa-Curve_03-copia-1024x768.jpg 1024w, https:\/\/www.tabula.pt\/site\/wp-content\/uploads\/2020\/09\/TAB_Mesa-Curve_03-copia-600x450.jpg 600w, https:\/\/www.tabula.pt\/site\/wp-content\/uploads\/2020\/09\/TAB_Mesa-Curve_03-copia-300x225.jpg 300w, https:\/\/www.tabula.pt\/site\/wp-content\/uploads\/2020\/09\/TAB_Mesa-Curve_03-copia-768x576.jpg 768w, https:\/\/www.tabula.pt\/site\/wp-content\/uploads\/2020\/09\/TAB_Mesa-Curve_03-copia.jpg 1500w\" sizes=\"(max-width: 1024px) 100vw, 1024px\" \/>\t\t\t\t\t\t\t\t\t\t\t\t\t\t\t<\/div>\n\t\t\t\t<\/div>\n\t\t\t\t\t<\/div>\n\t\t<\/div>\n\t\t\t\t\t<\/div>\n\t\t<\/section>\n\t\t\t\t<section class=\"elementor-section elementor-top-section elementor-element elementor-element-d1f49d5 elementor-section-boxed elementor-section-height-default elementor-section-height-default\" data-id=\"d1f49d5\" data-element_type=\"section\" data-e-type=\"section\">\n\t\t\t\t\t\t<div class=\"elementor-container elementor-column-gap-default\">\n\t\t\t\t\t<div class=\"elementor-column elementor-col-100 elementor-top-column elementor-element elementor-element-8fdb420\" data-id=\"8fdb420\" data-element_type=\"column\" data-e-type=\"column\">\n\t\t\t<div class=\"elementor-widget-wrap elementor-element-populated\">\n\t\t\t\t\t\t<div class=\"elementor-element elementor-element-7ed7bc4 elementor-widget elementor-widget-image\" data-id=\"7ed7bc4\" data-element_type=\"widget\" data-e-type=\"widget\" data-widget_type=\"image.default\">\n\t\t\t\t<div class=\"elementor-widget-container\">\n\t\t\t\t\t\t\t\t\t\t\t\t\t\t\t<img decoding=\"async\" width=\"1024\" height=\"1024\" src=\"https:\/\/www.tabula.pt\/site\/wp-content\/uploads\/2020\/09\/TAB_Mesa-Curve_D01_01-copia-1024x1024.jpg\" class=\"attachment-large size-large wp-image-1484\" alt=\"\" srcset=\"https:\/\/www.tabula.pt\/site\/wp-content\/uploads\/2020\/09\/TAB_Mesa-Curve_D01_01-copia-1024x1024.jpg 1024w, https:\/\/www.tabula.pt\/site\/wp-content\/uploads\/2020\/09\/TAB_Mesa-Curve_D01_01-copia-300x300.jpg 300w, https:\/\/www.tabula.pt\/site\/wp-content\/uploads\/2020\/09\/TAB_Mesa-Curve_D01_01-copia-100x100.jpg 100w, https:\/\/www.tabula.pt\/site\/wp-content\/uploads\/2020\/09\/TAB_Mesa-Curve_D01_01-copia-600x600.jpg 600w, https:\/\/www.tabula.pt\/site\/wp-content\/uploads\/2020\/09\/TAB_Mesa-Curve_D01_01-copia-150x150.jpg 150w, https:\/\/www.tabula.pt\/site\/wp-content\/uploads\/2020\/09\/TAB_Mesa-Curve_D01_01-copia-768x768.jpg 768w, https:\/\/www.tabula.pt\/site\/wp-content\/uploads\/2020\/09\/TAB_Mesa-Curve_D01_01-copia.jpg 1500w\" sizes=\"(max-width: 1024px) 100vw, 1024px\" \/>\t\t\t\t\t\t\t\t\t\t\t\t\t\t\t<\/div>\n\t\t\t\t<\/div>\n\t\t\t\t\t<\/div>\n\t\t<\/div>\n\t\t\t\t\t<\/div>\n\t\t<\/section>\n\t\t\t\t<\/div>\n\t\t","protected":false},"excerpt":{"rendered":"<p>Note: Due to the colors\u00b4 variation (wood and ceramics) as it is natural elements, the image is representative Extendable table with legs and top in wood. Finishes: Oak, Rustic oak, Walnut, Matt lacquered.\u00a0 \u00a0 \u00a0 \u00a0 \u00a0 \u00a0 \u00a0 \u00a0 \u00a0 \u00a0 \u00a0\u00a0 * Other finishes availbale \u2013 under request Mesures: 1600 (+600) x 1050 &#8230; <a title=\"Curve Table\" class=\"read-more\" href=\"https:\/\/www.tabula.pt\/site\/curve-table\/\" aria-label=\"Leia mais sobre Curve Table\">Ler mais<\/a><\/p>\n","protected":false},"author":1,"featured_media":0,"parent":0,"menu_order":0,"comment_status":"closed","ping_status":"closed","template":"","meta":{"_monsterinsights_skip_tracking":false,"_monsterinsights_sitenote_active":false,"_monsterinsights_sitenote_note":"","_monsterinsights_sitenote_category":0,"footnotes":""},"class_list":["post-1491","page","type-page","status-publish"],"yoast_head":"<!-- This site is optimized with the Yoast SEO plugin v27.1.1 - https:\/\/yoast.com\/product\/yoast-seo-wordpress\/ -->\n<title>Curve Table - T\u00e1bula furniture<\/title>\n<meta name=\"robots\" content=\"index, follow, max-snippet:-1, max-image-preview:large, max-video-preview:-1\" \/>\n<link rel=\"canonical\" href=\"https:\/\/www.tabula.pt\/site\/curve-table\/\" \/>\n<meta property=\"og:locale\" content=\"pt_PT\" \/>\n<meta property=\"og:type\" content=\"article\" \/>\n<meta property=\"og:title\" content=\"Curve Table - T\u00e1bula furniture\" \/>\n<meta property=\"og:description\" content=\"Note: Due to the colors\u00b4 variation (wood and ceramics) as it is natural elements, the image is representative Extendable table with legs and top in wood. Finishes: Oak, Rustic oak, Walnut, Matt lacquered.\u00a0 \u00a0 \u00a0 \u00a0 \u00a0 \u00a0 \u00a0 \u00a0 \u00a0 \u00a0 \u00a0\u00a0 * Other finishes availbale \u2013 under request Mesures: 1600 (+600) x 1050 ... Ler mais\" \/>\n<meta property=\"og:url\" content=\"https:\/\/www.tabula.pt\/site\/curve-table\/\" \/>\n<meta property=\"og:site_name\" content=\"T\u00e1bula furniture\" \/>\n<meta property=\"article:publisher\" content=\"https:\/\/www.facebook.com\/tabula.pt\/\" \/>\n<meta property=\"article:modified_time\" content=\"2022-03-07T18:10:46+00:00\" \/>\n<meta property=\"og:image\" content=\"https:\/\/www.tabula.pt\/site\/wp-content\/uploads\/2020\/09\/TAB_Mesa-Curve_03-copia-1024x768.jpg\" \/>\n<meta name=\"twitter:card\" content=\"summary_large_image\" \/>\n<script type=\"application\/ld+json\" class=\"yoast-schema-graph\">{\"@context\":\"https:\/\/schema.org\",\"@graph\":[{\"@type\":\"WebPage\",\"@id\":\"https:\/\/www.tabula.pt\/site\/curve-table\/\",\"url\":\"https:\/\/www.tabula.pt\/site\/curve-table\/\",\"name\":\"Curve Table - T\u00e1bula furniture\",\"isPartOf\":{\"@id\":\"https:\/\/www.tabula.pt\/site\/#website\"},\"primaryImageOfPage\":{\"@id\":\"https:\/\/www.tabula.pt\/site\/curve-table\/#primaryimage\"},\"image\":{\"@id\":\"https:\/\/www.tabula.pt\/site\/curve-table\/#primaryimage\"},\"thumbnailUrl\":\"https:\/\/www.tabula.pt\/site\/wp-content\/uploads\/2020\/09\/TAB_Mesa-Curve_03-copia-1024x768.jpg\",\"datePublished\":\"2020-09-03T10:55:28+00:00\",\"dateModified\":\"2022-03-07T18:10:46+00:00\",\"breadcrumb\":{\"@id\":\"https:\/\/www.tabula.pt\/site\/curve-table\/#breadcrumb\"},\"inLanguage\":\"pt-PT\",\"potentialAction\":[{\"@type\":\"ReadAction\",\"target\":[\"https:\/\/www.tabula.pt\/site\/curve-table\/\"]}]},{\"@type\":\"ImageObject\",\"inLanguage\":\"pt-PT\",\"@id\":\"https:\/\/www.tabula.pt\/site\/curve-table\/#primaryimage\",\"url\":\"https:\/\/www.tabula.pt\/site\/wp-content\/uploads\/2020\/09\/TAB_Mesa-Curve_03-copia.jpg\",\"contentUrl\":\"https:\/\/www.tabula.pt\/site\/wp-content\/uploads\/2020\/09\/TAB_Mesa-Curve_03-copia.jpg\",\"width\":1500,\"height\":1125},{\"@type\":\"BreadcrumbList\",\"@id\":\"https:\/\/www.tabula.pt\/site\/curve-table\/#breadcrumb\",\"itemListElement\":[{\"@type\":\"ListItem\",\"position\":1,\"name\":\"In\u00edcio\",\"item\":\"https:\/\/www.tabula.pt\/site\/\"},{\"@type\":\"ListItem\",\"position\":2,\"name\":\"Curve Table\"}]},{\"@type\":\"WebSite\",\"@id\":\"https:\/\/www.tabula.pt\/site\/#website\",\"url\":\"https:\/\/www.tabula.pt\/site\/\",\"name\":\"T\u00e1bula furniture\",\"description\":\"Mobili\u00e1rio e projetos \u00e0 medida\",\"publisher\":{\"@id\":\"https:\/\/www.tabula.pt\/site\/#organization\"},\"potentialAction\":[{\"@type\":\"SearchAction\",\"target\":{\"@type\":\"EntryPoint\",\"urlTemplate\":\"https:\/\/www.tabula.pt\/site\/?s={search_term_string}\"},\"query-input\":{\"@type\":\"PropertyValueSpecification\",\"valueRequired\":true,\"valueName\":\"search_term_string\"}}],\"inLanguage\":\"pt-PT\"},{\"@type\":\"Organization\",\"@id\":\"https:\/\/www.tabula.pt\/site\/#organization\",\"name\":\"T\u00e1bula\",\"url\":\"https:\/\/www.tabula.pt\/site\/\",\"logo\":{\"@type\":\"ImageObject\",\"inLanguage\":\"pt-PT\",\"@id\":\"https:\/\/www.tabula.pt\/site\/#\/schema\/logo\/image\/\",\"url\":\"https:\/\/www.tabula.pt\/site\/wp-content\/uploads\/2019\/12\/t\u00e1bula-logo_peq_fb-e1576075812445.png\",\"contentUrl\":\"https:\/\/www.tabula.pt\/site\/wp-content\/uploads\/2019\/12\/t\u00e1bula-logo_peq_fb-e1576075812445.png\",\"width\":100,\"height\":73,\"caption\":\"T\u00e1bula\"},\"image\":{\"@id\":\"https:\/\/www.tabula.pt\/site\/#\/schema\/logo\/image\/\"},\"sameAs\":[\"https:\/\/www.facebook.com\/tabula.pt\/\",\"https:\/\/www.instagram.com\/tabula_furniture\/\"]}]}<\/script>\n<!-- \/ Yoast SEO plugin. -->","yoast_head_json":{"title":"Curve Table - T\u00e1bula furniture","robots":{"index":"index","follow":"follow","max-snippet":"max-snippet:-1","max-image-preview":"max-image-preview:large","max-video-preview":"max-video-preview:-1"},"canonical":"https:\/\/www.tabula.pt\/site\/curve-table\/","og_locale":"pt_PT","og_type":"article","og_title":"Curve Table - T\u00e1bula furniture","og_description":"Note: Due to the colors\u00b4 variation (wood and ceramics) as it is natural elements, the image is representative Extendable table with legs and top in wood. Finishes: Oak, Rustic oak, Walnut, Matt lacquered.\u00a0 \u00a0 \u00a0 \u00a0 \u00a0 \u00a0 \u00a0 \u00a0 \u00a0 \u00a0 \u00a0\u00a0 * Other finishes availbale \u2013 under request Mesures: 1600 (+600) x 1050 ... Ler mais","og_url":"https:\/\/www.tabula.pt\/site\/curve-table\/","og_site_name":"T\u00e1bula furniture","article_publisher":"https:\/\/www.facebook.com\/tabula.pt\/","article_modified_time":"2022-03-07T18:10:46+00:00","og_image":[{"url":"https:\/\/www.tabula.pt\/site\/wp-content\/uploads\/2020\/09\/TAB_Mesa-Curve_03-copia-1024x768.jpg","type":"","width":"","height":""}],"twitter_card":"summary_large_image","schema":{"@context":"https:\/\/schema.org","@graph":[{"@type":"WebPage","@id":"https:\/\/www.tabula.pt\/site\/curve-table\/","url":"https:\/\/www.tabula.pt\/site\/curve-table\/","name":"Curve Table - T\u00e1bula furniture","isPartOf":{"@id":"https:\/\/www.tabula.pt\/site\/#website"},"primaryImageOfPage":{"@id":"https:\/\/www.tabula.pt\/site\/curve-table\/#primaryimage"},"image":{"@id":"https:\/\/www.tabula.pt\/site\/curve-table\/#primaryimage"},"thumbnailUrl":"https:\/\/www.tabula.pt\/site\/wp-content\/uploads\/2020\/09\/TAB_Mesa-Curve_03-copia-1024x768.jpg","datePublished":"2020-09-03T10:55:28+00:00","dateModified":"2022-03-07T18:10:46+00:00","breadcrumb":{"@id":"https:\/\/www.tabula.pt\/site\/curve-table\/#breadcrumb"},"inLanguage":"pt-PT","potentialAction":[{"@type":"ReadAction","target":["https:\/\/www.tabula.pt\/site\/curve-table\/"]}]},{"@type":"ImageObject","inLanguage":"pt-PT","@id":"https:\/\/www.tabula.pt\/site\/curve-table\/#primaryimage","url":"https:\/\/www.tabula.pt\/site\/wp-content\/uploads\/2020\/09\/TAB_Mesa-Curve_03-copia.jpg","contentUrl":"https:\/\/www.tabula.pt\/site\/wp-content\/uploads\/2020\/09\/TAB_Mesa-Curve_03-copia.jpg","width":1500,"height":1125},{"@type":"BreadcrumbList","@id":"https:\/\/www.tabula.pt\/site\/curve-table\/#breadcrumb","itemListElement":[{"@type":"ListItem","position":1,"name":"In\u00edcio","item":"https:\/\/www.tabula.pt\/site\/"},{"@type":"ListItem","position":2,"name":"Curve Table"}]},{"@type":"WebSite","@id":"https:\/\/www.tabula.pt\/site\/#website","url":"https:\/\/www.tabula.pt\/site\/","name":"T\u00e1bula furniture","description":"Mobili\u00e1rio e projetos \u00e0 medida","publisher":{"@id":"https:\/\/www.tabula.pt\/site\/#organization"},"potentialAction":[{"@type":"SearchAction","target":{"@type":"EntryPoint","urlTemplate":"https:\/\/www.tabula.pt\/site\/?s={search_term_string}"},"query-input":{"@type":"PropertyValueSpecification","valueRequired":true,"valueName":"search_term_string"}}],"inLanguage":"pt-PT"},{"@type":"Organization","@id":"https:\/\/www.tabula.pt\/site\/#organization","name":"T\u00e1bula","url":"https:\/\/www.tabula.pt\/site\/","logo":{"@type":"ImageObject","inLanguage":"pt-PT","@id":"https:\/\/www.tabula.pt\/site\/#\/schema\/logo\/image\/","url":"https:\/\/www.tabula.pt\/site\/wp-content\/uploads\/2019\/12\/t\u00e1bula-logo_peq_fb-e1576075812445.png","contentUrl":"https:\/\/www.tabula.pt\/site\/wp-content\/uploads\/2019\/12\/t\u00e1bula-logo_peq_fb-e1576075812445.png","width":100,"height":73,"caption":"T\u00e1bula"},"image":{"@id":"https:\/\/www.tabula.pt\/site\/#\/schema\/logo\/image\/"},"sameAs":["https:\/\/www.facebook.com\/tabula.pt\/","https:\/\/www.instagram.com\/tabula_furniture\/"]}]}},"_links":{"self":[{"href":"https:\/\/www.tabula.pt\/site\/wp-json\/wp\/v2\/pages\/1491","targetHints":{"allow":["GET"]}}],"collection":[{"href":"https:\/\/www.tabula.pt\/site\/wp-json\/wp\/v2\/pages"}],"about":[{"href":"https:\/\/www.tabula.pt\/site\/wp-json\/wp\/v2\/types\/page"}],"author":[{"embeddable":true,"href":"https:\/\/www.tabula.pt\/site\/wp-json\/wp\/v2\/users\/1"}],"replies":[{"embeddable":true,"href":"https:\/\/www.tabula.pt\/site\/wp-json\/wp\/v2\/comments?post=1491"}],"version-history":[{"count":5,"href":"https:\/\/www.tabula.pt\/site\/wp-json\/wp\/v2\/pages\/1491\/revisions"}],"predecessor-version":[{"id":2296,"href":"https:\/\/www.tabula.pt\/site\/wp-json\/wp\/v2\/pages\/1491\/revisions\/2296"}],"wp:attachment":[{"href":"https:\/\/www.tabula.pt\/site\/wp-json\/wp\/v2\/media?parent=1491"}],"curies":[{"name":"wp","href":"https:\/\/api.w.org\/{rel}","templated":true}]}}