{"id":1514,"date":"2020-09-03T11:20:19","date_gmt":"2020-09-03T11:20:19","guid":{"rendered":"https:\/\/www.tabula.pt\/site\/?page_id=1514"},"modified":"2022-03-07T18:11:48","modified_gmt":"2022-03-07T18:11:48","slug":"bia-2","status":"publish","type":"page","link":"https:\/\/www.tabula.pt\/site\/bia-2\/","title":{"rendered":"Bia"},"content":{"rendered":"\t\t<div data-elementor-type=\"wp-page\" data-elementor-id=\"1514\" class=\"elementor elementor-1514\" data-elementor-post-type=\"page\">\n\t\t\t\t\t\t<section class=\"elementor-section elementor-top-section elementor-element elementor-element-3261894 elementor-section-boxed elementor-section-height-default elementor-section-height-default\" data-id=\"3261894\" data-element_type=\"section\" data-e-type=\"section\">\n\t\t\t\t\t\t<div class=\"elementor-container elementor-column-gap-default\">\n\t\t\t\t\t<div class=\"elementor-column elementor-col-50 elementor-top-column elementor-element elementor-element-e86a7ed\" data-id=\"e86a7ed\" data-element_type=\"column\" data-e-type=\"column\">\n\t\t\t<div class=\"elementor-widget-wrap elementor-element-populated\">\n\t\t\t\t\t\t<div class=\"elementor-element elementor-element-5dd2b28 elementor-widget elementor-widget-image\" data-id=\"5dd2b28\" data-element_type=\"widget\" data-e-type=\"widget\" data-widget_type=\"image.default\">\n\t\t\t\t<div class=\"elementor-widget-container\">\n\t\t\t\t\t\t\t\t\t\t\t\t<figure class=\"wp-caption\">\n\t\t\t\t\t\t\t\t\t\t<img fetchpriority=\"high\" decoding=\"async\" width=\"1024\" height=\"1024\" src=\"https:\/\/www.tabula.pt\/site\/wp-content\/uploads\/2021\/02\/TAB_Mesa-Bia_D01_Easy-Resize.com_-1-1024x1024.jpg\" class=\"attachment-large size-large wp-image-1617\" alt=\"\" srcset=\"https:\/\/www.tabula.pt\/site\/wp-content\/uploads\/2021\/02\/TAB_Mesa-Bia_D01_Easy-Resize.com_-1-1024x1024.jpg 1024w, https:\/\/www.tabula.pt\/site\/wp-content\/uploads\/2021\/02\/TAB_Mesa-Bia_D01_Easy-Resize.com_-1-300x300.jpg 300w, https:\/\/www.tabula.pt\/site\/wp-content\/uploads\/2021\/02\/TAB_Mesa-Bia_D01_Easy-Resize.com_-1-100x100.jpg 100w, https:\/\/www.tabula.pt\/site\/wp-content\/uploads\/2021\/02\/TAB_Mesa-Bia_D01_Easy-Resize.com_-1-600x600.jpg 600w, https:\/\/www.tabula.pt\/site\/wp-content\/uploads\/2021\/02\/TAB_Mesa-Bia_D01_Easy-Resize.com_-1-150x150.jpg 150w, https:\/\/www.tabula.pt\/site\/wp-content\/uploads\/2021\/02\/TAB_Mesa-Bia_D01_Easy-Resize.com_-1-768x768.jpg 768w, https:\/\/www.tabula.pt\/site\/wp-content\/uploads\/2021\/02\/TAB_Mesa-Bia_D01_Easy-Resize.com_-1.jpg 1280w\" sizes=\"(max-width: 1024px) 100vw, 1024px\" \/>\t\t\t\t\t\t\t\t\t\t\t<figcaption class=\"widget-image-caption wp-caption-text\">Note: Due to the colors\u00b4 variation  (wood and ceramics) as it is natural elements, the image is representative<\/figcaption>\n\t\t\t\t\t\t\t\t\t\t<\/figure>\n\t\t\t\t\t\t\t\t\t<\/div>\n\t\t\t\t<\/div>\n\t\t\t\t\t<\/div>\n\t\t<\/div>\n\t\t\t\t<div class=\"elementor-column elementor-col-50 elementor-top-column elementor-element elementor-element-f7c6585\" data-id=\"f7c6585\" data-element_type=\"column\" data-e-type=\"column\">\n\t\t\t<div class=\"elementor-widget-wrap elementor-element-populated\">\n\t\t\t\t\t\t<div class=\"elementor-element elementor-element-c321630 elementor-widget elementor-widget-text-editor\" data-id=\"c321630\" data-element_type=\"widget\" data-e-type=\"widget\" data-widget_type=\"text-editor.default\">\n\t\t\t\t<div class=\"elementor-widget-container\">\n\t\t\t\t\t\t\t\t\t<p style=\"color: #3a3a3a;\">Extendable table with leg and top in wood.<\/p><p style=\"color: #3a3a3a;\"><span style=\"font-weight: bold;\">Finishes:<\/span><\/p><p style=\"color: #3a3a3a;\">Oak, Walnut, Matt lacquered.\u00a0 \u00a0 \u00a0 \u00a0 \u00a0 \u00a0 \u00a0 \u00a0 \u00a0 \u00a0 \u00a0\u00a0<\/p><p style=\"color: #3a3a3a;\">* Other finishes availbale \u2013 under request<\/p><p style=\"color: #3a3a3a;\"><span style=\"font-weight: bold;\">Mesures<\/span>:<\/p><ul style=\"color: #3a3a3a;\"><li>\u00d81200 (+600)\u00a0<\/li><li>\u00d81300 (+600)\u00a0<\/li><\/ul><p style=\"color: #3a3a3a;\">* Other measures available \u2013 under request<\/p><p style=\"color: #3a3a3a; font-family: 'Open Sans', sans-serif;\">\u00a0<\/p>\t\t\t\t\t\t\t\t<\/div>\n\t\t\t\t<\/div>\n\t\t\t\t\t<\/div>\n\t\t<\/div>\n\t\t\t\t\t<\/div>\n\t\t<\/section>\n\t\t\t\t<section class=\"elementor-section elementor-top-section elementor-element elementor-element-c59b8bd elementor-section-boxed elementor-section-height-default elementor-section-height-default\" data-id=\"c59b8bd\" data-element_type=\"section\" data-e-type=\"section\">\n\t\t\t\t\t\t<div class=\"elementor-container elementor-column-gap-default\">\n\t\t\t\t\t<div class=\"elementor-column elementor-col-100 elementor-top-column elementor-element elementor-element-a7e0574\" data-id=\"a7e0574\" data-element_type=\"column\" data-e-type=\"column\">\n\t\t\t<div class=\"elementor-widget-wrap elementor-element-populated\">\n\t\t\t\t\t\t<div class=\"elementor-element elementor-element-63d1480 elementor-widget elementor-widget-image\" data-id=\"63d1480\" data-element_type=\"widget\" data-e-type=\"widget\" data-widget_type=\"image.default\">\n\t\t\t\t<div class=\"elementor-widget-container\">\n\t\t\t\t\t\t\t\t\t\t\t\t\t\t\t<img decoding=\"async\" width=\"1024\" height=\"597\" src=\"https:\/\/www.tabula.pt\/site\/wp-content\/uploads\/2020\/06\/TAB_Mesa-Bia_03-copia-1024x597.jpg\" class=\"attachment-large size-large wp-image-1217\" alt=\"\" srcset=\"https:\/\/www.tabula.pt\/site\/wp-content\/uploads\/2020\/06\/TAB_Mesa-Bia_03-copia-1024x597.jpg 1024w, https:\/\/www.tabula.pt\/site\/wp-content\/uploads\/2020\/06\/TAB_Mesa-Bia_03-copia-600x350.jpg 600w, https:\/\/www.tabula.pt\/site\/wp-content\/uploads\/2020\/06\/TAB_Mesa-Bia_03-copia-300x175.jpg 300w, https:\/\/www.tabula.pt\/site\/wp-content\/uploads\/2020\/06\/TAB_Mesa-Bia_03-copia-768x448.jpg 768w, https:\/\/www.tabula.pt\/site\/wp-content\/uploads\/2020\/06\/TAB_Mesa-Bia_03-copia.jpg 1500w\" sizes=\"(max-width: 1024px) 100vw, 1024px\" \/>\t\t\t\t\t\t\t\t\t\t\t\t\t\t\t<\/div>\n\t\t\t\t<\/div>\n\t\t\t\t\t<\/div>\n\t\t<\/div>\n\t\t\t\t\t<\/div>\n\t\t<\/section>\n\t\t\t\t<section class=\"elementor-section elementor-top-section elementor-element elementor-element-8cf27ae elementor-section-boxed elementor-section-height-default elementor-section-height-default\" data-id=\"8cf27ae\" data-element_type=\"section\" data-e-type=\"section\">\n\t\t\t\t\t\t<div class=\"elementor-container elementor-column-gap-default\">\n\t\t\t\t\t<div class=\"elementor-column elementor-col-100 elementor-top-column elementor-element elementor-element-5c39bf9\" data-id=\"5c39bf9\" data-element_type=\"column\" data-e-type=\"column\">\n\t\t\t<div class=\"elementor-widget-wrap elementor-element-populated\">\n\t\t\t\t\t\t<div class=\"elementor-element elementor-element-879caea elementor-widget elementor-widget-image\" data-id=\"879caea\" data-element_type=\"widget\" data-e-type=\"widget\" data-widget_type=\"image.default\">\n\t\t\t\t<div class=\"elementor-widget-container\">\n\t\t\t\t\t\t\t\t\t\t\t\t\t\t\t<img decoding=\"async\" width=\"1024\" height=\"768\" src=\"https:\/\/www.tabula.pt\/site\/wp-content\/uploads\/2020\/09\/BIA-Valencia-1024x768.jpg\" class=\"attachment-large size-large wp-image-1509\" alt=\"\" srcset=\"https:\/\/www.tabula.pt\/site\/wp-content\/uploads\/2020\/09\/BIA-Valencia-1024x768.jpg 1024w, https:\/\/www.tabula.pt\/site\/wp-content\/uploads\/2020\/09\/BIA-Valencia-600x450.jpg 600w, https:\/\/www.tabula.pt\/site\/wp-content\/uploads\/2020\/09\/BIA-Valencia-300x225.jpg 300w, https:\/\/www.tabula.pt\/site\/wp-content\/uploads\/2020\/09\/BIA-Valencia-768x576.jpg 768w\" sizes=\"(max-width: 1024px) 100vw, 1024px\" \/>\t\t\t\t\t\t\t\t\t\t\t\t\t\t\t<\/div>\n\t\t\t\t<\/div>\n\t\t\t\t\t<\/div>\n\t\t<\/div>\n\t\t\t\t\t<\/div>\n\t\t<\/section>\n\t\t\t\t<\/div>\n\t\t","protected":false},"excerpt":{"rendered":"<p>Note: Due to the colors\u00b4 variation (wood and ceramics) as it is natural elements, the image is representative Extendable table with leg and top in wood. Finishes: Oak, Walnut, Matt lacquered.\u00a0 \u00a0 \u00a0 \u00a0 \u00a0 \u00a0 \u00a0 \u00a0 \u00a0 \u00a0 \u00a0\u00a0 * Other finishes availbale \u2013 under request Mesures: \u00d81200 (+600)\u00a0 \u00d81300 (+600)\u00a0 * Other &#8230; <a title=\"Bia\" class=\"read-more\" href=\"https:\/\/www.tabula.pt\/site\/bia-2\/\" aria-label=\"Leia mais sobre Bia\">Ler mais<\/a><\/p>\n","protected":false},"author":1,"featured_media":0,"parent":0,"menu_order":0,"comment_status":"closed","ping_status":"closed","template":"","meta":{"_monsterinsights_skip_tracking":false,"_monsterinsights_sitenote_active":false,"_monsterinsights_sitenote_note":"","_monsterinsights_sitenote_category":0,"footnotes":""},"class_list":["post-1514","page","type-page","status-publish"],"yoast_head":"<!-- This site is optimized with the Yoast SEO plugin v27.1.1 - https:\/\/yoast.com\/product\/yoast-seo-wordpress\/ -->\n<title>Bia - T\u00e1bula furniture<\/title>\n<meta name=\"robots\" content=\"index, follow, max-snippet:-1, max-image-preview:large, max-video-preview:-1\" \/>\n<link rel=\"canonical\" href=\"https:\/\/www.tabula.pt\/site\/bia-2\/\" \/>\n<meta property=\"og:locale\" content=\"pt_PT\" \/>\n<meta property=\"og:type\" content=\"article\" \/>\n<meta property=\"og:title\" content=\"Bia - T\u00e1bula furniture\" \/>\n<meta property=\"og:description\" content=\"Note: Due to the colors\u00b4 variation (wood and ceramics) as it is natural elements, the image is representative Extendable table with leg and top in wood. Finishes: Oak, Walnut, Matt lacquered.\u00a0 \u00a0 \u00a0 \u00a0 \u00a0 \u00a0 \u00a0 \u00a0 \u00a0 \u00a0 \u00a0\u00a0 * Other finishes availbale \u2013 under request Mesures: \u00d81200 (+600)\u00a0 \u00d81300 (+600)\u00a0 * Other ... Ler mais\" \/>\n<meta property=\"og:url\" content=\"https:\/\/www.tabula.pt\/site\/bia-2\/\" \/>\n<meta property=\"og:site_name\" content=\"T\u00e1bula furniture\" \/>\n<meta property=\"article:publisher\" content=\"https:\/\/www.facebook.com\/tabula.pt\/\" \/>\n<meta property=\"article:modified_time\" content=\"2022-03-07T18:11:48+00:00\" \/>\n<meta property=\"og:image\" content=\"https:\/\/www.tabula.pt\/site\/wp-content\/uploads\/2021\/02\/TAB_Mesa-Bia_D01_Easy-Resize.com_-1-1024x1024.jpg\" \/>\n<meta name=\"twitter:card\" content=\"summary_large_image\" \/>\n<script type=\"application\/ld+json\" class=\"yoast-schema-graph\">{\"@context\":\"https:\/\/schema.org\",\"@graph\":[{\"@type\":\"WebPage\",\"@id\":\"https:\/\/www.tabula.pt\/site\/bia-2\/\",\"url\":\"https:\/\/www.tabula.pt\/site\/bia-2\/\",\"name\":\"Bia - T\u00e1bula furniture\",\"isPartOf\":{\"@id\":\"https:\/\/www.tabula.pt\/site\/#website\"},\"primaryImageOfPage\":{\"@id\":\"https:\/\/www.tabula.pt\/site\/bia-2\/#primaryimage\"},\"image\":{\"@id\":\"https:\/\/www.tabula.pt\/site\/bia-2\/#primaryimage\"},\"thumbnailUrl\":\"https:\/\/www.tabula.pt\/site\/wp-content\/uploads\/2021\/02\/TAB_Mesa-Bia_D01_Easy-Resize.com_-1-1024x1024.jpg\",\"datePublished\":\"2020-09-03T11:20:19+00:00\",\"dateModified\":\"2022-03-07T18:11:48+00:00\",\"breadcrumb\":{\"@id\":\"https:\/\/www.tabula.pt\/site\/bia-2\/#breadcrumb\"},\"inLanguage\":\"pt-PT\",\"potentialAction\":[{\"@type\":\"ReadAction\",\"target\":[\"https:\/\/www.tabula.pt\/site\/bia-2\/\"]}]},{\"@type\":\"ImageObject\",\"inLanguage\":\"pt-PT\",\"@id\":\"https:\/\/www.tabula.pt\/site\/bia-2\/#primaryimage\",\"url\":\"https:\/\/www.tabula.pt\/site\/wp-content\/uploads\/2021\/02\/TAB_Mesa-Bia_D01_Easy-Resize.com_-1.jpg\",\"contentUrl\":\"https:\/\/www.tabula.pt\/site\/wp-content\/uploads\/2021\/02\/TAB_Mesa-Bia_D01_Easy-Resize.com_-1.jpg\",\"width\":1280,\"height\":1280},{\"@type\":\"BreadcrumbList\",\"@id\":\"https:\/\/www.tabula.pt\/site\/bia-2\/#breadcrumb\",\"itemListElement\":[{\"@type\":\"ListItem\",\"position\":1,\"name\":\"In\u00edcio\",\"item\":\"https:\/\/www.tabula.pt\/site\/\"},{\"@type\":\"ListItem\",\"position\":2,\"name\":\"Bia\"}]},{\"@type\":\"WebSite\",\"@id\":\"https:\/\/www.tabula.pt\/site\/#website\",\"url\":\"https:\/\/www.tabula.pt\/site\/\",\"name\":\"T\u00e1bula furniture\",\"description\":\"Mobili\u00e1rio e projetos \u00e0 medida\",\"publisher\":{\"@id\":\"https:\/\/www.tabula.pt\/site\/#organization\"},\"potentialAction\":[{\"@type\":\"SearchAction\",\"target\":{\"@type\":\"EntryPoint\",\"urlTemplate\":\"https:\/\/www.tabula.pt\/site\/?s={search_term_string}\"},\"query-input\":{\"@type\":\"PropertyValueSpecification\",\"valueRequired\":true,\"valueName\":\"search_term_string\"}}],\"inLanguage\":\"pt-PT\"},{\"@type\":\"Organization\",\"@id\":\"https:\/\/www.tabula.pt\/site\/#organization\",\"name\":\"T\u00e1bula\",\"url\":\"https:\/\/www.tabula.pt\/site\/\",\"logo\":{\"@type\":\"ImageObject\",\"inLanguage\":\"pt-PT\",\"@id\":\"https:\/\/www.tabula.pt\/site\/#\/schema\/logo\/image\/\",\"url\":\"https:\/\/www.tabula.pt\/site\/wp-content\/uploads\/2019\/12\/t\u00e1bula-logo_peq_fb-e1576075812445.png\",\"contentUrl\":\"https:\/\/www.tabula.pt\/site\/wp-content\/uploads\/2019\/12\/t\u00e1bula-logo_peq_fb-e1576075812445.png\",\"width\":100,\"height\":73,\"caption\":\"T\u00e1bula\"},\"image\":{\"@id\":\"https:\/\/www.tabula.pt\/site\/#\/schema\/logo\/image\/\"},\"sameAs\":[\"https:\/\/www.facebook.com\/tabula.pt\/\",\"https:\/\/www.instagram.com\/tabula_furniture\/\"]}]}<\/script>\n<!-- \/ Yoast SEO plugin. -->","yoast_head_json":{"title":"Bia - T\u00e1bula furniture","robots":{"index":"index","follow":"follow","max-snippet":"max-snippet:-1","max-image-preview":"max-image-preview:large","max-video-preview":"max-video-preview:-1"},"canonical":"https:\/\/www.tabula.pt\/site\/bia-2\/","og_locale":"pt_PT","og_type":"article","og_title":"Bia - T\u00e1bula furniture","og_description":"Note: Due to the colors\u00b4 variation (wood and ceramics) as it is natural elements, the image is representative Extendable table with leg and top in wood. Finishes: Oak, Walnut, Matt lacquered.\u00a0 \u00a0 \u00a0 \u00a0 \u00a0 \u00a0 \u00a0 \u00a0 \u00a0 \u00a0 \u00a0\u00a0 * Other finishes availbale \u2013 under request Mesures: \u00d81200 (+600)\u00a0 \u00d81300 (+600)\u00a0 * Other ... Ler mais","og_url":"https:\/\/www.tabula.pt\/site\/bia-2\/","og_site_name":"T\u00e1bula furniture","article_publisher":"https:\/\/www.facebook.com\/tabula.pt\/","article_modified_time":"2022-03-07T18:11:48+00:00","og_image":[{"url":"https:\/\/www.tabula.pt\/site\/wp-content\/uploads\/2021\/02\/TAB_Mesa-Bia_D01_Easy-Resize.com_-1-1024x1024.jpg","type":"","width":"","height":""}],"twitter_card":"summary_large_image","schema":{"@context":"https:\/\/schema.org","@graph":[{"@type":"WebPage","@id":"https:\/\/www.tabula.pt\/site\/bia-2\/","url":"https:\/\/www.tabula.pt\/site\/bia-2\/","name":"Bia - T\u00e1bula furniture","isPartOf":{"@id":"https:\/\/www.tabula.pt\/site\/#website"},"primaryImageOfPage":{"@id":"https:\/\/www.tabula.pt\/site\/bia-2\/#primaryimage"},"image":{"@id":"https:\/\/www.tabula.pt\/site\/bia-2\/#primaryimage"},"thumbnailUrl":"https:\/\/www.tabula.pt\/site\/wp-content\/uploads\/2021\/02\/TAB_Mesa-Bia_D01_Easy-Resize.com_-1-1024x1024.jpg","datePublished":"2020-09-03T11:20:19+00:00","dateModified":"2022-03-07T18:11:48+00:00","breadcrumb":{"@id":"https:\/\/www.tabula.pt\/site\/bia-2\/#breadcrumb"},"inLanguage":"pt-PT","potentialAction":[{"@type":"ReadAction","target":["https:\/\/www.tabula.pt\/site\/bia-2\/"]}]},{"@type":"ImageObject","inLanguage":"pt-PT","@id":"https:\/\/www.tabula.pt\/site\/bia-2\/#primaryimage","url":"https:\/\/www.tabula.pt\/site\/wp-content\/uploads\/2021\/02\/TAB_Mesa-Bia_D01_Easy-Resize.com_-1.jpg","contentUrl":"https:\/\/www.tabula.pt\/site\/wp-content\/uploads\/2021\/02\/TAB_Mesa-Bia_D01_Easy-Resize.com_-1.jpg","width":1280,"height":1280},{"@type":"BreadcrumbList","@id":"https:\/\/www.tabula.pt\/site\/bia-2\/#breadcrumb","itemListElement":[{"@type":"ListItem","position":1,"name":"In\u00edcio","item":"https:\/\/www.tabula.pt\/site\/"},{"@type":"ListItem","position":2,"name":"Bia"}]},{"@type":"WebSite","@id":"https:\/\/www.tabula.pt\/site\/#website","url":"https:\/\/www.tabula.pt\/site\/","name":"T\u00e1bula furniture","description":"Mobili\u00e1rio e projetos \u00e0 medida","publisher":{"@id":"https:\/\/www.tabula.pt\/site\/#organization"},"potentialAction":[{"@type":"SearchAction","target":{"@type":"EntryPoint","urlTemplate":"https:\/\/www.tabula.pt\/site\/?s={search_term_string}"},"query-input":{"@type":"PropertyValueSpecification","valueRequired":true,"valueName":"search_term_string"}}],"inLanguage":"pt-PT"},{"@type":"Organization","@id":"https:\/\/www.tabula.pt\/site\/#organization","name":"T\u00e1bula","url":"https:\/\/www.tabula.pt\/site\/","logo":{"@type":"ImageObject","inLanguage":"pt-PT","@id":"https:\/\/www.tabula.pt\/site\/#\/schema\/logo\/image\/","url":"https:\/\/www.tabula.pt\/site\/wp-content\/uploads\/2019\/12\/t\u00e1bula-logo_peq_fb-e1576075812445.png","contentUrl":"https:\/\/www.tabula.pt\/site\/wp-content\/uploads\/2019\/12\/t\u00e1bula-logo_peq_fb-e1576075812445.png","width":100,"height":73,"caption":"T\u00e1bula"},"image":{"@id":"https:\/\/www.tabula.pt\/site\/#\/schema\/logo\/image\/"},"sameAs":["https:\/\/www.facebook.com\/tabula.pt\/","https:\/\/www.instagram.com\/tabula_furniture\/"]}]}},"_links":{"self":[{"href":"https:\/\/www.tabula.pt\/site\/wp-json\/wp\/v2\/pages\/1514","targetHints":{"allow":["GET"]}}],"collection":[{"href":"https:\/\/www.tabula.pt\/site\/wp-json\/wp\/v2\/pages"}],"about":[{"href":"https:\/\/www.tabula.pt\/site\/wp-json\/wp\/v2\/types\/page"}],"author":[{"embeddable":true,"href":"https:\/\/www.tabula.pt\/site\/wp-json\/wp\/v2\/users\/1"}],"replies":[{"embeddable":true,"href":"https:\/\/www.tabula.pt\/site\/wp-json\/wp\/v2\/comments?post=1514"}],"version-history":[{"count":6,"href":"https:\/\/www.tabula.pt\/site\/wp-json\/wp\/v2\/pages\/1514\/revisions"}],"predecessor-version":[{"id":2298,"href":"https:\/\/www.tabula.pt\/site\/wp-json\/wp\/v2\/pages\/1514\/revisions\/2298"}],"wp:attachment":[{"href":"https:\/\/www.tabula.pt\/site\/wp-json\/wp\/v2\/media?parent=1514"}],"curies":[{"name":"wp","href":"https:\/\/api.w.org\/{rel}","templated":true}]}}