{"id":1549,"date":"2020-10-28T15:29:52","date_gmt":"2020-10-28T15:29:52","guid":{"rendered":"https:\/\/www.tabula.pt\/site\/?page_id=1549"},"modified":"2022-03-07T18:12:33","modified_gmt":"2022-03-07T18:12:33","slug":"round-2","status":"publish","type":"page","link":"https:\/\/www.tabula.pt\/site\/round-2\/","title":{"rendered":"Round"},"content":{"rendered":"\t\t<div data-elementor-type=\"wp-page\" data-elementor-id=\"1549\" class=\"elementor elementor-1549\" data-elementor-post-type=\"page\">\n\t\t\t\t\t\t<section class=\"elementor-section elementor-top-section elementor-element elementor-element-c58e39e elementor-section-boxed elementor-section-height-default elementor-section-height-default\" data-id=\"c58e39e\" data-element_type=\"section\" data-e-type=\"section\">\n\t\t\t\t\t\t<div class=\"elementor-container elementor-column-gap-default\">\n\t\t\t\t\t<div class=\"elementor-column elementor-col-50 elementor-top-column elementor-element elementor-element-b89c37a\" data-id=\"b89c37a\" data-element_type=\"column\" data-e-type=\"column\">\n\t\t\t<div class=\"elementor-widget-wrap elementor-element-populated\">\n\t\t\t\t\t\t<div class=\"elementor-element elementor-element-ae0efe0 elementor-widget elementor-widget-image\" data-id=\"ae0efe0\" data-element_type=\"widget\" data-e-type=\"widget\" data-widget_type=\"image.default\">\n\t\t\t\t<div class=\"elementor-widget-container\">\n\t\t\t\t\t\t\t\t\t\t\t\t<figure class=\"wp-caption\">\n\t\t\t\t\t\t\t\t\t\t<img fetchpriority=\"high\" decoding=\"async\" width=\"1024\" height=\"768\" src=\"https:\/\/www.tabula.pt\/site\/wp-content\/uploads\/2021\/02\/TAB_CL_Mesa-Round_D01-1-1024x768.jpg\" class=\"attachment-large size-large wp-image-1627\" alt=\"\" srcset=\"https:\/\/www.tabula.pt\/site\/wp-content\/uploads\/2021\/02\/TAB_CL_Mesa-Round_D01-1-1024x768.jpg 1024w, https:\/\/www.tabula.pt\/site\/wp-content\/uploads\/2021\/02\/TAB_CL_Mesa-Round_D01-1-600x450.jpg 600w, https:\/\/www.tabula.pt\/site\/wp-content\/uploads\/2021\/02\/TAB_CL_Mesa-Round_D01-1-300x225.jpg 300w, https:\/\/www.tabula.pt\/site\/wp-content\/uploads\/2021\/02\/TAB_CL_Mesa-Round_D01-1-768x576.jpg 768w\" sizes=\"(max-width: 1024px) 100vw, 1024px\" \/>\t\t\t\t\t\t\t\t\t\t\t<figcaption class=\"widget-image-caption wp-caption-text\">Note: Due to the colors\u00b4 variation (wood and ceramics) as it is natural elements, the image is representative<\/figcaption>\n\t\t\t\t\t\t\t\t\t\t<\/figure>\n\t\t\t\t\t\t\t\t\t<\/div>\n\t\t\t\t<\/div>\n\t\t\t\t\t<\/div>\n\t\t<\/div>\n\t\t\t\t<div class=\"elementor-column elementor-col-50 elementor-top-column elementor-element elementor-element-176a8cd\" data-id=\"176a8cd\" data-element_type=\"column\" data-e-type=\"column\">\n\t\t\t<div class=\"elementor-widget-wrap elementor-element-populated\">\n\t\t\t\t\t\t<div class=\"elementor-element elementor-element-b3f932b elementor-widget elementor-widget-text-editor\" data-id=\"b3f932b\" data-element_type=\"widget\" data-e-type=\"widget\" data-widget_type=\"text-editor.default\">\n\t\t\t\t<div class=\"elementor-widget-container\">\n\t\t\t\t\t\t\t\t\t<p>Extendable table with legs and top in wood.<\/p><p><b>Finishes:<\/b><\/p><p>Oak, Rustic oak, Walnut, Matt lacquered.\u00a0 \u00a0 \u00a0 \u00a0 \u00a0 \u00a0 \u00a0 \u00a0 \u00a0 \u00a0 \u00a0\u00a0<\/p><p>* Other finishes availbale \u2013 under request<\/p><p><b>Mesures:<\/b><\/p><p>\u00d81200 mm (+600)<\/p><p>\u00d81300 mm (+600)<\/p><p>** Othe measures available &#8211; under request<\/p>\t\t\t\t\t\t\t\t<\/div>\n\t\t\t\t<\/div>\n\t\t\t\t\t<\/div>\n\t\t<\/div>\n\t\t\t\t\t<\/div>\n\t\t<\/section>\n\t\t\t\t<section class=\"elementor-section elementor-top-section elementor-element elementor-element-24829a8 elementor-section-boxed elementor-section-height-default elementor-section-height-default\" data-id=\"24829a8\" data-element_type=\"section\" data-e-type=\"section\">\n\t\t\t\t\t\t<div class=\"elementor-container elementor-column-gap-default\">\n\t\t\t\t\t<div class=\"elementor-column elementor-col-100 elementor-top-column elementor-element elementor-element-0c01eaa\" data-id=\"0c01eaa\" data-element_type=\"column\" data-e-type=\"column\">\n\t\t\t<div class=\"elementor-widget-wrap elementor-element-populated\">\n\t\t\t\t\t\t<div class=\"elementor-element elementor-element-255c081 elementor-widget elementor-widget-image\" data-id=\"255c081\" data-element_type=\"widget\" data-e-type=\"widget\" data-widget_type=\"image.default\">\n\t\t\t\t<div class=\"elementor-widget-container\">\n\t\t\t\t\t\t\t\t\t\t\t\t\t\t\t<img decoding=\"async\" width=\"1024\" height=\"768\" src=\"https:\/\/www.tabula.pt\/site\/wp-content\/uploads\/2020\/06\/TAB_CL_Mesa-Round_01-copia-1-1024x768.jpg\" class=\"attachment-large size-large wp-image-1253\" alt=\"\" srcset=\"https:\/\/www.tabula.pt\/site\/wp-content\/uploads\/2020\/06\/TAB_CL_Mesa-Round_01-copia-1-1024x768.jpg 1024w, https:\/\/www.tabula.pt\/site\/wp-content\/uploads\/2020\/06\/TAB_CL_Mesa-Round_01-copia-1-600x450.jpg 600w, https:\/\/www.tabula.pt\/site\/wp-content\/uploads\/2020\/06\/TAB_CL_Mesa-Round_01-copia-1-300x225.jpg 300w, https:\/\/www.tabula.pt\/site\/wp-content\/uploads\/2020\/06\/TAB_CL_Mesa-Round_01-copia-1-768x576.jpg 768w, https:\/\/www.tabula.pt\/site\/wp-content\/uploads\/2020\/06\/TAB_CL_Mesa-Round_01-copia-1.jpg 1500w\" sizes=\"(max-width: 1024px) 100vw, 1024px\" \/>\t\t\t\t\t\t\t\t\t\t\t\t\t\t\t<\/div>\n\t\t\t\t<\/div>\n\t\t\t\t\t<\/div>\n\t\t<\/div>\n\t\t\t\t\t<\/div>\n\t\t<\/section>\n\t\t\t\t<section class=\"elementor-section elementor-top-section elementor-element elementor-element-3e7eae9 elementor-section-boxed elementor-section-height-default elementor-section-height-default\" data-id=\"3e7eae9\" data-element_type=\"section\" data-e-type=\"section\">\n\t\t\t\t\t\t<div class=\"elementor-container elementor-column-gap-default\">\n\t\t\t\t\t<div class=\"elementor-column elementor-col-100 elementor-top-column elementor-element elementor-element-b9a9708\" data-id=\"b9a9708\" data-element_type=\"column\" data-e-type=\"column\">\n\t\t\t<div class=\"elementor-widget-wrap elementor-element-populated\">\n\t\t\t\t\t\t<div class=\"elementor-element elementor-element-7da863f elementor-widget elementor-widget-image\" data-id=\"7da863f\" data-element_type=\"widget\" data-e-type=\"widget\" data-widget_type=\"image.default\">\n\t\t\t\t<div class=\"elementor-widget-container\">\n\t\t\t\t\t\t\t\t\t\t\t\t\t\t\t<img decoding=\"async\" width=\"1024\" height=\"819\" src=\"https:\/\/www.tabula.pt\/site\/wp-content\/uploads\/2021\/05\/Bella_Dining-Round-table-oak-1024x819.jpg\" class=\"attachment-large size-large wp-image-1854\" alt=\"\" srcset=\"https:\/\/www.tabula.pt\/site\/wp-content\/uploads\/2021\/05\/Bella_Dining-Round-table-oak-1024x819.jpg 1024w, https:\/\/www.tabula.pt\/site\/wp-content\/uploads\/2021\/05\/Bella_Dining-Round-table-oak-600x480.jpg 600w, https:\/\/www.tabula.pt\/site\/wp-content\/uploads\/2021\/05\/Bella_Dining-Round-table-oak-300x240.jpg 300w, https:\/\/www.tabula.pt\/site\/wp-content\/uploads\/2021\/05\/Bella_Dining-Round-table-oak-768x614.jpg 768w, https:\/\/www.tabula.pt\/site\/wp-content\/uploads\/2021\/05\/Bella_Dining-Round-table-oak.jpg 1500w\" sizes=\"(max-width: 1024px) 100vw, 1024px\" \/>\t\t\t\t\t\t\t\t\t\t\t\t\t\t\t<\/div>\n\t\t\t\t<\/div>\n\t\t\t\t\t<\/div>\n\t\t<\/div>\n\t\t\t\t\t<\/div>\n\t\t<\/section>\n\t\t\t\t<\/div>\n\t\t","protected":false},"excerpt":{"rendered":"<p>Note: Due to the colors\u00b4 variation (wood and ceramics) as it is natural elements, the image is representative Extendable table with legs and top in wood. Finishes: Oak, Rustic oak, Walnut, Matt lacquered.\u00a0 \u00a0 \u00a0 \u00a0 \u00a0 \u00a0 \u00a0 \u00a0 \u00a0 \u00a0 \u00a0\u00a0 * Other finishes availbale \u2013 under request Mesures: \u00d81200 mm (+600) \u00d81300 &#8230; <a title=\"Round\" class=\"read-more\" href=\"https:\/\/www.tabula.pt\/site\/round-2\/\" aria-label=\"Leia mais sobre Round\">Ler mais<\/a><\/p>\n","protected":false},"author":1,"featured_media":0,"parent":0,"menu_order":0,"comment_status":"closed","ping_status":"closed","template":"","meta":{"_monsterinsights_skip_tracking":false,"_monsterinsights_sitenote_active":false,"_monsterinsights_sitenote_note":"","_monsterinsights_sitenote_category":0,"footnotes":""},"class_list":["post-1549","page","type-page","status-publish"],"yoast_head":"<!-- This site is optimized with the Yoast SEO plugin v27.1.1 - https:\/\/yoast.com\/product\/yoast-seo-wordpress\/ -->\n<title>Round - T\u00e1bula furniture<\/title>\n<meta name=\"robots\" content=\"index, follow, max-snippet:-1, max-image-preview:large, max-video-preview:-1\" \/>\n<link rel=\"canonical\" href=\"https:\/\/www.tabula.pt\/site\/round-2\/\" \/>\n<meta property=\"og:locale\" content=\"pt_PT\" \/>\n<meta property=\"og:type\" content=\"article\" \/>\n<meta property=\"og:title\" content=\"Round - T\u00e1bula furniture\" \/>\n<meta property=\"og:description\" content=\"Note: Due to the colors\u00b4 variation (wood and ceramics) as it is natural elements, the image is representative Extendable table with legs and top in wood. Finishes: Oak, Rustic oak, Walnut, Matt lacquered.\u00a0 \u00a0 \u00a0 \u00a0 \u00a0 \u00a0 \u00a0 \u00a0 \u00a0 \u00a0 \u00a0\u00a0 * Other finishes availbale \u2013 under request Mesures: \u00d81200 mm (+600) \u00d81300 ... Ler mais\" \/>\n<meta property=\"og:url\" content=\"https:\/\/www.tabula.pt\/site\/round-2\/\" \/>\n<meta property=\"og:site_name\" content=\"T\u00e1bula furniture\" \/>\n<meta property=\"article:publisher\" content=\"https:\/\/www.facebook.com\/tabula.pt\/\" \/>\n<meta property=\"article:modified_time\" content=\"2022-03-07T18:12:33+00:00\" \/>\n<meta property=\"og:image\" content=\"https:\/\/www.tabula.pt\/site\/wp-content\/uploads\/2021\/02\/TAB_CL_Mesa-Round_D01-1-1024x768.jpg\" \/>\n<meta name=\"twitter:card\" content=\"summary_large_image\" \/>\n<script type=\"application\/ld+json\" class=\"yoast-schema-graph\">{\"@context\":\"https:\/\/schema.org\",\"@graph\":[{\"@type\":\"WebPage\",\"@id\":\"https:\/\/www.tabula.pt\/site\/round-2\/\",\"url\":\"https:\/\/www.tabula.pt\/site\/round-2\/\",\"name\":\"Round - T\u00e1bula furniture\",\"isPartOf\":{\"@id\":\"https:\/\/www.tabula.pt\/site\/#website\"},\"primaryImageOfPage\":{\"@id\":\"https:\/\/www.tabula.pt\/site\/round-2\/#primaryimage\"},\"image\":{\"@id\":\"https:\/\/www.tabula.pt\/site\/round-2\/#primaryimage\"},\"thumbnailUrl\":\"https:\/\/www.tabula.pt\/site\/wp-content\/uploads\/2021\/02\/TAB_CL_Mesa-Round_D01-1-1024x768.jpg\",\"datePublished\":\"2020-10-28T15:29:52+00:00\",\"dateModified\":\"2022-03-07T18:12:33+00:00\",\"breadcrumb\":{\"@id\":\"https:\/\/www.tabula.pt\/site\/round-2\/#breadcrumb\"},\"inLanguage\":\"pt-PT\",\"potentialAction\":[{\"@type\":\"ReadAction\",\"target\":[\"https:\/\/www.tabula.pt\/site\/round-2\/\"]}]},{\"@type\":\"ImageObject\",\"inLanguage\":\"pt-PT\",\"@id\":\"https:\/\/www.tabula.pt\/site\/round-2\/#primaryimage\",\"url\":\"https:\/\/www.tabula.pt\/site\/wp-content\/uploads\/2021\/02\/TAB_CL_Mesa-Round_D01-1-scaled.jpg\",\"contentUrl\":\"https:\/\/www.tabula.pt\/site\/wp-content\/uploads\/2021\/02\/TAB_CL_Mesa-Round_D01-1-scaled.jpg\",\"width\":2560,\"height\":1920},{\"@type\":\"BreadcrumbList\",\"@id\":\"https:\/\/www.tabula.pt\/site\/round-2\/#breadcrumb\",\"itemListElement\":[{\"@type\":\"ListItem\",\"position\":1,\"name\":\"In\u00edcio\",\"item\":\"https:\/\/www.tabula.pt\/site\/\"},{\"@type\":\"ListItem\",\"position\":2,\"name\":\"Round\"}]},{\"@type\":\"WebSite\",\"@id\":\"https:\/\/www.tabula.pt\/site\/#website\",\"url\":\"https:\/\/www.tabula.pt\/site\/\",\"name\":\"T\u00e1bula furniture\",\"description\":\"Mobili\u00e1rio e projetos \u00e0 medida\",\"publisher\":{\"@id\":\"https:\/\/www.tabula.pt\/site\/#organization\"},\"potentialAction\":[{\"@type\":\"SearchAction\",\"target\":{\"@type\":\"EntryPoint\",\"urlTemplate\":\"https:\/\/www.tabula.pt\/site\/?s={search_term_string}\"},\"query-input\":{\"@type\":\"PropertyValueSpecification\",\"valueRequired\":true,\"valueName\":\"search_term_string\"}}],\"inLanguage\":\"pt-PT\"},{\"@type\":\"Organization\",\"@id\":\"https:\/\/www.tabula.pt\/site\/#organization\",\"name\":\"T\u00e1bula\",\"url\":\"https:\/\/www.tabula.pt\/site\/\",\"logo\":{\"@type\":\"ImageObject\",\"inLanguage\":\"pt-PT\",\"@id\":\"https:\/\/www.tabula.pt\/site\/#\/schema\/logo\/image\/\",\"url\":\"https:\/\/www.tabula.pt\/site\/wp-content\/uploads\/2019\/12\/t\u00e1bula-logo_peq_fb-e1576075812445.png\",\"contentUrl\":\"https:\/\/www.tabula.pt\/site\/wp-content\/uploads\/2019\/12\/t\u00e1bula-logo_peq_fb-e1576075812445.png\",\"width\":100,\"height\":73,\"caption\":\"T\u00e1bula\"},\"image\":{\"@id\":\"https:\/\/www.tabula.pt\/site\/#\/schema\/logo\/image\/\"},\"sameAs\":[\"https:\/\/www.facebook.com\/tabula.pt\/\",\"https:\/\/www.instagram.com\/tabula_furniture\/\"]}]}<\/script>\n<!-- \/ Yoast SEO plugin. -->","yoast_head_json":{"title":"Round - T\u00e1bula furniture","robots":{"index":"index","follow":"follow","max-snippet":"max-snippet:-1","max-image-preview":"max-image-preview:large","max-video-preview":"max-video-preview:-1"},"canonical":"https:\/\/www.tabula.pt\/site\/round-2\/","og_locale":"pt_PT","og_type":"article","og_title":"Round - T\u00e1bula furniture","og_description":"Note: Due to the colors\u00b4 variation (wood and ceramics) as it is natural elements, the image is representative Extendable table with legs and top in wood. Finishes: Oak, Rustic oak, Walnut, Matt lacquered.\u00a0 \u00a0 \u00a0 \u00a0 \u00a0 \u00a0 \u00a0 \u00a0 \u00a0 \u00a0 \u00a0\u00a0 * Other finishes availbale \u2013 under request Mesures: \u00d81200 mm (+600) \u00d81300 ... Ler mais","og_url":"https:\/\/www.tabula.pt\/site\/round-2\/","og_site_name":"T\u00e1bula furniture","article_publisher":"https:\/\/www.facebook.com\/tabula.pt\/","article_modified_time":"2022-03-07T18:12:33+00:00","og_image":[{"url":"https:\/\/www.tabula.pt\/site\/wp-content\/uploads\/2021\/02\/TAB_CL_Mesa-Round_D01-1-1024x768.jpg","type":"","width":"","height":""}],"twitter_card":"summary_large_image","schema":{"@context":"https:\/\/schema.org","@graph":[{"@type":"WebPage","@id":"https:\/\/www.tabula.pt\/site\/round-2\/","url":"https:\/\/www.tabula.pt\/site\/round-2\/","name":"Round - T\u00e1bula furniture","isPartOf":{"@id":"https:\/\/www.tabula.pt\/site\/#website"},"primaryImageOfPage":{"@id":"https:\/\/www.tabula.pt\/site\/round-2\/#primaryimage"},"image":{"@id":"https:\/\/www.tabula.pt\/site\/round-2\/#primaryimage"},"thumbnailUrl":"https:\/\/www.tabula.pt\/site\/wp-content\/uploads\/2021\/02\/TAB_CL_Mesa-Round_D01-1-1024x768.jpg","datePublished":"2020-10-28T15:29:52+00:00","dateModified":"2022-03-07T18:12:33+00:00","breadcrumb":{"@id":"https:\/\/www.tabula.pt\/site\/round-2\/#breadcrumb"},"inLanguage":"pt-PT","potentialAction":[{"@type":"ReadAction","target":["https:\/\/www.tabula.pt\/site\/round-2\/"]}]},{"@type":"ImageObject","inLanguage":"pt-PT","@id":"https:\/\/www.tabula.pt\/site\/round-2\/#primaryimage","url":"https:\/\/www.tabula.pt\/site\/wp-content\/uploads\/2021\/02\/TAB_CL_Mesa-Round_D01-1-scaled.jpg","contentUrl":"https:\/\/www.tabula.pt\/site\/wp-content\/uploads\/2021\/02\/TAB_CL_Mesa-Round_D01-1-scaled.jpg","width":2560,"height":1920},{"@type":"BreadcrumbList","@id":"https:\/\/www.tabula.pt\/site\/round-2\/#breadcrumb","itemListElement":[{"@type":"ListItem","position":1,"name":"In\u00edcio","item":"https:\/\/www.tabula.pt\/site\/"},{"@type":"ListItem","position":2,"name":"Round"}]},{"@type":"WebSite","@id":"https:\/\/www.tabula.pt\/site\/#website","url":"https:\/\/www.tabula.pt\/site\/","name":"T\u00e1bula furniture","description":"Mobili\u00e1rio e projetos \u00e0 medida","publisher":{"@id":"https:\/\/www.tabula.pt\/site\/#organization"},"potentialAction":[{"@type":"SearchAction","target":{"@type":"EntryPoint","urlTemplate":"https:\/\/www.tabula.pt\/site\/?s={search_term_string}"},"query-input":{"@type":"PropertyValueSpecification","valueRequired":true,"valueName":"search_term_string"}}],"inLanguage":"pt-PT"},{"@type":"Organization","@id":"https:\/\/www.tabula.pt\/site\/#organization","name":"T\u00e1bula","url":"https:\/\/www.tabula.pt\/site\/","logo":{"@type":"ImageObject","inLanguage":"pt-PT","@id":"https:\/\/www.tabula.pt\/site\/#\/schema\/logo\/image\/","url":"https:\/\/www.tabula.pt\/site\/wp-content\/uploads\/2019\/12\/t\u00e1bula-logo_peq_fb-e1576075812445.png","contentUrl":"https:\/\/www.tabula.pt\/site\/wp-content\/uploads\/2019\/12\/t\u00e1bula-logo_peq_fb-e1576075812445.png","width":100,"height":73,"caption":"T\u00e1bula"},"image":{"@id":"https:\/\/www.tabula.pt\/site\/#\/schema\/logo\/image\/"},"sameAs":["https:\/\/www.facebook.com\/tabula.pt\/","https:\/\/www.instagram.com\/tabula_furniture\/"]}]}},"_links":{"self":[{"href":"https:\/\/www.tabula.pt\/site\/wp-json\/wp\/v2\/pages\/1549","targetHints":{"allow":["GET"]}}],"collection":[{"href":"https:\/\/www.tabula.pt\/site\/wp-json\/wp\/v2\/pages"}],"about":[{"href":"https:\/\/www.tabula.pt\/site\/wp-json\/wp\/v2\/types\/page"}],"author":[{"embeddable":true,"href":"https:\/\/www.tabula.pt\/site\/wp-json\/wp\/v2\/users\/1"}],"replies":[{"embeddable":true,"href":"https:\/\/www.tabula.pt\/site\/wp-json\/wp\/v2\/comments?post=1549"}],"version-history":[{"count":7,"href":"https:\/\/www.tabula.pt\/site\/wp-json\/wp\/v2\/pages\/1549\/revisions"}],"predecessor-version":[{"id":2300,"href":"https:\/\/www.tabula.pt\/site\/wp-json\/wp\/v2\/pages\/1549\/revisions\/2300"}],"wp:attachment":[{"href":"https:\/\/www.tabula.pt\/site\/wp-json\/wp\/v2\/media?parent=1549"}],"curies":[{"name":"wp","href":"https:\/\/api.w.org\/{rel}","templated":true}]}}