{"id":1646,"date":"2021-02-08T11:07:34","date_gmt":"2021-02-08T11:07:34","guid":{"rendered":"https:\/\/www.tabula.pt\/site\/?page_id=1646"},"modified":"2022-03-07T18:15:19","modified_gmt":"2022-03-07T18:15:19","slug":"marie-2","status":"publish","type":"page","link":"https:\/\/www.tabula.pt\/site\/marie-2\/","title":{"rendered":"Marie"},"content":{"rendered":"\t\t<div data-elementor-type=\"wp-page\" data-elementor-id=\"1646\" class=\"elementor elementor-1646\" data-elementor-post-type=\"page\">\n\t\t\t\t\t\t<section class=\"elementor-section elementor-top-section elementor-element elementor-element-ee39425 elementor-section-boxed elementor-section-height-default elementor-section-height-default\" data-id=\"ee39425\" data-element_type=\"section\" data-e-type=\"section\">\n\t\t\t\t\t\t<div class=\"elementor-container elementor-column-gap-default\">\n\t\t\t\t\t<div class=\"elementor-column elementor-col-50 elementor-top-column elementor-element elementor-element-0b5e1b2\" data-id=\"0b5e1b2\" data-element_type=\"column\" data-e-type=\"column\">\n\t\t\t<div class=\"elementor-widget-wrap elementor-element-populated\">\n\t\t\t\t\t\t<div class=\"elementor-element elementor-element-510d37f elementor-widget elementor-widget-image\" data-id=\"510d37f\" data-element_type=\"widget\" data-e-type=\"widget\" data-widget_type=\"image.default\">\n\t\t\t\t<div class=\"elementor-widget-container\">\n\t\t\t\t\t\t\t\t\t\t\t\t<figure class=\"wp-caption\">\n\t\t\t\t\t\t\t\t\t\t<img fetchpriority=\"high\" decoding=\"async\" width=\"1024\" height=\"768\" src=\"https:\/\/www.tabula.pt\/site\/wp-content\/uploads\/2020\/06\/TAB_CL_Mesa-Marie_02-copia-1024x768.jpg\" class=\"attachment-large size-large wp-image-1212\" alt=\"\" srcset=\"https:\/\/www.tabula.pt\/site\/wp-content\/uploads\/2020\/06\/TAB_CL_Mesa-Marie_02-copia-1024x768.jpg 1024w, https:\/\/www.tabula.pt\/site\/wp-content\/uploads\/2020\/06\/TAB_CL_Mesa-Marie_02-copia-600x450.jpg 600w, https:\/\/www.tabula.pt\/site\/wp-content\/uploads\/2020\/06\/TAB_CL_Mesa-Marie_02-copia-300x225.jpg 300w, https:\/\/www.tabula.pt\/site\/wp-content\/uploads\/2020\/06\/TAB_CL_Mesa-Marie_02-copia-768x576.jpg 768w, https:\/\/www.tabula.pt\/site\/wp-content\/uploads\/2020\/06\/TAB_CL_Mesa-Marie_02-copia.jpg 1500w\" sizes=\"(max-width: 1024px) 100vw, 1024px\" \/>\t\t\t\t\t\t\t\t\t\t\t<figcaption class=\"widget-image-caption wp-caption-text\">Note: Due to the colors\u00b4 variation (wood and ceramics) as it is natural elements, the image is representative<\/figcaption>\n\t\t\t\t\t\t\t\t\t\t<\/figure>\n\t\t\t\t\t\t\t\t\t<\/div>\n\t\t\t\t<\/div>\n\t\t\t\t\t<\/div>\n\t\t<\/div>\n\t\t\t\t<div class=\"elementor-column elementor-col-50 elementor-top-column elementor-element elementor-element-a304de8\" data-id=\"a304de8\" data-element_type=\"column\" data-e-type=\"column\">\n\t\t\t<div class=\"elementor-widget-wrap elementor-element-populated\">\n\t\t\t\t\t\t<div class=\"elementor-element elementor-element-8a5b855 elementor-widget elementor-widget-text-editor\" data-id=\"8a5b855\" data-element_type=\"widget\" data-e-type=\"widget\" data-widget_type=\"text-editor.default\">\n\t\t\t\t<div class=\"elementor-widget-container\">\n\t\t\t\t\t\t\t\t\t<p style=\"color: #3a3a3a;\">Extendable table with legs in wood and metal and top in ceramic or wood.<\/p><p style=\"color: #3a3a3a;\"><b>Wood finishes:<\/b><\/p><p style=\"color: #3a3a3a;\">Oak, Rustic oak, Walnut, Matt lacquered.<\/p><p style=\"color: #3a3a3a;\"><span style=\"font-weight: bold;\">Ceramic finishes<\/span>\u00a0\u2013 under request<\/p><p style=\"color: #3a3a3a;\">* Other finishes available \u2013 under request<\/p><p style=\"color: #3a3a3a;\"><b>Measures (mm):<\/b><\/p><ul style=\"color: #3a3a3a;\"><li>1800 (+600) x 1100<\/li><li>1980 (+800) x 1100<\/li><li>2200 (+800) x 1100<\/li><\/ul><p style=\"color: #3a3a3a;\">* Other measures \u2013 under request<\/p>\t\t\t\t\t\t\t\t<\/div>\n\t\t\t\t<\/div>\n\t\t\t\t\t<\/div>\n\t\t<\/div>\n\t\t\t\t\t<\/div>\n\t\t<\/section>\n\t\t\t\t<section class=\"elementor-section elementor-top-section elementor-element elementor-element-e3b4958 elementor-section-boxed elementor-section-height-default elementor-section-height-default\" data-id=\"e3b4958\" data-element_type=\"section\" data-e-type=\"section\">\n\t\t\t\t\t\t<div class=\"elementor-container elementor-column-gap-default\">\n\t\t\t\t\t<div class=\"elementor-column elementor-col-100 elementor-top-column elementor-element elementor-element-124594c\" data-id=\"124594c\" data-element_type=\"column\" data-e-type=\"column\">\n\t\t\t<div class=\"elementor-widget-wrap elementor-element-populated\">\n\t\t\t\t\t\t<div class=\"elementor-element elementor-element-c45d186 elementor-widget elementor-widget-image\" data-id=\"c45d186\" data-element_type=\"widget\" data-e-type=\"widget\" data-widget_type=\"image.default\">\n\t\t\t\t<div class=\"elementor-widget-container\">\n\t\t\t\t\t\t\t\t\t\t\t\t\t\t\t<img fetchpriority=\"high\" decoding=\"async\" width=\"1024\" height=\"768\" src=\"https:\/\/www.tabula.pt\/site\/wp-content\/uploads\/2020\/06\/TAB_CL_Mesa-Marie_02-copia-1024x768.jpg\" class=\"attachment-large size-large wp-image-1212\" alt=\"\" srcset=\"https:\/\/www.tabula.pt\/site\/wp-content\/uploads\/2020\/06\/TAB_CL_Mesa-Marie_02-copia-1024x768.jpg 1024w, https:\/\/www.tabula.pt\/site\/wp-content\/uploads\/2020\/06\/TAB_CL_Mesa-Marie_02-copia-600x450.jpg 600w, https:\/\/www.tabula.pt\/site\/wp-content\/uploads\/2020\/06\/TAB_CL_Mesa-Marie_02-copia-300x225.jpg 300w, https:\/\/www.tabula.pt\/site\/wp-content\/uploads\/2020\/06\/TAB_CL_Mesa-Marie_02-copia-768x576.jpg 768w, https:\/\/www.tabula.pt\/site\/wp-content\/uploads\/2020\/06\/TAB_CL_Mesa-Marie_02-copia.jpg 1500w\" sizes=\"(max-width: 1024px) 100vw, 1024px\" \/>\t\t\t\t\t\t\t\t\t\t\t\t\t\t\t<\/div>\n\t\t\t\t<\/div>\n\t\t\t\t\t<\/div>\n\t\t<\/div>\n\t\t\t\t\t<\/div>\n\t\t<\/section>\n\t\t\t\t<section class=\"elementor-section elementor-top-section elementor-element elementor-element-162a206 elementor-section-boxed elementor-section-height-default elementor-section-height-default\" data-id=\"162a206\" data-element_type=\"section\" data-e-type=\"section\">\n\t\t\t\t\t\t<div class=\"elementor-container elementor-column-gap-default\">\n\t\t\t\t\t<div class=\"elementor-column elementor-col-100 elementor-top-column elementor-element elementor-element-5c4163d\" data-id=\"5c4163d\" data-element_type=\"column\" data-e-type=\"column\">\n\t\t\t<div class=\"elementor-widget-wrap elementor-element-populated\">\n\t\t\t\t\t\t<div class=\"elementor-element elementor-element-0df8168 elementor-widget elementor-widget-image\" data-id=\"0df8168\" data-element_type=\"widget\" data-e-type=\"widget\" data-widget_type=\"image.default\">\n\t\t\t\t<div class=\"elementor-widget-container\">\n\t\t\t\t\t\t\t\t\t\t\t\t\t\t\t<img decoding=\"async\" width=\"1024\" height=\"614\" src=\"https:\/\/www.tabula.pt\/site\/wp-content\/uploads\/2021\/05\/360_Dining-Ambience-Marie-Table-1-1024x614.jpg\" class=\"attachment-large size-large wp-image-1812\" alt=\"\" srcset=\"https:\/\/www.tabula.pt\/site\/wp-content\/uploads\/2021\/05\/360_Dining-Ambience-Marie-Table-1-1024x614.jpg 1024w, https:\/\/www.tabula.pt\/site\/wp-content\/uploads\/2021\/05\/360_Dining-Ambience-Marie-Table-1-600x360.jpg 600w, https:\/\/www.tabula.pt\/site\/wp-content\/uploads\/2021\/05\/360_Dining-Ambience-Marie-Table-1-300x180.jpg 300w, https:\/\/www.tabula.pt\/site\/wp-content\/uploads\/2021\/05\/360_Dining-Ambience-Marie-Table-1-768x461.jpg 768w, https:\/\/www.tabula.pt\/site\/wp-content\/uploads\/2021\/05\/360_Dining-Ambience-Marie-Table-1.jpg 1500w\" sizes=\"(max-width: 1024px) 100vw, 1024px\" \/>\t\t\t\t\t\t\t\t\t\t\t\t\t\t\t<\/div>\n\t\t\t\t<\/div>\n\t\t\t\t\t<\/div>\n\t\t<\/div>\n\t\t\t\t\t<\/div>\n\t\t<\/section>\n\t\t\t\t<\/div>\n\t\t","protected":false},"excerpt":{"rendered":"<p>Note: Due to the colors\u00b4 variation (wood and ceramics) as it is natural elements, the image is representative Extendable table with legs in wood and metal and top in ceramic or wood. Wood finishes: Oak, Rustic oak, Walnut, Matt lacquered. Ceramic finishes\u00a0\u2013 under request * Other finishes available \u2013 under request Measures (mm): 1800 (+600) &#8230; <a title=\"Marie\" class=\"read-more\" href=\"https:\/\/www.tabula.pt\/site\/marie-2\/\" aria-label=\"Leia mais sobre Marie\">Ler mais<\/a><\/p>\n","protected":false},"author":1,"featured_media":0,"parent":0,"menu_order":0,"comment_status":"closed","ping_status":"closed","template":"","meta":{"_monsterinsights_skip_tracking":false,"_monsterinsights_sitenote_active":false,"_monsterinsights_sitenote_note":"","_monsterinsights_sitenote_category":0,"footnotes":""},"class_list":["post-1646","page","type-page","status-publish"],"yoast_head":"<!-- This site is optimized with the Yoast SEO plugin v27.1.1 - https:\/\/yoast.com\/product\/yoast-seo-wordpress\/ -->\n<title>Marie - T\u00e1bula furniture<\/title>\n<meta name=\"robots\" content=\"index, follow, max-snippet:-1, max-image-preview:large, max-video-preview:-1\" \/>\n<link rel=\"canonical\" href=\"https:\/\/www.tabula.pt\/site\/marie-2\/\" \/>\n<meta property=\"og:locale\" content=\"pt_PT\" \/>\n<meta property=\"og:type\" content=\"article\" \/>\n<meta property=\"og:title\" content=\"Marie - T\u00e1bula furniture\" \/>\n<meta property=\"og:description\" content=\"Note: Due to the colors\u00b4 variation (wood and ceramics) as it is natural elements, the image is representative Extendable table with legs in wood and metal and top in ceramic or wood. Wood finishes: Oak, Rustic oak, Walnut, Matt lacquered. Ceramic finishes\u00a0\u2013 under request * Other finishes available \u2013 under request Measures (mm): 1800 (+600) ... Ler mais\" \/>\n<meta property=\"og:url\" content=\"https:\/\/www.tabula.pt\/site\/marie-2\/\" \/>\n<meta property=\"og:site_name\" content=\"T\u00e1bula furniture\" \/>\n<meta property=\"article:publisher\" content=\"https:\/\/www.facebook.com\/tabula.pt\/\" \/>\n<meta property=\"article:modified_time\" content=\"2022-03-07T18:15:19+00:00\" \/>\n<meta property=\"og:image\" content=\"https:\/\/www.tabula.pt\/site\/wp-content\/uploads\/2020\/06\/TAB_CL_Mesa-Marie_02-copia-1024x768.jpg\" \/>\n<meta name=\"twitter:card\" content=\"summary_large_image\" \/>\n<script type=\"application\/ld+json\" class=\"yoast-schema-graph\">{\"@context\":\"https:\/\/schema.org\",\"@graph\":[{\"@type\":\"WebPage\",\"@id\":\"https:\/\/www.tabula.pt\/site\/marie-2\/\",\"url\":\"https:\/\/www.tabula.pt\/site\/marie-2\/\",\"name\":\"Marie - T\u00e1bula furniture\",\"isPartOf\":{\"@id\":\"https:\/\/www.tabula.pt\/site\/#website\"},\"primaryImageOfPage\":{\"@id\":\"https:\/\/www.tabula.pt\/site\/marie-2\/#primaryimage\"},\"image\":{\"@id\":\"https:\/\/www.tabula.pt\/site\/marie-2\/#primaryimage\"},\"thumbnailUrl\":\"https:\/\/www.tabula.pt\/site\/wp-content\/uploads\/2020\/06\/TAB_CL_Mesa-Marie_02-copia-1024x768.jpg\",\"datePublished\":\"2021-02-08T11:07:34+00:00\",\"dateModified\":\"2022-03-07T18:15:19+00:00\",\"breadcrumb\":{\"@id\":\"https:\/\/www.tabula.pt\/site\/marie-2\/#breadcrumb\"},\"inLanguage\":\"pt-PT\",\"potentialAction\":[{\"@type\":\"ReadAction\",\"target\":[\"https:\/\/www.tabula.pt\/site\/marie-2\/\"]}]},{\"@type\":\"ImageObject\",\"inLanguage\":\"pt-PT\",\"@id\":\"https:\/\/www.tabula.pt\/site\/marie-2\/#primaryimage\",\"url\":\"https:\/\/www.tabula.pt\/site\/wp-content\/uploads\/2020\/06\/TAB_CL_Mesa-Marie_02-copia.jpg\",\"contentUrl\":\"https:\/\/www.tabula.pt\/site\/wp-content\/uploads\/2020\/06\/TAB_CL_Mesa-Marie_02-copia.jpg\",\"width\":1500,\"height\":1125},{\"@type\":\"BreadcrumbList\",\"@id\":\"https:\/\/www.tabula.pt\/site\/marie-2\/#breadcrumb\",\"itemListElement\":[{\"@type\":\"ListItem\",\"position\":1,\"name\":\"In\u00edcio\",\"item\":\"https:\/\/www.tabula.pt\/site\/\"},{\"@type\":\"ListItem\",\"position\":2,\"name\":\"Marie\"}]},{\"@type\":\"WebSite\",\"@id\":\"https:\/\/www.tabula.pt\/site\/#website\",\"url\":\"https:\/\/www.tabula.pt\/site\/\",\"name\":\"T\u00e1bula furniture\",\"description\":\"Mobili\u00e1rio e projetos \u00e0 medida\",\"publisher\":{\"@id\":\"https:\/\/www.tabula.pt\/site\/#organization\"},\"potentialAction\":[{\"@type\":\"SearchAction\",\"target\":{\"@type\":\"EntryPoint\",\"urlTemplate\":\"https:\/\/www.tabula.pt\/site\/?s={search_term_string}\"},\"query-input\":{\"@type\":\"PropertyValueSpecification\",\"valueRequired\":true,\"valueName\":\"search_term_string\"}}],\"inLanguage\":\"pt-PT\"},{\"@type\":\"Organization\",\"@id\":\"https:\/\/www.tabula.pt\/site\/#organization\",\"name\":\"T\u00e1bula\",\"url\":\"https:\/\/www.tabula.pt\/site\/\",\"logo\":{\"@type\":\"ImageObject\",\"inLanguage\":\"pt-PT\",\"@id\":\"https:\/\/www.tabula.pt\/site\/#\/schema\/logo\/image\/\",\"url\":\"https:\/\/www.tabula.pt\/site\/wp-content\/uploads\/2019\/12\/t\u00e1bula-logo_peq_fb-e1576075812445.png\",\"contentUrl\":\"https:\/\/www.tabula.pt\/site\/wp-content\/uploads\/2019\/12\/t\u00e1bula-logo_peq_fb-e1576075812445.png\",\"width\":100,\"height\":73,\"caption\":\"T\u00e1bula\"},\"image\":{\"@id\":\"https:\/\/www.tabula.pt\/site\/#\/schema\/logo\/image\/\"},\"sameAs\":[\"https:\/\/www.facebook.com\/tabula.pt\/\",\"https:\/\/www.instagram.com\/tabula_furniture\/\"]}]}<\/script>\n<!-- \/ Yoast SEO plugin. -->","yoast_head_json":{"title":"Marie - T\u00e1bula furniture","robots":{"index":"index","follow":"follow","max-snippet":"max-snippet:-1","max-image-preview":"max-image-preview:large","max-video-preview":"max-video-preview:-1"},"canonical":"https:\/\/www.tabula.pt\/site\/marie-2\/","og_locale":"pt_PT","og_type":"article","og_title":"Marie - T\u00e1bula furniture","og_description":"Note: Due to the colors\u00b4 variation (wood and ceramics) as it is natural elements, the image is representative Extendable table with legs in wood and metal and top in ceramic or wood. Wood finishes: Oak, Rustic oak, Walnut, Matt lacquered. Ceramic finishes\u00a0\u2013 under request * Other finishes available \u2013 under request Measures (mm): 1800 (+600) ... Ler mais","og_url":"https:\/\/www.tabula.pt\/site\/marie-2\/","og_site_name":"T\u00e1bula furniture","article_publisher":"https:\/\/www.facebook.com\/tabula.pt\/","article_modified_time":"2022-03-07T18:15:19+00:00","og_image":[{"url":"https:\/\/www.tabula.pt\/site\/wp-content\/uploads\/2020\/06\/TAB_CL_Mesa-Marie_02-copia-1024x768.jpg","type":"","width":"","height":""}],"twitter_card":"summary_large_image","schema":{"@context":"https:\/\/schema.org","@graph":[{"@type":"WebPage","@id":"https:\/\/www.tabula.pt\/site\/marie-2\/","url":"https:\/\/www.tabula.pt\/site\/marie-2\/","name":"Marie - T\u00e1bula furniture","isPartOf":{"@id":"https:\/\/www.tabula.pt\/site\/#website"},"primaryImageOfPage":{"@id":"https:\/\/www.tabula.pt\/site\/marie-2\/#primaryimage"},"image":{"@id":"https:\/\/www.tabula.pt\/site\/marie-2\/#primaryimage"},"thumbnailUrl":"https:\/\/www.tabula.pt\/site\/wp-content\/uploads\/2020\/06\/TAB_CL_Mesa-Marie_02-copia-1024x768.jpg","datePublished":"2021-02-08T11:07:34+00:00","dateModified":"2022-03-07T18:15:19+00:00","breadcrumb":{"@id":"https:\/\/www.tabula.pt\/site\/marie-2\/#breadcrumb"},"inLanguage":"pt-PT","potentialAction":[{"@type":"ReadAction","target":["https:\/\/www.tabula.pt\/site\/marie-2\/"]}]},{"@type":"ImageObject","inLanguage":"pt-PT","@id":"https:\/\/www.tabula.pt\/site\/marie-2\/#primaryimage","url":"https:\/\/www.tabula.pt\/site\/wp-content\/uploads\/2020\/06\/TAB_CL_Mesa-Marie_02-copia.jpg","contentUrl":"https:\/\/www.tabula.pt\/site\/wp-content\/uploads\/2020\/06\/TAB_CL_Mesa-Marie_02-copia.jpg","width":1500,"height":1125},{"@type":"BreadcrumbList","@id":"https:\/\/www.tabula.pt\/site\/marie-2\/#breadcrumb","itemListElement":[{"@type":"ListItem","position":1,"name":"In\u00edcio","item":"https:\/\/www.tabula.pt\/site\/"},{"@type":"ListItem","position":2,"name":"Marie"}]},{"@type":"WebSite","@id":"https:\/\/www.tabula.pt\/site\/#website","url":"https:\/\/www.tabula.pt\/site\/","name":"T\u00e1bula furniture","description":"Mobili\u00e1rio e projetos \u00e0 medida","publisher":{"@id":"https:\/\/www.tabula.pt\/site\/#organization"},"potentialAction":[{"@type":"SearchAction","target":{"@type":"EntryPoint","urlTemplate":"https:\/\/www.tabula.pt\/site\/?s={search_term_string}"},"query-input":{"@type":"PropertyValueSpecification","valueRequired":true,"valueName":"search_term_string"}}],"inLanguage":"pt-PT"},{"@type":"Organization","@id":"https:\/\/www.tabula.pt\/site\/#organization","name":"T\u00e1bula","url":"https:\/\/www.tabula.pt\/site\/","logo":{"@type":"ImageObject","inLanguage":"pt-PT","@id":"https:\/\/www.tabula.pt\/site\/#\/schema\/logo\/image\/","url":"https:\/\/www.tabula.pt\/site\/wp-content\/uploads\/2019\/12\/t\u00e1bula-logo_peq_fb-e1576075812445.png","contentUrl":"https:\/\/www.tabula.pt\/site\/wp-content\/uploads\/2019\/12\/t\u00e1bula-logo_peq_fb-e1576075812445.png","width":100,"height":73,"caption":"T\u00e1bula"},"image":{"@id":"https:\/\/www.tabula.pt\/site\/#\/schema\/logo\/image\/"},"sameAs":["https:\/\/www.facebook.com\/tabula.pt\/","https:\/\/www.instagram.com\/tabula_furniture\/"]}]}},"_links":{"self":[{"href":"https:\/\/www.tabula.pt\/site\/wp-json\/wp\/v2\/pages\/1646","targetHints":{"allow":["GET"]}}],"collection":[{"href":"https:\/\/www.tabula.pt\/site\/wp-json\/wp\/v2\/pages"}],"about":[{"href":"https:\/\/www.tabula.pt\/site\/wp-json\/wp\/v2\/types\/page"}],"author":[{"embeddable":true,"href":"https:\/\/www.tabula.pt\/site\/wp-json\/wp\/v2\/users\/1"}],"replies":[{"embeddable":true,"href":"https:\/\/www.tabula.pt\/site\/wp-json\/wp\/v2\/comments?post=1646"}],"version-history":[{"count":6,"href":"https:\/\/www.tabula.pt\/site\/wp-json\/wp\/v2\/pages\/1646\/revisions"}],"predecessor-version":[{"id":2306,"href":"https:\/\/www.tabula.pt\/site\/wp-json\/wp\/v2\/pages\/1646\/revisions\/2306"}],"wp:attachment":[{"href":"https:\/\/www.tabula.pt\/site\/wp-json\/wp\/v2\/media?parent=1646"}],"curies":[{"name":"wp","href":"https:\/\/api.w.org\/{rel}","templated":true}]}}