{"id":1682,"date":"2021-03-05T17:40:39","date_gmt":"2021-03-05T17:40:39","guid":{"rendered":"https:\/\/www.tabula.pt\/site\/?page_id=1682"},"modified":"2021-07-09T08:23:16","modified_gmt":"2021-07-09T08:23:16","slug":"colecao-kurve","status":"publish","type":"page","link":"https:\/\/www.tabula.pt\/site\/colecao-kurve\/","title":{"rendered":"Cole\u00e7\u00e3o KURVE"},"content":{"rendered":"\t\t<div data-elementor-type=\"wp-page\" data-elementor-id=\"1682\" class=\"elementor elementor-1682\" data-elementor-post-type=\"page\">\n\t\t\t\t\t\t<section class=\"elementor-section elementor-top-section elementor-element elementor-element-588cea9 elementor-section-boxed elementor-section-height-default elementor-section-height-default\" data-id=\"588cea9\" data-element_type=\"section\" data-e-type=\"section\">\n\t\t\t\t\t\t<div class=\"elementor-container elementor-column-gap-default\">\n\t\t\t\t\t<div class=\"elementor-column elementor-col-100 elementor-top-column elementor-element elementor-element-594426c\" data-id=\"594426c\" data-element_type=\"column\" data-e-type=\"column\">\n\t\t\t<div class=\"elementor-widget-wrap elementor-element-populated\">\n\t\t\t\t\t\t<div class=\"elementor-element elementor-element-73630ee elementor-widget elementor-widget-text-editor\" data-id=\"73630ee\" data-element_type=\"widget\" data-e-type=\"widget\" data-widget_type=\"text-editor.default\">\n\t\t\t\t<div class=\"elementor-widget-container\">\n\t\t\t\t\t\t\t\t\t<p>Uma nova sensa\u00e7\u00e3o no ambiente com um design org\u00e2nico e formas arredondadas. O movimento das linhas curvas criam espa\u00e7os acolhedores, leves e fluidos.<\/p>\t\t\t\t\t\t\t\t<\/div>\n\t\t\t\t<\/div>\n\t\t\t\t\t<\/div>\n\t\t<\/div>\n\t\t\t\t\t<\/div>\n\t\t<\/section>\n\t\t\t\t<section class=\"elementor-section elementor-top-section elementor-element elementor-element-3e77d13 elementor-section-boxed elementor-section-height-default elementor-section-height-default\" data-id=\"3e77d13\" data-element_type=\"section\" data-e-type=\"section\">\n\t\t\t\t\t\t<div class=\"elementor-container elementor-column-gap-default\">\n\t\t\t\t\t<div class=\"elementor-column elementor-col-100 elementor-top-column elementor-element elementor-element-5e08535\" data-id=\"5e08535\" data-element_type=\"column\" data-e-type=\"column\">\n\t\t\t<div class=\"elementor-widget-wrap elementor-element-populated\">\n\t\t\t\t\t\t<div class=\"elementor-element elementor-element-a6bad78 elementor-widget elementor-widget-spacer\" data-id=\"a6bad78\" data-element_type=\"widget\" data-e-type=\"widget\" data-widget_type=\"spacer.default\">\n\t\t\t\t<div class=\"elementor-widget-container\">\n\t\t\t\t\t\t\t<div class=\"elementor-spacer\">\n\t\t\t<div class=\"elementor-spacer-inner\"><\/div>\n\t\t<\/div>\n\t\t\t\t\t\t<\/div>\n\t\t\t\t<\/div>\n\t\t\t\t\t<\/div>\n\t\t<\/div>\n\t\t\t\t\t<\/div>\n\t\t<\/section>\n\t\t\t\t<section class=\"elementor-section elementor-top-section elementor-element elementor-element-97604bd elementor-section-boxed elementor-section-height-default elementor-section-height-default\" data-id=\"97604bd\" data-element_type=\"section\" data-e-type=\"section\">\n\t\t\t\t\t\t<div class=\"elementor-container elementor-column-gap-default\">\n\t\t\t\t\t<div class=\"elementor-column elementor-col-100 elementor-top-column elementor-element elementor-element-fa018b8\" data-id=\"fa018b8\" data-element_type=\"column\" data-e-type=\"column\">\n\t\t\t<div class=\"elementor-widget-wrap elementor-element-populated\">\n\t\t\t\t\t\t<div class=\"elementor-element elementor-element-836b99d elementor-widget elementor-widget-image\" data-id=\"836b99d\" data-element_type=\"widget\" data-e-type=\"widget\" data-widget_type=\"image.default\">\n\t\t\t\t<div class=\"elementor-widget-container\">\n\t\t\t\t\t\t\t\t\t\t\t\t<figure class=\"wp-caption\">\n\t\t\t\t\t\t\t\t\t\t<img fetchpriority=\"high\" decoding=\"async\" width=\"1024\" height=\"614\" src=\"https:\/\/www.tabula.pt\/site\/wp-content\/uploads\/2021\/03\/Kurve_sideboard2021.jpg\" class=\"attachment-large size-large wp-image-1675\" alt=\"\" srcset=\"https:\/\/www.tabula.pt\/site\/wp-content\/uploads\/2021\/03\/Kurve_sideboard2021.jpg 1500w, https:\/\/www.tabula.pt\/site\/wp-content\/uploads\/2021\/03\/Kurve_sideboard2021-600x360.jpg 600w\" sizes=\"(max-width: 1024px) 100vw, 1024px\" \/>\t\t\t\t\t\t\t\t\t\t\t<figcaption class=\"widget-image-caption wp-caption-text\">Aparador KURVE | Espelhos KURVE <\/figcaption>\n\t\t\t\t\t\t\t\t\t\t<\/figure>\n\t\t\t\t\t\t\t\t\t<\/div>\n\t\t\t\t<\/div>\n\t\t\t\t\t<\/div>\n\t\t<\/div>\n\t\t\t\t\t<\/div>\n\t\t<\/section>\n\t\t\t\t<section class=\"elementor-section elementor-top-section elementor-element elementor-element-f3be8c2 elementor-section-boxed elementor-section-height-default elementor-section-height-default\" data-id=\"f3be8c2\" data-element_type=\"section\" data-e-type=\"section\">\n\t\t\t\t\t\t<div class=\"elementor-container elementor-column-gap-default\">\n\t\t\t\t\t<div class=\"elementor-column elementor-col-50 elementor-top-column elementor-element elementor-element-d683973\" data-id=\"d683973\" data-element_type=\"column\" data-e-type=\"column\">\n\t\t\t<div class=\"elementor-widget-wrap elementor-element-populated\">\n\t\t\t\t\t\t<div class=\"elementor-element elementor-element-008b0ce elementor-widget elementor-widget-image\" data-id=\"008b0ce\" data-element_type=\"widget\" data-e-type=\"widget\" data-widget_type=\"image.default\">\n\t\t\t\t<div class=\"elementor-widget-container\">\n\t\t\t\t\t\t\t\t\t\t\t\t<figure class=\"wp-caption\">\n\t\t\t\t\t\t\t\t\t\t<img decoding=\"async\" width=\"1024\" height=\"768\" src=\"https:\/\/www.tabula.pt\/site\/wp-content\/uploads\/2021\/03\/Kurve_sideboard2-2021-1024x768.jpg\" class=\"attachment-large size-large wp-image-1674\" alt=\"\" srcset=\"https:\/\/www.tabula.pt\/site\/wp-content\/uploads\/2021\/03\/Kurve_sideboard2-2021-1024x768.jpg 1024w, https:\/\/www.tabula.pt\/site\/wp-content\/uploads\/2021\/03\/Kurve_sideboard2-2021-600x450.jpg 600w, https:\/\/www.tabula.pt\/site\/wp-content\/uploads\/2021\/03\/Kurve_sideboard2-2021-300x225.jpg 300w, https:\/\/www.tabula.pt\/site\/wp-content\/uploads\/2021\/03\/Kurve_sideboard2-2021-768x576.jpg 768w, https:\/\/www.tabula.pt\/site\/wp-content\/uploads\/2021\/03\/Kurve_sideboard2-2021.jpg 1500w\" sizes=\"(max-width: 1024px) 100vw, 1024px\" \/>\t\t\t\t\t\t\t\t\t\t\t<figcaption class=\"widget-image-caption wp-caption-text\">Aparador KURVE <\/figcaption>\n\t\t\t\t\t\t\t\t\t\t<\/figure>\n\t\t\t\t\t\t\t\t\t<\/div>\n\t\t\t\t<\/div>\n\t\t\t\t\t<\/div>\n\t\t<\/div>\n\t\t\t\t<div class=\"elementor-column elementor-col-50 elementor-top-column elementor-element elementor-element-a22f9d0\" data-id=\"a22f9d0\" data-element_type=\"column\" data-e-type=\"column\">\n\t\t\t<div class=\"elementor-widget-wrap elementor-element-populated\">\n\t\t\t\t\t\t<div class=\"elementor-element elementor-element-5b59e4d elementor-widget elementor-widget-image\" data-id=\"5b59e4d\" data-element_type=\"widget\" data-e-type=\"widget\" data-widget_type=\"image.default\">\n\t\t\t\t<div class=\"elementor-widget-container\">\n\t\t\t\t\t\t\t\t\t\t\t\t<figure class=\"wp-caption\">\n\t\t\t\t\t\t\t\t\t\t<img decoding=\"async\" width=\"1024\" height=\"768\" src=\"https:\/\/www.tabula.pt\/site\/wp-content\/uploads\/2021\/03\/Kurve_Office2021-1024x768.jpg\" class=\"attachment-large size-large wp-image-1692\" alt=\"\" srcset=\"https:\/\/www.tabula.pt\/site\/wp-content\/uploads\/2021\/03\/Kurve_Office2021-1024x768.jpg 1024w, https:\/\/www.tabula.pt\/site\/wp-content\/uploads\/2021\/03\/Kurve_Office2021-600x450.jpg 600w, https:\/\/www.tabula.pt\/site\/wp-content\/uploads\/2021\/03\/Kurve_Office2021-300x225.jpg 300w, https:\/\/www.tabula.pt\/site\/wp-content\/uploads\/2021\/03\/Kurve_Office2021-768x576.jpg 768w, https:\/\/www.tabula.pt\/site\/wp-content\/uploads\/2021\/03\/Kurve_Office2021.jpg 1500w\" sizes=\"(max-width: 1024px) 100vw, 1024px\" \/>\t\t\t\t\t\t\t\t\t\t\t<figcaption class=\"widget-image-caption wp-caption-text\">Secret\u00e1ria SIMPLE | Cadeira CURVE<\/figcaption>\n\t\t\t\t\t\t\t\t\t\t<\/figure>\n\t\t\t\t\t\t\t\t\t<\/div>\n\t\t\t\t<\/div>\n\t\t\t\t\t<\/div>\n\t\t<\/div>\n\t\t\t\t\t<\/div>\n\t\t<\/section>\n\t\t\t\t<section class=\"elementor-section elementor-top-section elementor-element elementor-element-6653f8f elementor-section-boxed elementor-section-height-default elementor-section-height-default\" data-id=\"6653f8f\" data-element_type=\"section\" data-e-type=\"section\">\n\t\t\t\t\t\t<div class=\"elementor-container elementor-column-gap-default\">\n\t\t\t\t\t<div class=\"elementor-column elementor-col-100 elementor-top-column elementor-element elementor-element-09fe9d8\" data-id=\"09fe9d8\" data-element_type=\"column\" data-e-type=\"column\">\n\t\t\t<div class=\"elementor-widget-wrap elementor-element-populated\">\n\t\t\t\t\t\t<div class=\"elementor-element elementor-element-2c9f735 elementor-widget elementor-widget-image\" data-id=\"2c9f735\" data-element_type=\"widget\" data-e-type=\"widget\" data-widget_type=\"image.default\">\n\t\t\t\t<div class=\"elementor-widget-container\">\n\t\t\t\t\t\t\t\t\t\t\t\t<figure class=\"wp-caption\">\n\t\t\t\t\t\t\t\t\t\t<img loading=\"lazy\" decoding=\"async\" width=\"1024\" height=\"614\" src=\"https:\/\/www.tabula.pt\/site\/wp-content\/uploads\/2021\/03\/Kurve_Dining-Ambiece2021-1024x614.jpg\" class=\"attachment-large size-large wp-image-1678\" alt=\"\" srcset=\"https:\/\/www.tabula.pt\/site\/wp-content\/uploads\/2021\/03\/Kurve_Dining-Ambiece2021-1024x614.jpg 1024w, https:\/\/www.tabula.pt\/site\/wp-content\/uploads\/2021\/03\/Kurve_Dining-Ambiece2021-600x360.jpg 600w, https:\/\/www.tabula.pt\/site\/wp-content\/uploads\/2021\/03\/Kurve_Dining-Ambiece2021-300x180.jpg 300w, https:\/\/www.tabula.pt\/site\/wp-content\/uploads\/2021\/03\/Kurve_Dining-Ambiece2021-768x461.jpg 768w, https:\/\/www.tabula.pt\/site\/wp-content\/uploads\/2021\/03\/Kurve_Dining-Ambiece2021.jpg 1500w\" sizes=\"(max-width: 1024px) 100vw, 1024px\" \/>\t\t\t\t\t\t\t\t\t\t\t<figcaption class=\"widget-image-caption wp-caption-text\">M\u00f3vel de apoio KURVE |  Aparador KURVE |  Mesa IDARA<\/figcaption>\n\t\t\t\t\t\t\t\t\t\t<\/figure>\n\t\t\t\t\t\t\t\t\t<\/div>\n\t\t\t\t<\/div>\n\t\t\t\t\t<\/div>\n\t\t<\/div>\n\t\t\t\t\t<\/div>\n\t\t<\/section>\n\t\t\t\t<section class=\"elementor-section elementor-top-section elementor-element elementor-element-e0a0637 elementor-section-boxed elementor-section-height-default elementor-section-height-default\" data-id=\"e0a0637\" data-element_type=\"section\" data-e-type=\"section\">\n\t\t\t\t\t\t<div class=\"elementor-container elementor-column-gap-default\">\n\t\t\t\t\t<div class=\"elementor-column elementor-col-100 elementor-top-column elementor-element elementor-element-0914b85\" data-id=\"0914b85\" data-element_type=\"column\" data-e-type=\"column\">\n\t\t\t<div class=\"elementor-widget-wrap elementor-element-populated\">\n\t\t\t\t\t\t<div class=\"elementor-element elementor-element-29d3008 elementor-widget elementor-widget-image\" data-id=\"29d3008\" data-element_type=\"widget\" data-e-type=\"widget\" data-widget_type=\"image.default\">\n\t\t\t\t<div class=\"elementor-widget-container\">\n\t\t\t\t\t\t\t\t\t\t\t\t<figure class=\"wp-caption\">\n\t\t\t\t\t\t\t\t\t\t<img loading=\"lazy\" decoding=\"async\" width=\"1024\" height=\"614\" src=\"https:\/\/www.tabula.pt\/site\/wp-content\/uploads\/2021\/03\/Kurve_Living-ambience-oak2021-1024x614.jpg\" class=\"attachment-large size-large wp-image-1677\" alt=\"\" srcset=\"https:\/\/www.tabula.pt\/site\/wp-content\/uploads\/2021\/03\/Kurve_Living-ambience-oak2021-1024x614.jpg 1024w, https:\/\/www.tabula.pt\/site\/wp-content\/uploads\/2021\/03\/Kurve_Living-ambience-oak2021-600x360.jpg 600w, https:\/\/www.tabula.pt\/site\/wp-content\/uploads\/2021\/03\/Kurve_Living-ambience-oak2021-300x180.jpg 300w, https:\/\/www.tabula.pt\/site\/wp-content\/uploads\/2021\/03\/Kurve_Living-ambience-oak2021-768x461.jpg 768w, https:\/\/www.tabula.pt\/site\/wp-content\/uploads\/2021\/03\/Kurve_Living-ambience-oak2021.jpg 1500w\" sizes=\"(max-width: 1024px) 100vw, 1024px\" \/>\t\t\t\t\t\t\t\t\t\t\t<figcaption class=\"widget-image-caption wp-caption-text\">M\u00f3vel de apoio KURVE |  M\u00f3vel TV KURVE |  Mesa  de centro KURVE<\/figcaption>\n\t\t\t\t\t\t\t\t\t\t<\/figure>\n\t\t\t\t\t\t\t\t\t<\/div>\n\t\t\t\t<\/div>\n\t\t\t\t\t<\/div>\n\t\t<\/div>\n\t\t\t\t\t<\/div>\n\t\t<\/section>\n\t\t\t\t<section class=\"elementor-section elementor-top-section elementor-element elementor-element-9e84caa elementor-section-boxed elementor-section-height-default elementor-section-height-default\" data-id=\"9e84caa\" data-element_type=\"section\" data-e-type=\"section\">\n\t\t\t\t\t\t<div class=\"elementor-container elementor-column-gap-default\">\n\t\t\t\t\t<div class=\"elementor-column elementor-col-50 elementor-top-column elementor-element elementor-element-1273b75\" data-id=\"1273b75\" data-element_type=\"column\" data-e-type=\"column\">\n\t\t\t<div class=\"elementor-widget-wrap elementor-element-populated\">\n\t\t\t\t\t\t<div class=\"elementor-element elementor-element-05e756a elementor-widget elementor-widget-image\" data-id=\"05e756a\" data-element_type=\"widget\" data-e-type=\"widget\" data-widget_type=\"image.default\">\n\t\t\t\t<div class=\"elementor-widget-container\">\n\t\t\t\t\t\t\t\t\t\t\t\t<figure class=\"wp-caption\">\n\t\t\t\t\t\t\t\t\t\t<img loading=\"lazy\" decoding=\"async\" width=\"1024\" height=\"683\" src=\"https:\/\/www.tabula.pt\/site\/wp-content\/uploads\/2021\/03\/Kurve_Bedroom-oak2021-1024x683.jpg\" class=\"attachment-large size-large wp-image-1688\" alt=\"\" srcset=\"https:\/\/www.tabula.pt\/site\/wp-content\/uploads\/2021\/03\/Kurve_Bedroom-oak2021-1024x683.jpg 1024w, https:\/\/www.tabula.pt\/site\/wp-content\/uploads\/2021\/03\/Kurve_Bedroom-oak2021-600x400.jpg 600w, https:\/\/www.tabula.pt\/site\/wp-content\/uploads\/2021\/03\/Kurve_Bedroom-oak2021-300x200.jpg 300w, https:\/\/www.tabula.pt\/site\/wp-content\/uploads\/2021\/03\/Kurve_Bedroom-oak2021-768x513.jpg 768w, https:\/\/www.tabula.pt\/site\/wp-content\/uploads\/2021\/03\/Kurve_Bedroom-oak2021.jpg 1500w\" sizes=\"(max-width: 1024px) 100vw, 1024px\" \/>\t\t\t\t\t\t\t\t\t\t\t<figcaption class=\"widget-image-caption wp-caption-text\">Cama | Mesinha cabeceira | C\u00f3moda | Roupeiro<\/figcaption>\n\t\t\t\t\t\t\t\t\t\t<\/figure>\n\t\t\t\t\t\t\t\t\t<\/div>\n\t\t\t\t<\/div>\n\t\t\t\t\t<\/div>\n\t\t<\/div>\n\t\t\t\t<div class=\"elementor-column elementor-col-50 elementor-top-column elementor-element elementor-element-4297c39\" data-id=\"4297c39\" data-element_type=\"column\" data-e-type=\"column\">\n\t\t\t<div class=\"elementor-widget-wrap elementor-element-populated\">\n\t\t\t\t\t\t<div class=\"elementor-element elementor-element-bab625f elementor-widget elementor-widget-image\" data-id=\"bab625f\" data-element_type=\"widget\" data-e-type=\"widget\" data-widget_type=\"image.default\">\n\t\t\t\t<div class=\"elementor-widget-container\">\n\t\t\t\t\t\t\t\t\t\t\t\t<figure class=\"wp-caption\">\n\t\t\t\t\t\t\t\t\t\t<img loading=\"lazy\" decoding=\"async\" width=\"1024\" height=\"614\" src=\"https:\/\/www.tabula.pt\/site\/wp-content\/uploads\/2021\/03\/Quarto-KURVE_Nogueira-1024x614.jpg\" class=\"attachment-large size-large wp-image-1695\" alt=\"\" srcset=\"https:\/\/www.tabula.pt\/site\/wp-content\/uploads\/2021\/03\/Quarto-KURVE_Nogueira-1024x614.jpg 1024w, https:\/\/www.tabula.pt\/site\/wp-content\/uploads\/2021\/03\/Quarto-KURVE_Nogueira-600x360.jpg 600w, https:\/\/www.tabula.pt\/site\/wp-content\/uploads\/2021\/03\/Quarto-KURVE_Nogueira-300x180.jpg 300w, https:\/\/www.tabula.pt\/site\/wp-content\/uploads\/2021\/03\/Quarto-KURVE_Nogueira-768x461.jpg 768w, https:\/\/www.tabula.pt\/site\/wp-content\/uploads\/2021\/03\/Quarto-KURVE_Nogueira.jpg 1500w\" sizes=\"(max-width: 1024px) 100vw, 1024px\" \/>\t\t\t\t\t\t\t\t\t\t\t<figcaption class=\"widget-image-caption wp-caption-text\">Cama | Mesinhas | C\u00f3moda<\/figcaption>\n\t\t\t\t\t\t\t\t\t\t<\/figure>\n\t\t\t\t\t\t\t\t\t<\/div>\n\t\t\t\t<\/div>\n\t\t\t\t\t<\/div>\n\t\t<\/div>\n\t\t\t\t\t<\/div>\n\t\t<\/section>\n\t\t\t\t<\/div>\n\t\t","protected":false},"excerpt":{"rendered":"<p>Uma nova sensa\u00e7\u00e3o no ambiente com um design org\u00e2nico e formas arredondadas. O movimento das linhas curvas criam espa\u00e7os acolhedores, leves e fluidos. Aparador KURVE | Espelhos KURVE Aparador KURVE Secret\u00e1ria SIMPLE | Cadeira CURVE M\u00f3vel de apoio KURVE | Aparador KURVE | Mesa IDARA M\u00f3vel de apoio KURVE | M\u00f3vel TV KURVE | Mesa &#8230; <a title=\"Cole\u00e7\u00e3o KURVE\" class=\"read-more\" href=\"https:\/\/www.tabula.pt\/site\/colecao-kurve\/\" aria-label=\"Leia mais sobre Cole\u00e7\u00e3o KURVE\">Ler mais<\/a><\/p>\n","protected":false},"author":1,"featured_media":0,"parent":0,"menu_order":0,"comment_status":"closed","ping_status":"closed","template":"","meta":{"_monsterinsights_skip_tracking":false,"_monsterinsights_sitenote_active":false,"_monsterinsights_sitenote_note":"","_monsterinsights_sitenote_category":0,"footnotes":""},"class_list":["post-1682","page","type-page","status-publish"],"yoast_head":"<!-- This site is optimized with the Yoast SEO plugin v27.1.1 - https:\/\/yoast.com\/product\/yoast-seo-wordpress\/ -->\n<title>Cole\u00e7\u00e3o KURVE - T\u00e1bula furniture<\/title>\n<meta name=\"robots\" content=\"index, follow, max-snippet:-1, max-image-preview:large, max-video-preview:-1\" \/>\n<link rel=\"canonical\" href=\"https:\/\/www.tabula.pt\/site\/colecao-kurve\/\" \/>\n<meta property=\"og:locale\" content=\"pt_PT\" \/>\n<meta property=\"og:type\" content=\"article\" \/>\n<meta property=\"og:title\" content=\"Cole\u00e7\u00e3o KURVE - T\u00e1bula furniture\" \/>\n<meta property=\"og:description\" content=\"Uma nova sensa\u00e7\u00e3o no ambiente com um design org\u00e2nico e formas arredondadas. O movimento das linhas curvas criam espa\u00e7os acolhedores, leves e fluidos. Aparador KURVE | Espelhos KURVE Aparador KURVE Secret\u00e1ria SIMPLE | Cadeira CURVE M\u00f3vel de apoio KURVE | Aparador KURVE | Mesa IDARA M\u00f3vel de apoio KURVE | M\u00f3vel TV KURVE | Mesa ... Ler mais\" \/>\n<meta property=\"og:url\" content=\"https:\/\/www.tabula.pt\/site\/colecao-kurve\/\" \/>\n<meta property=\"og:site_name\" content=\"T\u00e1bula furniture\" \/>\n<meta property=\"article:publisher\" content=\"https:\/\/www.facebook.com\/tabula.pt\/\" \/>\n<meta property=\"article:modified_time\" content=\"2021-07-09T08:23:16+00:00\" \/>\n<meta property=\"og:image\" content=\"https:\/\/www.tabula.pt\/site\/wp-content\/uploads\/2021\/03\/Kurve_sideboard2021-1024x614.jpg\" \/>\n<meta name=\"twitter:card\" content=\"summary_large_image\" \/>\n<script type=\"application\/ld+json\" class=\"yoast-schema-graph\">{\"@context\":\"https:\/\/schema.org\",\"@graph\":[{\"@type\":\"WebPage\",\"@id\":\"https:\/\/www.tabula.pt\/site\/colecao-kurve\/\",\"url\":\"https:\/\/www.tabula.pt\/site\/colecao-kurve\/\",\"name\":\"Cole\u00e7\u00e3o KURVE - T\u00e1bula furniture\",\"isPartOf\":{\"@id\":\"https:\/\/www.tabula.pt\/site\/#website\"},\"primaryImageOfPage\":{\"@id\":\"https:\/\/www.tabula.pt\/site\/colecao-kurve\/#primaryimage\"},\"image\":{\"@id\":\"https:\/\/www.tabula.pt\/site\/colecao-kurve\/#primaryimage\"},\"thumbnailUrl\":\"https:\/\/www.tabula.pt\/site\/wp-content\/uploads\/2021\/03\/Kurve_sideboard2021-1024x614.jpg\",\"datePublished\":\"2021-03-05T17:40:39+00:00\",\"dateModified\":\"2021-07-09T08:23:16+00:00\",\"breadcrumb\":{\"@id\":\"https:\/\/www.tabula.pt\/site\/colecao-kurve\/#breadcrumb\"},\"inLanguage\":\"pt-PT\",\"potentialAction\":[{\"@type\":\"ReadAction\",\"target\":[\"https:\/\/www.tabula.pt\/site\/colecao-kurve\/\"]}]},{\"@type\":\"ImageObject\",\"inLanguage\":\"pt-PT\",\"@id\":\"https:\/\/www.tabula.pt\/site\/colecao-kurve\/#primaryimage\",\"url\":\"https:\/\/www.tabula.pt\/site\/wp-content\/uploads\/2021\/03\/Kurve_sideboard2021.jpg\",\"contentUrl\":\"https:\/\/www.tabula.pt\/site\/wp-content\/uploads\/2021\/03\/Kurve_sideboard2021.jpg\",\"width\":1500,\"height\":900,\"caption\":\"Aparador KURVE\"},{\"@type\":\"BreadcrumbList\",\"@id\":\"https:\/\/www.tabula.pt\/site\/colecao-kurve\/#breadcrumb\",\"itemListElement\":[{\"@type\":\"ListItem\",\"position\":1,\"name\":\"In\u00edcio\",\"item\":\"https:\/\/www.tabula.pt\/site\/\"},{\"@type\":\"ListItem\",\"position\":2,\"name\":\"Cole\u00e7\u00e3o KURVE\"}]},{\"@type\":\"WebSite\",\"@id\":\"https:\/\/www.tabula.pt\/site\/#website\",\"url\":\"https:\/\/www.tabula.pt\/site\/\",\"name\":\"T\u00e1bula furniture\",\"description\":\"Mobili\u00e1rio e projetos \u00e0 medida\",\"publisher\":{\"@id\":\"https:\/\/www.tabula.pt\/site\/#organization\"},\"potentialAction\":[{\"@type\":\"SearchAction\",\"target\":{\"@type\":\"EntryPoint\",\"urlTemplate\":\"https:\/\/www.tabula.pt\/site\/?s={search_term_string}\"},\"query-input\":{\"@type\":\"PropertyValueSpecification\",\"valueRequired\":true,\"valueName\":\"search_term_string\"}}],\"inLanguage\":\"pt-PT\"},{\"@type\":\"Organization\",\"@id\":\"https:\/\/www.tabula.pt\/site\/#organization\",\"name\":\"T\u00e1bula\",\"url\":\"https:\/\/www.tabula.pt\/site\/\",\"logo\":{\"@type\":\"ImageObject\",\"inLanguage\":\"pt-PT\",\"@id\":\"https:\/\/www.tabula.pt\/site\/#\/schema\/logo\/image\/\",\"url\":\"https:\/\/www.tabula.pt\/site\/wp-content\/uploads\/2019\/12\/t\u00e1bula-logo_peq_fb-e1576075812445.png\",\"contentUrl\":\"https:\/\/www.tabula.pt\/site\/wp-content\/uploads\/2019\/12\/t\u00e1bula-logo_peq_fb-e1576075812445.png\",\"width\":100,\"height\":73,\"caption\":\"T\u00e1bula\"},\"image\":{\"@id\":\"https:\/\/www.tabula.pt\/site\/#\/schema\/logo\/image\/\"},\"sameAs\":[\"https:\/\/www.facebook.com\/tabula.pt\/\",\"https:\/\/www.instagram.com\/tabula_furniture\/\"]}]}<\/script>\n<!-- \/ Yoast SEO plugin. -->","yoast_head_json":{"title":"Cole\u00e7\u00e3o KURVE - T\u00e1bula furniture","robots":{"index":"index","follow":"follow","max-snippet":"max-snippet:-1","max-image-preview":"max-image-preview:large","max-video-preview":"max-video-preview:-1"},"canonical":"https:\/\/www.tabula.pt\/site\/colecao-kurve\/","og_locale":"pt_PT","og_type":"article","og_title":"Cole\u00e7\u00e3o KURVE - T\u00e1bula furniture","og_description":"Uma nova sensa\u00e7\u00e3o no ambiente com um design org\u00e2nico e formas arredondadas. O movimento das linhas curvas criam espa\u00e7os acolhedores, leves e fluidos. Aparador KURVE | Espelhos KURVE Aparador KURVE Secret\u00e1ria SIMPLE | Cadeira CURVE M\u00f3vel de apoio KURVE | Aparador KURVE | Mesa IDARA M\u00f3vel de apoio KURVE | M\u00f3vel TV KURVE | Mesa ... Ler mais","og_url":"https:\/\/www.tabula.pt\/site\/colecao-kurve\/","og_site_name":"T\u00e1bula furniture","article_publisher":"https:\/\/www.facebook.com\/tabula.pt\/","article_modified_time":"2021-07-09T08:23:16+00:00","og_image":[{"url":"https:\/\/www.tabula.pt\/site\/wp-content\/uploads\/2021\/03\/Kurve_sideboard2021-1024x614.jpg","type":"","width":"","height":""}],"twitter_card":"summary_large_image","schema":{"@context":"https:\/\/schema.org","@graph":[{"@type":"WebPage","@id":"https:\/\/www.tabula.pt\/site\/colecao-kurve\/","url":"https:\/\/www.tabula.pt\/site\/colecao-kurve\/","name":"Cole\u00e7\u00e3o KURVE - T\u00e1bula furniture","isPartOf":{"@id":"https:\/\/www.tabula.pt\/site\/#website"},"primaryImageOfPage":{"@id":"https:\/\/www.tabula.pt\/site\/colecao-kurve\/#primaryimage"},"image":{"@id":"https:\/\/www.tabula.pt\/site\/colecao-kurve\/#primaryimage"},"thumbnailUrl":"https:\/\/www.tabula.pt\/site\/wp-content\/uploads\/2021\/03\/Kurve_sideboard2021-1024x614.jpg","datePublished":"2021-03-05T17:40:39+00:00","dateModified":"2021-07-09T08:23:16+00:00","breadcrumb":{"@id":"https:\/\/www.tabula.pt\/site\/colecao-kurve\/#breadcrumb"},"inLanguage":"pt-PT","potentialAction":[{"@type":"ReadAction","target":["https:\/\/www.tabula.pt\/site\/colecao-kurve\/"]}]},{"@type":"ImageObject","inLanguage":"pt-PT","@id":"https:\/\/www.tabula.pt\/site\/colecao-kurve\/#primaryimage","url":"https:\/\/www.tabula.pt\/site\/wp-content\/uploads\/2021\/03\/Kurve_sideboard2021.jpg","contentUrl":"https:\/\/www.tabula.pt\/site\/wp-content\/uploads\/2021\/03\/Kurve_sideboard2021.jpg","width":1500,"height":900,"caption":"Aparador KURVE"},{"@type":"BreadcrumbList","@id":"https:\/\/www.tabula.pt\/site\/colecao-kurve\/#breadcrumb","itemListElement":[{"@type":"ListItem","position":1,"name":"In\u00edcio","item":"https:\/\/www.tabula.pt\/site\/"},{"@type":"ListItem","position":2,"name":"Cole\u00e7\u00e3o KURVE"}]},{"@type":"WebSite","@id":"https:\/\/www.tabula.pt\/site\/#website","url":"https:\/\/www.tabula.pt\/site\/","name":"T\u00e1bula furniture","description":"Mobili\u00e1rio e projetos \u00e0 medida","publisher":{"@id":"https:\/\/www.tabula.pt\/site\/#organization"},"potentialAction":[{"@type":"SearchAction","target":{"@type":"EntryPoint","urlTemplate":"https:\/\/www.tabula.pt\/site\/?s={search_term_string}"},"query-input":{"@type":"PropertyValueSpecification","valueRequired":true,"valueName":"search_term_string"}}],"inLanguage":"pt-PT"},{"@type":"Organization","@id":"https:\/\/www.tabula.pt\/site\/#organization","name":"T\u00e1bula","url":"https:\/\/www.tabula.pt\/site\/","logo":{"@type":"ImageObject","inLanguage":"pt-PT","@id":"https:\/\/www.tabula.pt\/site\/#\/schema\/logo\/image\/","url":"https:\/\/www.tabula.pt\/site\/wp-content\/uploads\/2019\/12\/t\u00e1bula-logo_peq_fb-e1576075812445.png","contentUrl":"https:\/\/www.tabula.pt\/site\/wp-content\/uploads\/2019\/12\/t\u00e1bula-logo_peq_fb-e1576075812445.png","width":100,"height":73,"caption":"T\u00e1bula"},"image":{"@id":"https:\/\/www.tabula.pt\/site\/#\/schema\/logo\/image\/"},"sameAs":["https:\/\/www.facebook.com\/tabula.pt\/","https:\/\/www.instagram.com\/tabula_furniture\/"]}]}},"_links":{"self":[{"href":"https:\/\/www.tabula.pt\/site\/wp-json\/wp\/v2\/pages\/1682","targetHints":{"allow":["GET"]}}],"collection":[{"href":"https:\/\/www.tabula.pt\/site\/wp-json\/wp\/v2\/pages"}],"about":[{"href":"https:\/\/www.tabula.pt\/site\/wp-json\/wp\/v2\/types\/page"}],"author":[{"embeddable":true,"href":"https:\/\/www.tabula.pt\/site\/wp-json\/wp\/v2\/users\/1"}],"replies":[{"embeddable":true,"href":"https:\/\/www.tabula.pt\/site\/wp-json\/wp\/v2\/comments?post=1682"}],"version-history":[{"count":12,"href":"https:\/\/www.tabula.pt\/site\/wp-json\/wp\/v2\/pages\/1682\/revisions"}],"predecessor-version":[{"id":2038,"href":"https:\/\/www.tabula.pt\/site\/wp-json\/wp\/v2\/pages\/1682\/revisions\/2038"}],"wp:attachment":[{"href":"https:\/\/www.tabula.pt\/site\/wp-json\/wp\/v2\/media?parent=1682"}],"curies":[{"name":"wp","href":"https:\/\/api.w.org\/{rel}","templated":true}]}}