{"id":1826,"date":"2021-05-25T15:52:52","date_gmt":"2021-05-25T15:52:52","guid":{"rendered":"https:\/\/www.tabula.pt\/site\/?page_id=1826"},"modified":"2021-07-07T15:53:52","modified_gmt":"2021-07-07T15:53:52","slug":"fly-collection","status":"publish","type":"page","link":"https:\/\/www.tabula.pt\/site\/fly-collection\/","title":{"rendered":"FLY Collection"},"content":{"rendered":"\t\t<div data-elementor-type=\"wp-page\" data-elementor-id=\"1826\" class=\"elementor elementor-1826\" data-elementor-post-type=\"page\">\n\t\t\t\t\t\t<section class=\"elementor-section elementor-top-section elementor-element elementor-element-3598eb2 elementor-section-boxed elementor-section-height-default elementor-section-height-default\" data-id=\"3598eb2\" data-element_type=\"section\" data-e-type=\"section\">\n\t\t\t\t\t\t<div class=\"elementor-container elementor-column-gap-default\">\n\t\t\t\t\t<div class=\"elementor-column elementor-col-100 elementor-top-column elementor-element elementor-element-f194212\" data-id=\"f194212\" data-element_type=\"column\" data-e-type=\"column\">\n\t\t\t<div class=\"elementor-widget-wrap elementor-element-populated\">\n\t\t\t\t\t\t<div class=\"elementor-element elementor-element-ec87b05 elementor-widget elementor-widget-text-editor\" data-id=\"ec87b05\" data-element_type=\"widget\" data-e-type=\"widget\" data-widget_type=\"text-editor.default\">\n\t\t\t\t<div class=\"elementor-widget-container\">\n\t\t\t\t\t\t\t\t\t<p>When we try to describe perfection and happiness in your home, it comes to mind, FLY collection.<\/p><p>A colection full of textures and detailed inspirations.<\/p>\t\t\t\t\t\t\t\t<\/div>\n\t\t\t\t<\/div>\n\t\t\t\t\t<\/div>\n\t\t<\/div>\n\t\t\t\t\t<\/div>\n\t\t<\/section>\n\t\t\t\t<section class=\"elementor-section elementor-top-section elementor-element elementor-element-4b1ca08 elementor-section-boxed elementor-section-height-default elementor-section-height-default\" data-id=\"4b1ca08\" data-element_type=\"section\" data-e-type=\"section\">\n\t\t\t\t\t\t<div class=\"elementor-container elementor-column-gap-default\">\n\t\t\t\t\t<div class=\"elementor-column elementor-col-100 elementor-top-column elementor-element elementor-element-3aad3e5\" data-id=\"3aad3e5\" data-element_type=\"column\" data-e-type=\"column\">\n\t\t\t<div class=\"elementor-widget-wrap elementor-element-populated\">\n\t\t\t\t\t\t<div class=\"elementor-element elementor-element-e71c892 elementor-widget elementor-widget-image\" data-id=\"e71c892\" data-element_type=\"widget\" data-e-type=\"widget\" data-widget_type=\"image.default\">\n\t\t\t\t<div class=\"elementor-widget-container\">\n\t\t\t\t\t\t\t\t\t\t\t\t\t\t\t<img fetchpriority=\"high\" decoding=\"async\" width=\"1024\" height=\"544\" src=\"https:\/\/www.tabula.pt\/site\/wp-content\/uploads\/2021\/05\/Fly-Living-room-1-1024x544.jpg\" class=\"attachment-large size-large wp-image-1925\" alt=\"\" srcset=\"https:\/\/www.tabula.pt\/site\/wp-content\/uploads\/2021\/05\/Fly-Living-room-1-1024x544.jpg 1024w, https:\/\/www.tabula.pt\/site\/wp-content\/uploads\/2021\/05\/Fly-Living-room-1-600x319.jpg 600w, https:\/\/www.tabula.pt\/site\/wp-content\/uploads\/2021\/05\/Fly-Living-room-1-300x159.jpg 300w, https:\/\/www.tabula.pt\/site\/wp-content\/uploads\/2021\/05\/Fly-Living-room-1-768x408.jpg 768w, https:\/\/www.tabula.pt\/site\/wp-content\/uploads\/2021\/05\/Fly-Living-room-1.jpg 1500w\" sizes=\"(max-width: 1024px) 100vw, 1024px\" \/>\t\t\t\t\t\t\t\t\t\t\t\t\t\t\t<\/div>\n\t\t\t\t<\/div>\n\t\t\t\t\t<\/div>\n\t\t<\/div>\n\t\t\t\t\t<\/div>\n\t\t<\/section>\n\t\t\t\t<section class=\"elementor-section elementor-top-section elementor-element elementor-element-74e4428 elementor-section-boxed elementor-section-height-default elementor-section-height-default\" data-id=\"74e4428\" data-element_type=\"section\" data-e-type=\"section\">\n\t\t\t\t\t\t<div class=\"elementor-container elementor-column-gap-default\">\n\t\t\t\t\t<div class=\"elementor-column elementor-col-100 elementor-top-column elementor-element elementor-element-ea563de\" data-id=\"ea563de\" data-element_type=\"column\" data-e-type=\"column\">\n\t\t\t<div class=\"elementor-widget-wrap elementor-element-populated\">\n\t\t\t\t\t\t<div class=\"elementor-element elementor-element-7a537fc elementor-widget elementor-widget-image\" data-id=\"7a537fc\" data-element_type=\"widget\" data-e-type=\"widget\" data-widget_type=\"image.default\">\n\t\t\t\t<div class=\"elementor-widget-container\">\n\t\t\t\t\t\t\t\t\t\t\t\t\t\t\t<img decoding=\"async\" width=\"1024\" height=\"666\" src=\"https:\/\/www.tabula.pt\/site\/wp-content\/uploads\/2021\/05\/Fly-Sofa-1-1024x666.jpg\" class=\"attachment-large size-large wp-image-1926\" alt=\"\" srcset=\"https:\/\/www.tabula.pt\/site\/wp-content\/uploads\/2021\/05\/Fly-Sofa-1-1024x666.jpg 1024w, https:\/\/www.tabula.pt\/site\/wp-content\/uploads\/2021\/05\/Fly-Sofa-1-600x390.jpg 600w, https:\/\/www.tabula.pt\/site\/wp-content\/uploads\/2021\/05\/Fly-Sofa-1-300x195.jpg 300w, https:\/\/www.tabula.pt\/site\/wp-content\/uploads\/2021\/05\/Fly-Sofa-1-768x499.jpg 768w, https:\/\/www.tabula.pt\/site\/wp-content\/uploads\/2021\/05\/Fly-Sofa-1.jpg 1500w\" sizes=\"(max-width: 1024px) 100vw, 1024px\" \/>\t\t\t\t\t\t\t\t\t\t\t\t\t\t\t<\/div>\n\t\t\t\t<\/div>\n\t\t\t\t\t<\/div>\n\t\t<\/div>\n\t\t\t\t\t<\/div>\n\t\t<\/section>\n\t\t\t\t<section class=\"elementor-section elementor-top-section elementor-element elementor-element-68fd8fb elementor-section-boxed elementor-section-height-default elementor-section-height-default\" data-id=\"68fd8fb\" data-element_type=\"section\" data-e-type=\"section\">\n\t\t\t\t\t\t<div class=\"elementor-container elementor-column-gap-default\">\n\t\t\t\t\t<div class=\"elementor-column elementor-col-50 elementor-top-column elementor-element elementor-element-537737d\" data-id=\"537737d\" data-element_type=\"column\" data-e-type=\"column\">\n\t\t\t<div class=\"elementor-widget-wrap elementor-element-populated\">\n\t\t\t\t\t\t<div class=\"elementor-element elementor-element-528e85c elementor-widget elementor-widget-image\" data-id=\"528e85c\" data-element_type=\"widget\" data-e-type=\"widget\" data-widget_type=\"image.default\">\n\t\t\t\t<div class=\"elementor-widget-container\">\n\t\t\t\t\t\t\t\t\t\t\t\t\t\t\t<img decoding=\"async\" width=\"1024\" height=\"768\" src=\"https:\/\/www.tabula.pt\/site\/wp-content\/uploads\/2021\/05\/Fly-sideboard-1-1024x768.jpg\" class=\"attachment-large size-large wp-image-1928\" alt=\"\" srcset=\"https:\/\/www.tabula.pt\/site\/wp-content\/uploads\/2021\/05\/Fly-sideboard-1-1024x768.jpg 1024w, https:\/\/www.tabula.pt\/site\/wp-content\/uploads\/2021\/05\/Fly-sideboard-1-600x450.jpg 600w, https:\/\/www.tabula.pt\/site\/wp-content\/uploads\/2021\/05\/Fly-sideboard-1-300x225.jpg 300w, https:\/\/www.tabula.pt\/site\/wp-content\/uploads\/2021\/05\/Fly-sideboard-1-768x576.jpg 768w, https:\/\/www.tabula.pt\/site\/wp-content\/uploads\/2021\/05\/Fly-sideboard-1.jpg 1500w\" sizes=\"(max-width: 1024px) 100vw, 1024px\" \/>\t\t\t\t\t\t\t\t\t\t\t\t\t\t\t<\/div>\n\t\t\t\t<\/div>\n\t\t\t\t\t<\/div>\n\t\t<\/div>\n\t\t\t\t<div class=\"elementor-column elementor-col-50 elementor-top-column elementor-element elementor-element-e1b091b\" data-id=\"e1b091b\" data-element_type=\"column\" data-e-type=\"column\">\n\t\t\t<div class=\"elementor-widget-wrap elementor-element-populated\">\n\t\t\t\t\t\t<div class=\"elementor-element elementor-element-1c90063 elementor-widget elementor-widget-image\" data-id=\"1c90063\" data-element_type=\"widget\" data-e-type=\"widget\" data-widget_type=\"image.default\">\n\t\t\t\t<div class=\"elementor-widget-container\">\n\t\t\t\t\t\t\t\t\t\t\t\t\t\t\t<img loading=\"lazy\" decoding=\"async\" width=\"1024\" height=\"768\" src=\"https:\/\/www.tabula.pt\/site\/wp-content\/uploads\/2021\/05\/Fly-high-sideboard-1-1024x768.jpg\" class=\"attachment-large size-large wp-image-1927\" alt=\"\" srcset=\"https:\/\/www.tabula.pt\/site\/wp-content\/uploads\/2021\/05\/Fly-high-sideboard-1-1024x768.jpg 1024w, https:\/\/www.tabula.pt\/site\/wp-content\/uploads\/2021\/05\/Fly-high-sideboard-1-600x450.jpg 600w, https:\/\/www.tabula.pt\/site\/wp-content\/uploads\/2021\/05\/Fly-high-sideboard-1-300x225.jpg 300w, https:\/\/www.tabula.pt\/site\/wp-content\/uploads\/2021\/05\/Fly-high-sideboard-1-768x576.jpg 768w, https:\/\/www.tabula.pt\/site\/wp-content\/uploads\/2021\/05\/Fly-high-sideboard-1.jpg 1500w\" sizes=\"(max-width: 1024px) 100vw, 1024px\" \/>\t\t\t\t\t\t\t\t\t\t\t\t\t\t\t<\/div>\n\t\t\t\t<\/div>\n\t\t\t\t\t<\/div>\n\t\t<\/div>\n\t\t\t\t\t<\/div>\n\t\t<\/section>\n\t\t\t\t<section class=\"elementor-section elementor-top-section elementor-element elementor-element-464dd3d elementor-section-boxed elementor-section-height-default elementor-section-height-default\" data-id=\"464dd3d\" data-element_type=\"section\" data-e-type=\"section\">\n\t\t\t\t\t\t<div class=\"elementor-container elementor-column-gap-default\">\n\t\t\t\t\t<div class=\"elementor-column elementor-col-100 elementor-top-column elementor-element elementor-element-52d5311\" data-id=\"52d5311\" data-element_type=\"column\" data-e-type=\"column\">\n\t\t\t<div class=\"elementor-widget-wrap elementor-element-populated\">\n\t\t\t\t\t\t<div class=\"elementor-element elementor-element-165ecc0 elementor-widget elementor-widget-image\" data-id=\"165ecc0\" data-element_type=\"widget\" data-e-type=\"widget\" data-widget_type=\"image.default\">\n\t\t\t\t<div class=\"elementor-widget-container\">\n\t\t\t\t\t\t\t\t\t\t\t\t\t\t\t<img loading=\"lazy\" decoding=\"async\" width=\"784\" height=\"611\" src=\"https:\/\/www.tabula.pt\/site\/wp-content\/uploads\/2021\/05\/sideboardOak_Fly-1.png\" class=\"attachment-large size-large wp-image-1976\" alt=\"\" srcset=\"https:\/\/www.tabula.pt\/site\/wp-content\/uploads\/2021\/05\/sideboardOak_Fly-1.png 784w, https:\/\/www.tabula.pt\/site\/wp-content\/uploads\/2021\/05\/sideboardOak_Fly-1-600x468.png 600w, https:\/\/www.tabula.pt\/site\/wp-content\/uploads\/2021\/05\/sideboardOak_Fly-1-300x234.png 300w, https:\/\/www.tabula.pt\/site\/wp-content\/uploads\/2021\/05\/sideboardOak_Fly-1-768x599.png 768w\" sizes=\"(max-width: 784px) 100vw, 784px\" \/>\t\t\t\t\t\t\t\t\t\t\t\t\t\t\t<\/div>\n\t\t\t\t<\/div>\n\t\t\t\t\t<\/div>\n\t\t<\/div>\n\t\t\t\t\t<\/div>\n\t\t<\/section>\n\t\t\t\t<section class=\"elementor-section elementor-top-section elementor-element elementor-element-89334e1 elementor-section-boxed elementor-section-height-default elementor-section-height-default\" data-id=\"89334e1\" data-element_type=\"section\" data-e-type=\"section\">\n\t\t\t\t\t\t<div class=\"elementor-container elementor-column-gap-default\">\n\t\t\t\t\t<div class=\"elementor-column elementor-col-100 elementor-top-column elementor-element elementor-element-2929b25\" data-id=\"2929b25\" data-element_type=\"column\" data-e-type=\"column\">\n\t\t\t<div class=\"elementor-widget-wrap elementor-element-populated\">\n\t\t\t\t\t\t<div class=\"elementor-element elementor-element-31379b2 elementor-widget elementor-widget-image\" data-id=\"31379b2\" data-element_type=\"widget\" data-e-type=\"widget\" data-widget_type=\"image.default\">\n\t\t\t\t<div class=\"elementor-widget-container\">\n\t\t\t\t\t\t\t\t\t\t\t\t\t\t\t<img loading=\"lazy\" decoding=\"async\" width=\"1024\" height=\"614\" src=\"https:\/\/www.tabula.pt\/site\/wp-content\/uploads\/2021\/05\/Fly-entrance-hall-1-1024x614.jpg\" class=\"attachment-large size-large wp-image-1929\" alt=\"\" srcset=\"https:\/\/www.tabula.pt\/site\/wp-content\/uploads\/2021\/05\/Fly-entrance-hall-1-1024x614.jpg 1024w, https:\/\/www.tabula.pt\/site\/wp-content\/uploads\/2021\/05\/Fly-entrance-hall-1-600x360.jpg 600w, https:\/\/www.tabula.pt\/site\/wp-content\/uploads\/2021\/05\/Fly-entrance-hall-1-300x180.jpg 300w, https:\/\/www.tabula.pt\/site\/wp-content\/uploads\/2021\/05\/Fly-entrance-hall-1-768x461.jpg 768w, https:\/\/www.tabula.pt\/site\/wp-content\/uploads\/2021\/05\/Fly-entrance-hall-1.jpg 1500w\" sizes=\"(max-width: 1024px) 100vw, 1024px\" \/>\t\t\t\t\t\t\t\t\t\t\t\t\t\t\t<\/div>\n\t\t\t\t<\/div>\n\t\t\t\t\t<\/div>\n\t\t<\/div>\n\t\t\t\t\t<\/div>\n\t\t<\/section>\n\t\t\t\t<\/div>\n\t\t","protected":false},"excerpt":{"rendered":"<p>When we try to describe perfection and happiness in your home, it comes to mind, FLY collection. A colection full of textures and detailed inspirations.<\/p>\n","protected":false},"author":1,"featured_media":0,"parent":0,"menu_order":0,"comment_status":"closed","ping_status":"closed","template":"","meta":{"_monsterinsights_skip_tracking":false,"_monsterinsights_sitenote_active":false,"_monsterinsights_sitenote_note":"","_monsterinsights_sitenote_category":0,"footnotes":""},"class_list":["post-1826","page","type-page","status-publish"],"yoast_head":"<!-- This site is optimized with the Yoast SEO plugin v27.1.1 - https:\/\/yoast.com\/product\/yoast-seo-wordpress\/ -->\n<title>FLY Collection - T\u00e1bula furniture<\/title>\n<meta name=\"robots\" content=\"index, follow, max-snippet:-1, max-image-preview:large, max-video-preview:-1\" \/>\n<link rel=\"canonical\" href=\"https:\/\/www.tabula.pt\/site\/fly-collection\/\" \/>\n<meta property=\"og:locale\" content=\"pt_PT\" \/>\n<meta property=\"og:type\" content=\"article\" \/>\n<meta property=\"og:title\" content=\"FLY Collection - T\u00e1bula furniture\" \/>\n<meta property=\"og:description\" content=\"When we try to describe perfection and happiness in your home, it comes to mind, FLY collection. A colection full of textures and detailed inspirations.\" \/>\n<meta property=\"og:url\" content=\"https:\/\/www.tabula.pt\/site\/fly-collection\/\" \/>\n<meta property=\"og:site_name\" content=\"T\u00e1bula furniture\" \/>\n<meta property=\"article:publisher\" content=\"https:\/\/www.facebook.com\/tabula.pt\/\" \/>\n<meta property=\"article:modified_time\" content=\"2021-07-07T15:53:52+00:00\" \/>\n<meta property=\"og:image\" content=\"https:\/\/www.tabula.pt\/site\/wp-content\/uploads\/2021\/05\/Fly-Living-room-1-1024x544.jpg\" \/>\n<meta name=\"twitter:card\" content=\"summary_large_image\" \/>\n<script type=\"application\/ld+json\" class=\"yoast-schema-graph\">{\"@context\":\"https:\/\/schema.org\",\"@graph\":[{\"@type\":\"WebPage\",\"@id\":\"https:\/\/www.tabula.pt\/site\/fly-collection\/\",\"url\":\"https:\/\/www.tabula.pt\/site\/fly-collection\/\",\"name\":\"FLY Collection - T\u00e1bula furniture\",\"isPartOf\":{\"@id\":\"https:\/\/www.tabula.pt\/site\/#website\"},\"primaryImageOfPage\":{\"@id\":\"https:\/\/www.tabula.pt\/site\/fly-collection\/#primaryimage\"},\"image\":{\"@id\":\"https:\/\/www.tabula.pt\/site\/fly-collection\/#primaryimage\"},\"thumbnailUrl\":\"https:\/\/www.tabula.pt\/site\/wp-content\/uploads\/2021\/05\/Fly-Living-room-1-1024x544.jpg\",\"datePublished\":\"2021-05-25T15:52:52+00:00\",\"dateModified\":\"2021-07-07T15:53:52+00:00\",\"breadcrumb\":{\"@id\":\"https:\/\/www.tabula.pt\/site\/fly-collection\/#breadcrumb\"},\"inLanguage\":\"pt-PT\",\"potentialAction\":[{\"@type\":\"ReadAction\",\"target\":[\"https:\/\/www.tabula.pt\/site\/fly-collection\/\"]}]},{\"@type\":\"ImageObject\",\"inLanguage\":\"pt-PT\",\"@id\":\"https:\/\/www.tabula.pt\/site\/fly-collection\/#primaryimage\",\"url\":\"https:\/\/www.tabula.pt\/site\/wp-content\/uploads\/2021\/05\/Fly-Living-room-1.jpg\",\"contentUrl\":\"https:\/\/www.tabula.pt\/site\/wp-content\/uploads\/2021\/05\/Fly-Living-room-1.jpg\",\"width\":1500,\"height\":797},{\"@type\":\"BreadcrumbList\",\"@id\":\"https:\/\/www.tabula.pt\/site\/fly-collection\/#breadcrumb\",\"itemListElement\":[{\"@type\":\"ListItem\",\"position\":1,\"name\":\"In\u00edcio\",\"item\":\"https:\/\/www.tabula.pt\/site\/\"},{\"@type\":\"ListItem\",\"position\":2,\"name\":\"FLY Collection\"}]},{\"@type\":\"WebSite\",\"@id\":\"https:\/\/www.tabula.pt\/site\/#website\",\"url\":\"https:\/\/www.tabula.pt\/site\/\",\"name\":\"T\u00e1bula furniture\",\"description\":\"Mobili\u00e1rio e projetos \u00e0 medida\",\"publisher\":{\"@id\":\"https:\/\/www.tabula.pt\/site\/#organization\"},\"potentialAction\":[{\"@type\":\"SearchAction\",\"target\":{\"@type\":\"EntryPoint\",\"urlTemplate\":\"https:\/\/www.tabula.pt\/site\/?s={search_term_string}\"},\"query-input\":{\"@type\":\"PropertyValueSpecification\",\"valueRequired\":true,\"valueName\":\"search_term_string\"}}],\"inLanguage\":\"pt-PT\"},{\"@type\":\"Organization\",\"@id\":\"https:\/\/www.tabula.pt\/site\/#organization\",\"name\":\"T\u00e1bula\",\"url\":\"https:\/\/www.tabula.pt\/site\/\",\"logo\":{\"@type\":\"ImageObject\",\"inLanguage\":\"pt-PT\",\"@id\":\"https:\/\/www.tabula.pt\/site\/#\/schema\/logo\/image\/\",\"url\":\"https:\/\/www.tabula.pt\/site\/wp-content\/uploads\/2019\/12\/t\u00e1bula-logo_peq_fb-e1576075812445.png\",\"contentUrl\":\"https:\/\/www.tabula.pt\/site\/wp-content\/uploads\/2019\/12\/t\u00e1bula-logo_peq_fb-e1576075812445.png\",\"width\":100,\"height\":73,\"caption\":\"T\u00e1bula\"},\"image\":{\"@id\":\"https:\/\/www.tabula.pt\/site\/#\/schema\/logo\/image\/\"},\"sameAs\":[\"https:\/\/www.facebook.com\/tabula.pt\/\",\"https:\/\/www.instagram.com\/tabula_furniture\/\"]}]}<\/script>\n<!-- \/ Yoast SEO plugin. -->","yoast_head_json":{"title":"FLY Collection - T\u00e1bula furniture","robots":{"index":"index","follow":"follow","max-snippet":"max-snippet:-1","max-image-preview":"max-image-preview:large","max-video-preview":"max-video-preview:-1"},"canonical":"https:\/\/www.tabula.pt\/site\/fly-collection\/","og_locale":"pt_PT","og_type":"article","og_title":"FLY Collection - T\u00e1bula furniture","og_description":"When we try to describe perfection and happiness in your home, it comes to mind, FLY collection. A colection full of textures and detailed inspirations.","og_url":"https:\/\/www.tabula.pt\/site\/fly-collection\/","og_site_name":"T\u00e1bula furniture","article_publisher":"https:\/\/www.facebook.com\/tabula.pt\/","article_modified_time":"2021-07-07T15:53:52+00:00","og_image":[{"url":"https:\/\/www.tabula.pt\/site\/wp-content\/uploads\/2021\/05\/Fly-Living-room-1-1024x544.jpg","type":"","width":"","height":""}],"twitter_card":"summary_large_image","schema":{"@context":"https:\/\/schema.org","@graph":[{"@type":"WebPage","@id":"https:\/\/www.tabula.pt\/site\/fly-collection\/","url":"https:\/\/www.tabula.pt\/site\/fly-collection\/","name":"FLY Collection - T\u00e1bula furniture","isPartOf":{"@id":"https:\/\/www.tabula.pt\/site\/#website"},"primaryImageOfPage":{"@id":"https:\/\/www.tabula.pt\/site\/fly-collection\/#primaryimage"},"image":{"@id":"https:\/\/www.tabula.pt\/site\/fly-collection\/#primaryimage"},"thumbnailUrl":"https:\/\/www.tabula.pt\/site\/wp-content\/uploads\/2021\/05\/Fly-Living-room-1-1024x544.jpg","datePublished":"2021-05-25T15:52:52+00:00","dateModified":"2021-07-07T15:53:52+00:00","breadcrumb":{"@id":"https:\/\/www.tabula.pt\/site\/fly-collection\/#breadcrumb"},"inLanguage":"pt-PT","potentialAction":[{"@type":"ReadAction","target":["https:\/\/www.tabula.pt\/site\/fly-collection\/"]}]},{"@type":"ImageObject","inLanguage":"pt-PT","@id":"https:\/\/www.tabula.pt\/site\/fly-collection\/#primaryimage","url":"https:\/\/www.tabula.pt\/site\/wp-content\/uploads\/2021\/05\/Fly-Living-room-1.jpg","contentUrl":"https:\/\/www.tabula.pt\/site\/wp-content\/uploads\/2021\/05\/Fly-Living-room-1.jpg","width":1500,"height":797},{"@type":"BreadcrumbList","@id":"https:\/\/www.tabula.pt\/site\/fly-collection\/#breadcrumb","itemListElement":[{"@type":"ListItem","position":1,"name":"In\u00edcio","item":"https:\/\/www.tabula.pt\/site\/"},{"@type":"ListItem","position":2,"name":"FLY Collection"}]},{"@type":"WebSite","@id":"https:\/\/www.tabula.pt\/site\/#website","url":"https:\/\/www.tabula.pt\/site\/","name":"T\u00e1bula furniture","description":"Mobili\u00e1rio e projetos \u00e0 medida","publisher":{"@id":"https:\/\/www.tabula.pt\/site\/#organization"},"potentialAction":[{"@type":"SearchAction","target":{"@type":"EntryPoint","urlTemplate":"https:\/\/www.tabula.pt\/site\/?s={search_term_string}"},"query-input":{"@type":"PropertyValueSpecification","valueRequired":true,"valueName":"search_term_string"}}],"inLanguage":"pt-PT"},{"@type":"Organization","@id":"https:\/\/www.tabula.pt\/site\/#organization","name":"T\u00e1bula","url":"https:\/\/www.tabula.pt\/site\/","logo":{"@type":"ImageObject","inLanguage":"pt-PT","@id":"https:\/\/www.tabula.pt\/site\/#\/schema\/logo\/image\/","url":"https:\/\/www.tabula.pt\/site\/wp-content\/uploads\/2019\/12\/t\u00e1bula-logo_peq_fb-e1576075812445.png","contentUrl":"https:\/\/www.tabula.pt\/site\/wp-content\/uploads\/2019\/12\/t\u00e1bula-logo_peq_fb-e1576075812445.png","width":100,"height":73,"caption":"T\u00e1bula"},"image":{"@id":"https:\/\/www.tabula.pt\/site\/#\/schema\/logo\/image\/"},"sameAs":["https:\/\/www.facebook.com\/tabula.pt\/","https:\/\/www.instagram.com\/tabula_furniture\/"]}]}},"_links":{"self":[{"href":"https:\/\/www.tabula.pt\/site\/wp-json\/wp\/v2\/pages\/1826","targetHints":{"allow":["GET"]}}],"collection":[{"href":"https:\/\/www.tabula.pt\/site\/wp-json\/wp\/v2\/pages"}],"about":[{"href":"https:\/\/www.tabula.pt\/site\/wp-json\/wp\/v2\/types\/page"}],"author":[{"embeddable":true,"href":"https:\/\/www.tabula.pt\/site\/wp-json\/wp\/v2\/users\/1"}],"replies":[{"embeddable":true,"href":"https:\/\/www.tabula.pt\/site\/wp-json\/wp\/v2\/comments?post=1826"}],"version-history":[{"count":6,"href":"https:\/\/www.tabula.pt\/site\/wp-json\/wp\/v2\/pages\/1826\/revisions"}],"predecessor-version":[{"id":2023,"href":"https:\/\/www.tabula.pt\/site\/wp-json\/wp\/v2\/pages\/1826\/revisions\/2023"}],"wp:attachment":[{"href":"https:\/\/www.tabula.pt\/site\/wp-json\/wp\/v2\/media?parent=1826"}],"curies":[{"name":"wp","href":"https:\/\/api.w.org\/{rel}","templated":true}]}}