{"id":2148,"date":"2021-09-15T14:44:29","date_gmt":"2021-09-15T14:44:29","guid":{"rendered":"https:\/\/www.tabula.pt\/site\/?page_id=2148"},"modified":"2022-03-21T17:20:46","modified_gmt":"2022-03-21T17:20:46","slug":"natur-fx","status":"publish","type":"page","link":"https:\/\/www.tabula.pt\/site\/natur-fx\/","title":{"rendered":"Natur FX"},"content":{"rendered":"\t\t<div data-elementor-type=\"wp-page\" data-elementor-id=\"2148\" class=\"elementor elementor-2148\" data-elementor-post-type=\"page\">\n\t\t\t\t\t\t<section class=\"elementor-section elementor-top-section elementor-element elementor-element-f7782f4 elementor-section-boxed elementor-section-height-default elementor-section-height-default\" data-id=\"f7782f4\" data-element_type=\"section\" data-e-type=\"section\">\n\t\t\t\t\t\t<div class=\"elementor-container elementor-column-gap-default\">\n\t\t\t\t\t<div class=\"elementor-column elementor-col-50 elementor-top-column elementor-element elementor-element-c339378\" data-id=\"c339378\" data-element_type=\"column\" data-e-type=\"column\">\n\t\t\t<div class=\"elementor-widget-wrap elementor-element-populated\">\n\t\t\t\t\t\t<div class=\"elementor-element elementor-element-164266e elementor-widget elementor-widget-image\" data-id=\"164266e\" data-element_type=\"widget\" data-e-type=\"widget\" data-widget_type=\"image.default\">\n\t\t\t\t<div class=\"elementor-widget-container\">\n\t\t\t\t\t\t\t\t\t\t\t\t<figure class=\"wp-caption\">\n\t\t\t\t\t\t\t\t\t\t<img fetchpriority=\"high\" decoding=\"async\" width=\"1024\" height=\"768\" src=\"https:\/\/www.tabula.pt\/site\/wp-content\/uploads\/2021\/09\/Natur-FX-1024x768.jpeg\" class=\"attachment-large size-large wp-image-2094\" alt=\"\" srcset=\"https:\/\/www.tabula.pt\/site\/wp-content\/uploads\/2021\/09\/Natur-FX-1024x768.jpeg 1024w, https:\/\/www.tabula.pt\/site\/wp-content\/uploads\/2021\/09\/Natur-FX-scaled-600x450.jpeg 600w, https:\/\/www.tabula.pt\/site\/wp-content\/uploads\/2021\/09\/Natur-FX-300x225.jpeg 300w, https:\/\/www.tabula.pt\/site\/wp-content\/uploads\/2021\/09\/Natur-FX-768x576.jpeg 768w\" sizes=\"(max-width: 1024px) 100vw, 1024px\" \/>\t\t\t\t\t\t\t\t\t\t\t<figcaption class=\"widget-image-caption wp-caption-text\">Nota: Devido a ser fabricado com produtos naturais, as cores dos produtos, podem variar ligeiramente das imagens apresentadas<\/figcaption>\n\t\t\t\t\t\t\t\t\t\t<\/figure>\n\t\t\t\t\t\t\t\t\t<\/div>\n\t\t\t\t<\/div>\n\t\t\t\t\t<\/div>\n\t\t<\/div>\n\t\t\t\t<div class=\"elementor-column elementor-col-50 elementor-top-column elementor-element elementor-element-a14d8b2\" data-id=\"a14d8b2\" data-element_type=\"column\" data-e-type=\"column\">\n\t\t\t<div class=\"elementor-widget-wrap elementor-element-populated\">\n\t\t\t\t\t\t<div class=\"elementor-element elementor-element-3f8395b elementor-widget elementor-widget-text-editor\" data-id=\"3f8395b\" data-element_type=\"widget\" data-e-type=\"widget\" data-widget_type=\"text-editor.default\">\n\t\t\t\t<div class=\"elementor-widget-container\">\n\t\t\t\t\t\t\t\t\t<p>Mesa fixa com p\u00e9s em metal e tampo em madeira.<\/p><p><b>Acabamentos poss\u00edveis:<\/b><\/p><p>Carvalho e Carvalho r\u00fastico\u00a0 \u00a0 \u00a0 \u00a0 \u00a0 \u00a0 \u00a0 \u00a0 \u00a0\u00a0<\/p><p><b>Medidas:<\/b><\/p><p>1400 mm x 900 | 1600 mm x 900 | 1800 mm x 1100 |\u00a0 \u00a0 \u00a0 \u00a0 \u00a0 \u00a0 \u00a0 2000 mm x 1100 | 2200 mm x 1100 | 2400 mm x 1100 |\u00a0 \u00a0 \u00a0 \u00a0 \u00a02600 mm x 1100<\/p>\t\t\t\t\t\t\t\t<\/div>\n\t\t\t\t<\/div>\n\t\t\t\t\t<\/div>\n\t\t<\/div>\n\t\t\t\t\t<\/div>\n\t\t<\/section>\n\t\t\t\t<\/div>\n\t\t","protected":false},"excerpt":{"rendered":"<p>Nota: Devido a ser fabricado com produtos naturais, as cores dos produtos, podem variar ligeiramente das imagens apresentadas Mesa fixa com p\u00e9s em metal e tampo em madeira. Acabamentos poss\u00edveis: Carvalho e Carvalho r\u00fastico\u00a0 \u00a0 \u00a0 \u00a0 \u00a0 \u00a0 \u00a0 \u00a0 \u00a0\u00a0 Medidas: 1400 mm x 900 | 1600 mm x 900 | 1800 mm &#8230; <a title=\"Natur FX\" class=\"read-more\" href=\"https:\/\/www.tabula.pt\/site\/natur-fx\/\" aria-label=\"Leia mais sobre Natur FX\">Ler mais<\/a><\/p>\n","protected":false},"author":1,"featured_media":0,"parent":0,"menu_order":0,"comment_status":"closed","ping_status":"closed","template":"","meta":{"_monsterinsights_skip_tracking":false,"_monsterinsights_sitenote_active":false,"_monsterinsights_sitenote_note":"","_monsterinsights_sitenote_category":0,"footnotes":""},"class_list":["post-2148","page","type-page","status-publish"],"yoast_head":"<!-- This site is optimized with the Yoast SEO plugin v27.1.1 - https:\/\/yoast.com\/product\/yoast-seo-wordpress\/ -->\n<title>Natur FX - T\u00e1bula furniture<\/title>\n<meta name=\"robots\" content=\"index, follow, max-snippet:-1, max-image-preview:large, max-video-preview:-1\" \/>\n<link rel=\"canonical\" href=\"https:\/\/www.tabula.pt\/site\/natur-fx\/\" \/>\n<meta property=\"og:locale\" content=\"pt_PT\" \/>\n<meta property=\"og:type\" content=\"article\" \/>\n<meta property=\"og:title\" content=\"Natur FX - T\u00e1bula furniture\" \/>\n<meta property=\"og:description\" content=\"Nota: Devido a ser fabricado com produtos naturais, as cores dos produtos, podem variar ligeiramente das imagens apresentadas Mesa fixa com p\u00e9s em metal e tampo em madeira. Acabamentos poss\u00edveis: Carvalho e Carvalho r\u00fastico\u00a0 \u00a0 \u00a0 \u00a0 \u00a0 \u00a0 \u00a0 \u00a0 \u00a0\u00a0 Medidas: 1400 mm x 900 | 1600 mm x 900 | 1800 mm ... Ler mais\" \/>\n<meta property=\"og:url\" content=\"https:\/\/www.tabula.pt\/site\/natur-fx\/\" \/>\n<meta property=\"og:site_name\" content=\"T\u00e1bula furniture\" \/>\n<meta property=\"article:publisher\" content=\"https:\/\/www.facebook.com\/tabula.pt\/\" \/>\n<meta property=\"article:modified_time\" content=\"2022-03-21T17:20:46+00:00\" \/>\n<meta property=\"og:image\" content=\"https:\/\/www.tabula.pt\/site\/wp-content\/uploads\/2021\/09\/Natur-FX-1024x768.jpeg\" \/>\n<meta name=\"twitter:card\" content=\"summary_large_image\" \/>\n<script type=\"application\/ld+json\" class=\"yoast-schema-graph\">{\"@context\":\"https:\/\/schema.org\",\"@graph\":[{\"@type\":\"WebPage\",\"@id\":\"https:\/\/www.tabula.pt\/site\/natur-fx\/\",\"url\":\"https:\/\/www.tabula.pt\/site\/natur-fx\/\",\"name\":\"Natur FX - T\u00e1bula furniture\",\"isPartOf\":{\"@id\":\"https:\/\/www.tabula.pt\/site\/#website\"},\"primaryImageOfPage\":{\"@id\":\"https:\/\/www.tabula.pt\/site\/natur-fx\/#primaryimage\"},\"image\":{\"@id\":\"https:\/\/www.tabula.pt\/site\/natur-fx\/#primaryimage\"},\"thumbnailUrl\":\"https:\/\/www.tabula.pt\/site\/wp-content\/uploads\/2021\/09\/Natur-FX-1024x768.jpeg\",\"datePublished\":\"2021-09-15T14:44:29+00:00\",\"dateModified\":\"2022-03-21T17:20:46+00:00\",\"breadcrumb\":{\"@id\":\"https:\/\/www.tabula.pt\/site\/natur-fx\/#breadcrumb\"},\"inLanguage\":\"pt-PT\",\"potentialAction\":[{\"@type\":\"ReadAction\",\"target\":[\"https:\/\/www.tabula.pt\/site\/natur-fx\/\"]}]},{\"@type\":\"ImageObject\",\"inLanguage\":\"pt-PT\",\"@id\":\"https:\/\/www.tabula.pt\/site\/natur-fx\/#primaryimage\",\"url\":\"https:\/\/www.tabula.pt\/site\/wp-content\/uploads\/2021\/09\/Natur-FX-1024x768.jpeg\",\"contentUrl\":\"https:\/\/www.tabula.pt\/site\/wp-content\/uploads\/2021\/09\/Natur-FX-1024x768.jpeg\"},{\"@type\":\"BreadcrumbList\",\"@id\":\"https:\/\/www.tabula.pt\/site\/natur-fx\/#breadcrumb\",\"itemListElement\":[{\"@type\":\"ListItem\",\"position\":1,\"name\":\"In\u00edcio\",\"item\":\"https:\/\/www.tabula.pt\/site\/\"},{\"@type\":\"ListItem\",\"position\":2,\"name\":\"Natur FX\"}]},{\"@type\":\"WebSite\",\"@id\":\"https:\/\/www.tabula.pt\/site\/#website\",\"url\":\"https:\/\/www.tabula.pt\/site\/\",\"name\":\"T\u00e1bula furniture\",\"description\":\"Mobili\u00e1rio e projetos \u00e0 medida\",\"publisher\":{\"@id\":\"https:\/\/www.tabula.pt\/site\/#organization\"},\"potentialAction\":[{\"@type\":\"SearchAction\",\"target\":{\"@type\":\"EntryPoint\",\"urlTemplate\":\"https:\/\/www.tabula.pt\/site\/?s={search_term_string}\"},\"query-input\":{\"@type\":\"PropertyValueSpecification\",\"valueRequired\":true,\"valueName\":\"search_term_string\"}}],\"inLanguage\":\"pt-PT\"},{\"@type\":\"Organization\",\"@id\":\"https:\/\/www.tabula.pt\/site\/#organization\",\"name\":\"T\u00e1bula\",\"url\":\"https:\/\/www.tabula.pt\/site\/\",\"logo\":{\"@type\":\"ImageObject\",\"inLanguage\":\"pt-PT\",\"@id\":\"https:\/\/www.tabula.pt\/site\/#\/schema\/logo\/image\/\",\"url\":\"https:\/\/www.tabula.pt\/site\/wp-content\/uploads\/2019\/12\/t\u00e1bula-logo_peq_fb-e1576075812445.png\",\"contentUrl\":\"https:\/\/www.tabula.pt\/site\/wp-content\/uploads\/2019\/12\/t\u00e1bula-logo_peq_fb-e1576075812445.png\",\"width\":100,\"height\":73,\"caption\":\"T\u00e1bula\"},\"image\":{\"@id\":\"https:\/\/www.tabula.pt\/site\/#\/schema\/logo\/image\/\"},\"sameAs\":[\"https:\/\/www.facebook.com\/tabula.pt\/\",\"https:\/\/www.instagram.com\/tabula_furniture\/\"]}]}<\/script>\n<!-- \/ Yoast SEO plugin. -->","yoast_head_json":{"title":"Natur FX - T\u00e1bula furniture","robots":{"index":"index","follow":"follow","max-snippet":"max-snippet:-1","max-image-preview":"max-image-preview:large","max-video-preview":"max-video-preview:-1"},"canonical":"https:\/\/www.tabula.pt\/site\/natur-fx\/","og_locale":"pt_PT","og_type":"article","og_title":"Natur FX - T\u00e1bula furniture","og_description":"Nota: Devido a ser fabricado com produtos naturais, as cores dos produtos, podem variar ligeiramente das imagens apresentadas Mesa fixa com p\u00e9s em metal e tampo em madeira. Acabamentos poss\u00edveis: Carvalho e Carvalho r\u00fastico\u00a0 \u00a0 \u00a0 \u00a0 \u00a0 \u00a0 \u00a0 \u00a0 \u00a0\u00a0 Medidas: 1400 mm x 900 | 1600 mm x 900 | 1800 mm ... Ler mais","og_url":"https:\/\/www.tabula.pt\/site\/natur-fx\/","og_site_name":"T\u00e1bula furniture","article_publisher":"https:\/\/www.facebook.com\/tabula.pt\/","article_modified_time":"2022-03-21T17:20:46+00:00","og_image":[{"url":"https:\/\/www.tabula.pt\/site\/wp-content\/uploads\/2021\/09\/Natur-FX-1024x768.jpeg","type":"","width":"","height":""}],"twitter_card":"summary_large_image","schema":{"@context":"https:\/\/schema.org","@graph":[{"@type":"WebPage","@id":"https:\/\/www.tabula.pt\/site\/natur-fx\/","url":"https:\/\/www.tabula.pt\/site\/natur-fx\/","name":"Natur FX - T\u00e1bula furniture","isPartOf":{"@id":"https:\/\/www.tabula.pt\/site\/#website"},"primaryImageOfPage":{"@id":"https:\/\/www.tabula.pt\/site\/natur-fx\/#primaryimage"},"image":{"@id":"https:\/\/www.tabula.pt\/site\/natur-fx\/#primaryimage"},"thumbnailUrl":"https:\/\/www.tabula.pt\/site\/wp-content\/uploads\/2021\/09\/Natur-FX-1024x768.jpeg","datePublished":"2021-09-15T14:44:29+00:00","dateModified":"2022-03-21T17:20:46+00:00","breadcrumb":{"@id":"https:\/\/www.tabula.pt\/site\/natur-fx\/#breadcrumb"},"inLanguage":"pt-PT","potentialAction":[{"@type":"ReadAction","target":["https:\/\/www.tabula.pt\/site\/natur-fx\/"]}]},{"@type":"ImageObject","inLanguage":"pt-PT","@id":"https:\/\/www.tabula.pt\/site\/natur-fx\/#primaryimage","url":"https:\/\/www.tabula.pt\/site\/wp-content\/uploads\/2021\/09\/Natur-FX-1024x768.jpeg","contentUrl":"https:\/\/www.tabula.pt\/site\/wp-content\/uploads\/2021\/09\/Natur-FX-1024x768.jpeg"},{"@type":"BreadcrumbList","@id":"https:\/\/www.tabula.pt\/site\/natur-fx\/#breadcrumb","itemListElement":[{"@type":"ListItem","position":1,"name":"In\u00edcio","item":"https:\/\/www.tabula.pt\/site\/"},{"@type":"ListItem","position":2,"name":"Natur FX"}]},{"@type":"WebSite","@id":"https:\/\/www.tabula.pt\/site\/#website","url":"https:\/\/www.tabula.pt\/site\/","name":"T\u00e1bula furniture","description":"Mobili\u00e1rio e projetos \u00e0 medida","publisher":{"@id":"https:\/\/www.tabula.pt\/site\/#organization"},"potentialAction":[{"@type":"SearchAction","target":{"@type":"EntryPoint","urlTemplate":"https:\/\/www.tabula.pt\/site\/?s={search_term_string}"},"query-input":{"@type":"PropertyValueSpecification","valueRequired":true,"valueName":"search_term_string"}}],"inLanguage":"pt-PT"},{"@type":"Organization","@id":"https:\/\/www.tabula.pt\/site\/#organization","name":"T\u00e1bula","url":"https:\/\/www.tabula.pt\/site\/","logo":{"@type":"ImageObject","inLanguage":"pt-PT","@id":"https:\/\/www.tabula.pt\/site\/#\/schema\/logo\/image\/","url":"https:\/\/www.tabula.pt\/site\/wp-content\/uploads\/2019\/12\/t\u00e1bula-logo_peq_fb-e1576075812445.png","contentUrl":"https:\/\/www.tabula.pt\/site\/wp-content\/uploads\/2019\/12\/t\u00e1bula-logo_peq_fb-e1576075812445.png","width":100,"height":73,"caption":"T\u00e1bula"},"image":{"@id":"https:\/\/www.tabula.pt\/site\/#\/schema\/logo\/image\/"},"sameAs":["https:\/\/www.facebook.com\/tabula.pt\/","https:\/\/www.instagram.com\/tabula_furniture\/"]}]}},"_links":{"self":[{"href":"https:\/\/www.tabula.pt\/site\/wp-json\/wp\/v2\/pages\/2148","targetHints":{"allow":["GET"]}}],"collection":[{"href":"https:\/\/www.tabula.pt\/site\/wp-json\/wp\/v2\/pages"}],"about":[{"href":"https:\/\/www.tabula.pt\/site\/wp-json\/wp\/v2\/types\/page"}],"author":[{"embeddable":true,"href":"https:\/\/www.tabula.pt\/site\/wp-json\/wp\/v2\/users\/1"}],"replies":[{"embeddable":true,"href":"https:\/\/www.tabula.pt\/site\/wp-json\/wp\/v2\/comments?post=2148"}],"version-history":[{"count":7,"href":"https:\/\/www.tabula.pt\/site\/wp-json\/wp\/v2\/pages\/2148\/revisions"}],"predecessor-version":[{"id":2322,"href":"https:\/\/www.tabula.pt\/site\/wp-json\/wp\/v2\/pages\/2148\/revisions\/2322"}],"wp:attachment":[{"href":"https:\/\/www.tabula.pt\/site\/wp-json\/wp\/v2\/media?parent=2148"}],"curies":[{"name":"wp","href":"https:\/\/api.w.org\/{rel}","templated":true}]}}