{"id":2214,"date":"2021-10-27T09:38:25","date_gmt":"2021-10-27T09:38:25","guid":{"rendered":"https:\/\/www.tabula.pt\/site\/?page_id=2214"},"modified":"2021-10-27T09:44:23","modified_gmt":"2021-10-27T09:44:23","slug":"bowie-2","status":"publish","type":"page","link":"https:\/\/www.tabula.pt\/site\/bowie-2\/","title":{"rendered":"Bowie"},"content":{"rendered":"\t\t<div data-elementor-type=\"wp-page\" data-elementor-id=\"2214\" class=\"elementor elementor-2214\" data-elementor-post-type=\"page\">\n\t\t\t\t\t\t<section class=\"elementor-section elementor-top-section elementor-element elementor-element-2f042d9 elementor-section-boxed elementor-section-height-default elementor-section-height-default\" data-id=\"2f042d9\" data-element_type=\"section\" data-e-type=\"section\">\n\t\t\t\t\t\t<div class=\"elementor-container elementor-column-gap-default\">\n\t\t\t\t\t<div class=\"elementor-column elementor-col-50 elementor-top-column elementor-element elementor-element-49e5b71\" data-id=\"49e5b71\" data-element_type=\"column\" data-e-type=\"column\">\n\t\t\t<div class=\"elementor-widget-wrap elementor-element-populated\">\n\t\t\t\t\t\t<div class=\"elementor-element elementor-element-4bbcd58 elementor-widget elementor-widget-image\" data-id=\"4bbcd58\" data-element_type=\"widget\" data-e-type=\"widget\" data-widget_type=\"image.default\">\n\t\t\t\t<div class=\"elementor-widget-container\">\n\t\t\t\t\t\t\t\t\t\t\t\t\t\t\t<img fetchpriority=\"high\" decoding=\"async\" width=\"1024\" height=\"563\" src=\"https:\/\/www.tabula.pt\/site\/wp-content\/uploads\/2021\/09\/Mesa-perspetiva-1024x563.jpg\" class=\"attachment-large size-large wp-image-2107\" alt=\"\" srcset=\"https:\/\/www.tabula.pt\/site\/wp-content\/uploads\/2021\/09\/Mesa-perspetiva-1024x563.jpg 1024w, https:\/\/www.tabula.pt\/site\/wp-content\/uploads\/2021\/09\/Mesa-perspetiva-600x330.jpg 600w, https:\/\/www.tabula.pt\/site\/wp-content\/uploads\/2021\/09\/Mesa-perspetiva-300x165.jpg 300w, https:\/\/www.tabula.pt\/site\/wp-content\/uploads\/2021\/09\/Mesa-perspetiva-768x422.jpg 768w, https:\/\/www.tabula.pt\/site\/wp-content\/uploads\/2021\/09\/Mesa-perspetiva.jpg 2000w\" sizes=\"(max-width: 1024px) 100vw, 1024px\" \/>\t\t\t\t\t\t\t\t\t\t\t\t\t\t\t<\/div>\n\t\t\t\t<\/div>\n\t\t\t\t\t<\/div>\n\t\t<\/div>\n\t\t\t\t<div class=\"elementor-column elementor-col-50 elementor-top-column elementor-element elementor-element-c5956d4\" data-id=\"c5956d4\" data-element_type=\"column\" data-e-type=\"column\">\n\t\t\t<div class=\"elementor-widget-wrap elementor-element-populated\">\n\t\t\t\t\t\t<div class=\"elementor-element elementor-element-fe259d9 elementor-widget elementor-widget-text-editor\" data-id=\"fe259d9\" data-element_type=\"widget\" data-e-type=\"widget\" data-widget_type=\"text-editor.default\">\n\t\t\t\t<div class=\"elementor-widget-container\">\n\t\t\t\t\t\t\t\t\t<p>Extendable table with legs in wood and top in ceramic and\/or wood.<\/p><p><b>Wood finishes:<\/b><\/p><p>Oak, rustic oak, walnut, matt lacquered.<\/p><p>* Ceramic finishes \u2013 under request<\/p><p>** Other finishes available \u2013 under request<\/p><p><b>Measures (mm):<\/b><\/p><ul><li>1200 (+500) x 900<\/li><li>1400 (+600) x 900<\/li><li>1600 (+800) x 900<\/li><li>1600 (+ 2x 400) x 900<\/li><li>1800 (+800) x 990<\/li><li>1800 (+ 2x 450) x 990<\/li><li>2000 (+800) x 990<\/li><li>2000 (+ 2x 450) x 990<\/li><\/ul><p>* Outras medidas poss\u00edveis \u2013 sob con<\/p>\t\t\t\t\t\t\t\t<\/div>\n\t\t\t\t<\/div>\n\t\t\t\t\t<\/div>\n\t\t<\/div>\n\t\t\t\t\t<\/div>\n\t\t<\/section>\n\t\t\t\t<section class=\"elementor-section elementor-top-section elementor-element elementor-element-ca8aa52 elementor-section-boxed elementor-section-height-default elementor-section-height-default\" data-id=\"ca8aa52\" data-element_type=\"section\" data-e-type=\"section\">\n\t\t\t\t\t\t<div class=\"elementor-container elementor-column-gap-default\">\n\t\t\t\t\t<div class=\"elementor-column elementor-col-100 elementor-top-column elementor-element elementor-element-6f236d2\" data-id=\"6f236d2\" data-element_type=\"column\" data-e-type=\"column\">\n\t\t\t<div class=\"elementor-widget-wrap elementor-element-populated\">\n\t\t\t\t\t\t<div class=\"elementor-element elementor-element-ddcd44f elementor-widget elementor-widget-image\" data-id=\"ddcd44f\" data-element_type=\"widget\" data-e-type=\"widget\" data-widget_type=\"image.default\">\n\t\t\t\t<div class=\"elementor-widget-container\">\n\t\t\t\t\t\t\t\t\t\t\t\t\t\t\t<img decoding=\"async\" width=\"1024\" height=\"563\" src=\"https:\/\/www.tabula.pt\/site\/wp-content\/uploads\/2021\/09\/MESA-BOWIE-perspetiva-1024x563.jpg\" class=\"attachment-large size-large wp-image-2105\" alt=\"\" srcset=\"https:\/\/www.tabula.pt\/site\/wp-content\/uploads\/2021\/09\/MESA-BOWIE-perspetiva-1024x563.jpg 1024w, https:\/\/www.tabula.pt\/site\/wp-content\/uploads\/2021\/09\/MESA-BOWIE-perspetiva-600x330.jpg 600w, https:\/\/www.tabula.pt\/site\/wp-content\/uploads\/2021\/09\/MESA-BOWIE-perspetiva-300x165.jpg 300w, https:\/\/www.tabula.pt\/site\/wp-content\/uploads\/2021\/09\/MESA-BOWIE-perspetiva-768x422.jpg 768w, https:\/\/www.tabula.pt\/site\/wp-content\/uploads\/2021\/09\/MESA-BOWIE-perspetiva.jpg 2000w\" sizes=\"(max-width: 1024px) 100vw, 1024px\" \/>\t\t\t\t\t\t\t\t\t\t\t\t\t\t\t<\/div>\n\t\t\t\t<\/div>\n\t\t\t\t\t<\/div>\n\t\t<\/div>\n\t\t\t\t\t<\/div>\n\t\t<\/section>\n\t\t\t\t<section class=\"elementor-section elementor-top-section elementor-element elementor-element-8d029db elementor-section-boxed elementor-section-height-default elementor-section-height-default\" data-id=\"8d029db\" data-element_type=\"section\" data-e-type=\"section\">\n\t\t\t\t\t\t<div class=\"elementor-container elementor-column-gap-default\">\n\t\t\t\t\t<div class=\"elementor-column elementor-col-100 elementor-top-column elementor-element elementor-element-1a97e61\" data-id=\"1a97e61\" data-element_type=\"column\" data-e-type=\"column\">\n\t\t\t<div class=\"elementor-widget-wrap elementor-element-populated\">\n\t\t\t\t\t\t<div class=\"elementor-element elementor-element-d9b8c89 elementor-widget elementor-widget-image\" data-id=\"d9b8c89\" data-element_type=\"widget\" data-e-type=\"widget\" data-widget_type=\"image.default\">\n\t\t\t\t<div class=\"elementor-widget-container\">\n\t\t\t\t\t\t\t\t\t\t\t\t\t\t\t<img decoding=\"async\" width=\"1024\" height=\"563\" src=\"https:\/\/www.tabula.pt\/site\/wp-content\/uploads\/2021\/09\/Mesa-BOWIE_-frente-1024x563.png\" class=\"attachment-large size-large wp-image-2106\" alt=\"\" srcset=\"https:\/\/www.tabula.pt\/site\/wp-content\/uploads\/2021\/09\/Mesa-BOWIE_-frente-1024x563.png 1024w, https:\/\/www.tabula.pt\/site\/wp-content\/uploads\/2021\/09\/Mesa-BOWIE_-frente-600x330.png 600w, https:\/\/www.tabula.pt\/site\/wp-content\/uploads\/2021\/09\/Mesa-BOWIE_-frente-300x165.png 300w, https:\/\/www.tabula.pt\/site\/wp-content\/uploads\/2021\/09\/Mesa-BOWIE_-frente-768x422.png 768w, https:\/\/www.tabula.pt\/site\/wp-content\/uploads\/2021\/09\/Mesa-BOWIE_-frente.png 2000w\" sizes=\"(max-width: 1024px) 100vw, 1024px\" \/>\t\t\t\t\t\t\t\t\t\t\t\t\t\t\t<\/div>\n\t\t\t\t<\/div>\n\t\t\t\t\t<\/div>\n\t\t<\/div>\n\t\t\t\t\t<\/div>\n\t\t<\/section>\n\t\t\t\t<\/div>\n\t\t","protected":false},"excerpt":{"rendered":"<p>Extendable table with legs in wood and top in ceramic and\/or wood. Wood finishes: Oak, rustic oak, walnut, matt lacquered. * Ceramic finishes \u2013 under request ** Other finishes available \u2013 under request Measures (mm): 1200 (+500) x 900 1400 (+600) x 900 1600 (+800) x 900 1600 (+ 2x 400) x 900 1800 (+800) &#8230; <a title=\"Bowie\" class=\"read-more\" href=\"https:\/\/www.tabula.pt\/site\/bowie-2\/\" aria-label=\"Leia mais sobre Bowie\">Ler mais<\/a><\/p>\n","protected":false},"author":1,"featured_media":0,"parent":0,"menu_order":0,"comment_status":"closed","ping_status":"closed","template":"","meta":{"_monsterinsights_skip_tracking":false,"_monsterinsights_sitenote_active":false,"_monsterinsights_sitenote_note":"","_monsterinsights_sitenote_category":0,"footnotes":""},"class_list":["post-2214","page","type-page","status-publish"],"yoast_head":"<!-- This site is optimized with the Yoast SEO plugin v27.1.1 - https:\/\/yoast.com\/product\/yoast-seo-wordpress\/ -->\n<title>Bowie - T\u00e1bula furniture<\/title>\n<meta name=\"robots\" content=\"index, follow, max-snippet:-1, max-image-preview:large, max-video-preview:-1\" \/>\n<link rel=\"canonical\" href=\"https:\/\/www.tabula.pt\/site\/bowie-2\/\" \/>\n<meta property=\"og:locale\" content=\"pt_PT\" \/>\n<meta property=\"og:type\" content=\"article\" \/>\n<meta property=\"og:title\" content=\"Bowie - T\u00e1bula furniture\" \/>\n<meta property=\"og:description\" content=\"Extendable table with legs in wood and top in ceramic and\/or wood. Wood finishes: Oak, rustic oak, walnut, matt lacquered. * Ceramic finishes \u2013 under request ** Other finishes available \u2013 under request Measures (mm): 1200 (+500) x 900 1400 (+600) x 900 1600 (+800) x 900 1600 (+ 2x 400) x 900 1800 (+800) ... Ler mais\" \/>\n<meta property=\"og:url\" content=\"https:\/\/www.tabula.pt\/site\/bowie-2\/\" \/>\n<meta property=\"og:site_name\" content=\"T\u00e1bula furniture\" \/>\n<meta property=\"article:publisher\" content=\"https:\/\/www.facebook.com\/tabula.pt\/\" \/>\n<meta property=\"article:modified_time\" content=\"2021-10-27T09:44:23+00:00\" \/>\n<meta property=\"og:image\" content=\"https:\/\/www.tabula.pt\/site\/wp-content\/uploads\/2021\/09\/Mesa-perspetiva-1024x563.jpg\" \/>\n<meta name=\"twitter:card\" content=\"summary_large_image\" \/>\n<script type=\"application\/ld+json\" class=\"yoast-schema-graph\">{\"@context\":\"https:\/\/schema.org\",\"@graph\":[{\"@type\":\"WebPage\",\"@id\":\"https:\/\/www.tabula.pt\/site\/bowie-2\/\",\"url\":\"https:\/\/www.tabula.pt\/site\/bowie-2\/\",\"name\":\"Bowie - T\u00e1bula furniture\",\"isPartOf\":{\"@id\":\"https:\/\/www.tabula.pt\/site\/#website\"},\"primaryImageOfPage\":{\"@id\":\"https:\/\/www.tabula.pt\/site\/bowie-2\/#primaryimage\"},\"image\":{\"@id\":\"https:\/\/www.tabula.pt\/site\/bowie-2\/#primaryimage\"},\"thumbnailUrl\":\"https:\/\/www.tabula.pt\/site\/wp-content\/uploads\/2021\/09\/Mesa-perspetiva-1024x563.jpg\",\"datePublished\":\"2021-10-27T09:38:25+00:00\",\"dateModified\":\"2021-10-27T09:44:23+00:00\",\"breadcrumb\":{\"@id\":\"https:\/\/www.tabula.pt\/site\/bowie-2\/#breadcrumb\"},\"inLanguage\":\"pt-PT\",\"potentialAction\":[{\"@type\":\"ReadAction\",\"target\":[\"https:\/\/www.tabula.pt\/site\/bowie-2\/\"]}]},{\"@type\":\"ImageObject\",\"inLanguage\":\"pt-PT\",\"@id\":\"https:\/\/www.tabula.pt\/site\/bowie-2\/#primaryimage\",\"url\":\"https:\/\/www.tabula.pt\/site\/wp-content\/uploads\/2021\/09\/Mesa-perspetiva.jpg\",\"contentUrl\":\"https:\/\/www.tabula.pt\/site\/wp-content\/uploads\/2021\/09\/Mesa-perspetiva.jpg\",\"width\":2000,\"height\":1100},{\"@type\":\"BreadcrumbList\",\"@id\":\"https:\/\/www.tabula.pt\/site\/bowie-2\/#breadcrumb\",\"itemListElement\":[{\"@type\":\"ListItem\",\"position\":1,\"name\":\"In\u00edcio\",\"item\":\"https:\/\/www.tabula.pt\/site\/\"},{\"@type\":\"ListItem\",\"position\":2,\"name\":\"Bowie\"}]},{\"@type\":\"WebSite\",\"@id\":\"https:\/\/www.tabula.pt\/site\/#website\",\"url\":\"https:\/\/www.tabula.pt\/site\/\",\"name\":\"T\u00e1bula furniture\",\"description\":\"Mobili\u00e1rio e projetos \u00e0 medida\",\"publisher\":{\"@id\":\"https:\/\/www.tabula.pt\/site\/#organization\"},\"potentialAction\":[{\"@type\":\"SearchAction\",\"target\":{\"@type\":\"EntryPoint\",\"urlTemplate\":\"https:\/\/www.tabula.pt\/site\/?s={search_term_string}\"},\"query-input\":{\"@type\":\"PropertyValueSpecification\",\"valueRequired\":true,\"valueName\":\"search_term_string\"}}],\"inLanguage\":\"pt-PT\"},{\"@type\":\"Organization\",\"@id\":\"https:\/\/www.tabula.pt\/site\/#organization\",\"name\":\"T\u00e1bula\",\"url\":\"https:\/\/www.tabula.pt\/site\/\",\"logo\":{\"@type\":\"ImageObject\",\"inLanguage\":\"pt-PT\",\"@id\":\"https:\/\/www.tabula.pt\/site\/#\/schema\/logo\/image\/\",\"url\":\"https:\/\/www.tabula.pt\/site\/wp-content\/uploads\/2019\/12\/t\u00e1bula-logo_peq_fb-e1576075812445.png\",\"contentUrl\":\"https:\/\/www.tabula.pt\/site\/wp-content\/uploads\/2019\/12\/t\u00e1bula-logo_peq_fb-e1576075812445.png\",\"width\":100,\"height\":73,\"caption\":\"T\u00e1bula\"},\"image\":{\"@id\":\"https:\/\/www.tabula.pt\/site\/#\/schema\/logo\/image\/\"},\"sameAs\":[\"https:\/\/www.facebook.com\/tabula.pt\/\",\"https:\/\/www.instagram.com\/tabula_furniture\/\"]}]}<\/script>\n<!-- \/ Yoast SEO plugin. -->","yoast_head_json":{"title":"Bowie - T\u00e1bula furniture","robots":{"index":"index","follow":"follow","max-snippet":"max-snippet:-1","max-image-preview":"max-image-preview:large","max-video-preview":"max-video-preview:-1"},"canonical":"https:\/\/www.tabula.pt\/site\/bowie-2\/","og_locale":"pt_PT","og_type":"article","og_title":"Bowie - T\u00e1bula furniture","og_description":"Extendable table with legs in wood and top in ceramic and\/or wood. Wood finishes: Oak, rustic oak, walnut, matt lacquered. * Ceramic finishes \u2013 under request ** Other finishes available \u2013 under request Measures (mm): 1200 (+500) x 900 1400 (+600) x 900 1600 (+800) x 900 1600 (+ 2x 400) x 900 1800 (+800) ... Ler mais","og_url":"https:\/\/www.tabula.pt\/site\/bowie-2\/","og_site_name":"T\u00e1bula furniture","article_publisher":"https:\/\/www.facebook.com\/tabula.pt\/","article_modified_time":"2021-10-27T09:44:23+00:00","og_image":[{"url":"https:\/\/www.tabula.pt\/site\/wp-content\/uploads\/2021\/09\/Mesa-perspetiva-1024x563.jpg","type":"","width":"","height":""}],"twitter_card":"summary_large_image","schema":{"@context":"https:\/\/schema.org","@graph":[{"@type":"WebPage","@id":"https:\/\/www.tabula.pt\/site\/bowie-2\/","url":"https:\/\/www.tabula.pt\/site\/bowie-2\/","name":"Bowie - T\u00e1bula furniture","isPartOf":{"@id":"https:\/\/www.tabula.pt\/site\/#website"},"primaryImageOfPage":{"@id":"https:\/\/www.tabula.pt\/site\/bowie-2\/#primaryimage"},"image":{"@id":"https:\/\/www.tabula.pt\/site\/bowie-2\/#primaryimage"},"thumbnailUrl":"https:\/\/www.tabula.pt\/site\/wp-content\/uploads\/2021\/09\/Mesa-perspetiva-1024x563.jpg","datePublished":"2021-10-27T09:38:25+00:00","dateModified":"2021-10-27T09:44:23+00:00","breadcrumb":{"@id":"https:\/\/www.tabula.pt\/site\/bowie-2\/#breadcrumb"},"inLanguage":"pt-PT","potentialAction":[{"@type":"ReadAction","target":["https:\/\/www.tabula.pt\/site\/bowie-2\/"]}]},{"@type":"ImageObject","inLanguage":"pt-PT","@id":"https:\/\/www.tabula.pt\/site\/bowie-2\/#primaryimage","url":"https:\/\/www.tabula.pt\/site\/wp-content\/uploads\/2021\/09\/Mesa-perspetiva.jpg","contentUrl":"https:\/\/www.tabula.pt\/site\/wp-content\/uploads\/2021\/09\/Mesa-perspetiva.jpg","width":2000,"height":1100},{"@type":"BreadcrumbList","@id":"https:\/\/www.tabula.pt\/site\/bowie-2\/#breadcrumb","itemListElement":[{"@type":"ListItem","position":1,"name":"In\u00edcio","item":"https:\/\/www.tabula.pt\/site\/"},{"@type":"ListItem","position":2,"name":"Bowie"}]},{"@type":"WebSite","@id":"https:\/\/www.tabula.pt\/site\/#website","url":"https:\/\/www.tabula.pt\/site\/","name":"T\u00e1bula furniture","description":"Mobili\u00e1rio e projetos \u00e0 medida","publisher":{"@id":"https:\/\/www.tabula.pt\/site\/#organization"},"potentialAction":[{"@type":"SearchAction","target":{"@type":"EntryPoint","urlTemplate":"https:\/\/www.tabula.pt\/site\/?s={search_term_string}"},"query-input":{"@type":"PropertyValueSpecification","valueRequired":true,"valueName":"search_term_string"}}],"inLanguage":"pt-PT"},{"@type":"Organization","@id":"https:\/\/www.tabula.pt\/site\/#organization","name":"T\u00e1bula","url":"https:\/\/www.tabula.pt\/site\/","logo":{"@type":"ImageObject","inLanguage":"pt-PT","@id":"https:\/\/www.tabula.pt\/site\/#\/schema\/logo\/image\/","url":"https:\/\/www.tabula.pt\/site\/wp-content\/uploads\/2019\/12\/t\u00e1bula-logo_peq_fb-e1576075812445.png","contentUrl":"https:\/\/www.tabula.pt\/site\/wp-content\/uploads\/2019\/12\/t\u00e1bula-logo_peq_fb-e1576075812445.png","width":100,"height":73,"caption":"T\u00e1bula"},"image":{"@id":"https:\/\/www.tabula.pt\/site\/#\/schema\/logo\/image\/"},"sameAs":["https:\/\/www.facebook.com\/tabula.pt\/","https:\/\/www.instagram.com\/tabula_furniture\/"]}]}},"_links":{"self":[{"href":"https:\/\/www.tabula.pt\/site\/wp-json\/wp\/v2\/pages\/2214","targetHints":{"allow":["GET"]}}],"collection":[{"href":"https:\/\/www.tabula.pt\/site\/wp-json\/wp\/v2\/pages"}],"about":[{"href":"https:\/\/www.tabula.pt\/site\/wp-json\/wp\/v2\/types\/page"}],"author":[{"embeddable":true,"href":"https:\/\/www.tabula.pt\/site\/wp-json\/wp\/v2\/users\/1"}],"replies":[{"embeddable":true,"href":"https:\/\/www.tabula.pt\/site\/wp-json\/wp\/v2\/comments?post=2214"}],"version-history":[{"count":3,"href":"https:\/\/www.tabula.pt\/site\/wp-json\/wp\/v2\/pages\/2214\/revisions"}],"predecessor-version":[{"id":2219,"href":"https:\/\/www.tabula.pt\/site\/wp-json\/wp\/v2\/pages\/2214\/revisions\/2219"}],"wp:attachment":[{"href":"https:\/\/www.tabula.pt\/site\/wp-json\/wp\/v2\/media?parent=2214"}],"curies":[{"name":"wp","href":"https:\/\/api.w.org\/{rel}","templated":true}]}}