{"id":3331,"date":"2024-04-18T08:43:46","date_gmt":"2024-04-18T08:43:46","guid":{"rendered":"https:\/\/www.tabula.pt\/site\/?page_id=3331"},"modified":"2024-04-18T08:56:03","modified_gmt":"2024-04-18T08:56:03","slug":"canal-denuncia","status":"publish","type":"page","link":"https:\/\/www.tabula.pt\/site\/canal-denuncia\/","title":{"rendered":"Canal Den\u00fancia"},"content":{"rendered":"\n<p>Este Canal de Den\u00fancias Interno est\u00e1 dispon\u00edvel a colaboradores, fornecedores, prestadores de servi\u00e7os e demais stakeholders da JA Sim\u00e3o, Lda \u2013 Marca T\u00e1bula para a apresenta\u00e7\u00e3o de den\u00fancias de infra\u00e7\u00f5es e garante o anonimato\/ confidencialidade dos denunciantes, bem como o empenho na investiga\u00e7\u00e3o de suas alega\u00e7\u00f5es.&nbsp;&nbsp;<\/p>\n\n\n\n<p>Al\u00e9m da apresenta\u00e7\u00e3o da den\u00fancia em seguran\u00e7a, pode igualmente acompanhar o processo de uma den\u00fancia efetuada anteriormente.&nbsp;&nbsp;<\/p>\n\n\n\n<p>Recomendamos que o denunciante apresente provas claras das suas suspeitas, ainda que opcional. Todas as informa\u00e7\u00f5es indicadas devem supor a boa-f\u00e9.&nbsp;<\/p>\n\n\n\n<p>Alerta:&nbsp;&nbsp;<\/p>\n\n\n\n<p>Este canal deve ser usado unicamente para den\u00fancias de infra\u00e7\u00f5es no \u00e2mbito Lei n.\u00ba 93\/2021, de 20 de dezembro.&nbsp;&nbsp;<\/p>\n\n\n\n<p>Qualquer queixa e\/ou reclama\u00e7\u00e3o de situa\u00e7\u00f5es laborais deve ser reportada segundo as orienta\u00e7\u00f5es do C\u00f3digo de \u00c9tica e de Conduta da empresa.&nbsp;<\/p>\n\n\n\n<p>Considera-se infra\u00e7\u00e3o:&nbsp;<\/p>\n\n\n\n<p>a) O ato ou omiss\u00e3o contr\u00e1rio a regras constantes dos atos da Uni\u00e3o Europeia referidos no anexo da Diretiva (UE) 2019\/1937 do Parlamento Europeu e do Conselho, a normas nacionais que executem, transponham ou deem cumprimento a tais atos ou a quaisquer outras normas constantes de atos legislativos de execu\u00e7\u00e3o ou transposi\u00e7\u00e3o dos mesmos, incluindo as que prevejam crimes ou contraordena\u00e7\u00f5es, referentes aos dom\u00ednios de:&nbsp;<\/p>\n\n\n\n<p>\u2022 Contrata\u00e7\u00e3o p\u00fablica;&nbsp;<\/p>\n\n\n\n<p>\u2022 Servi\u00e7os, produtos e mercados financeiros e preven\u00e7\u00e3o do branqueamento de capitais e do financiamento do terrorismo;&nbsp;<\/p>\n\n\n\n<p>\u2022 Seguran\u00e7a e conformidade dos produtos;&nbsp;<\/p>\n\n\n\n<p>\u2022 Seguran\u00e7a dos transportes;&nbsp;<\/p>\n\n\n\n<p>\u2022 Prote\u00e7\u00e3o do ambiente;&nbsp;<\/p>\n\n\n\n<p>\u2022 Prote\u00e7\u00e3o contra radia\u00e7\u00f5es e seguran\u00e7a nuclear;&nbsp;<\/p>\n\n\n\n<p>\u2022 Seguran\u00e7a dos alimentos para consumo humano e animal, sa\u00fade animal e bem-estar animal;&nbsp;<\/p>\n\n\n\n<p>\u2022 Sa\u00fade p\u00fablica;&nbsp;<\/p>\n\n\n\n<p>\u2022 Defesa do consumidor;&nbsp;<\/p>\n\n\n\n<p>\u2022 Prote\u00e7\u00e3o da privacidade e dos dados pessoais e seguran\u00e7a da rede e dos sistemas de informa\u00e7\u00e3o.\u00a0<br><\/p>\n\n\n\n<div class=\"wp-block-buttons is-layout-flex wp-block-buttons-is-layout-flex\">\n<div class=\"wp-block-button\"><a class=\"wp-block-button__link wp-element-button\">Fazer Den\u00fancia<\/a><\/div>\n<\/div>\n","protected":false},"excerpt":{"rendered":"<p>Este Canal de Den\u00fancias Interno est\u00e1 dispon\u00edvel a colaboradores, fornecedores, prestadores de servi\u00e7os e demais stakeholders da JA Sim\u00e3o, Lda \u2013 Marca T\u00e1bula para a apresenta\u00e7\u00e3o de den\u00fancias de infra\u00e7\u00f5es e garante o anonimato\/ confidencialidade dos denunciantes, bem como o empenho na investiga\u00e7\u00e3o de suas alega\u00e7\u00f5es.&nbsp;&nbsp; Al\u00e9m da apresenta\u00e7\u00e3o da den\u00fancia em seguran\u00e7a, pode igualmente &#8230; <a title=\"Canal Den\u00fancia\" class=\"read-more\" href=\"https:\/\/www.tabula.pt\/site\/canal-denuncia\/\" aria-label=\"Leia mais sobre Canal Den\u00fancia\">Ler mais<\/a><\/p>\n","protected":false},"author":1,"featured_media":0,"parent":0,"menu_order":0,"comment_status":"closed","ping_status":"closed","template":"","meta":{"_monsterinsights_skip_tracking":false,"_monsterinsights_sitenote_active":false,"_monsterinsights_sitenote_note":"","_monsterinsights_sitenote_category":0,"footnotes":""},"class_list":["post-3331","page","type-page","status-publish"],"yoast_head":"<!-- This site is optimized with the Yoast SEO plugin v27.1.1 - https:\/\/yoast.com\/product\/yoast-seo-wordpress\/ -->\n<title>Canal Den\u00fancia - T\u00e1bula furniture<\/title>\n<meta name=\"robots\" content=\"index, follow, max-snippet:-1, max-image-preview:large, max-video-preview:-1\" \/>\n<link rel=\"canonical\" href=\"https:\/\/www.tabula.pt\/site\/canal-denuncia\/\" \/>\n<meta property=\"og:locale\" content=\"pt_PT\" \/>\n<meta property=\"og:type\" content=\"article\" \/>\n<meta property=\"og:title\" content=\"Canal Den\u00fancia - T\u00e1bula furniture\" \/>\n<meta property=\"og:description\" content=\"Este Canal de Den\u00fancias Interno est\u00e1 dispon\u00edvel a colaboradores, fornecedores, prestadores de servi\u00e7os e demais stakeholders da JA Sim\u00e3o, Lda \u2013 Marca T\u00e1bula para a apresenta\u00e7\u00e3o de den\u00fancias de infra\u00e7\u00f5es e garante o anonimato\/ confidencialidade dos denunciantes, bem como o empenho na investiga\u00e7\u00e3o de suas alega\u00e7\u00f5es.&nbsp;&nbsp; Al\u00e9m da apresenta\u00e7\u00e3o da den\u00fancia em seguran\u00e7a, pode igualmente ... Ler mais\" \/>\n<meta property=\"og:url\" content=\"https:\/\/www.tabula.pt\/site\/canal-denuncia\/\" \/>\n<meta property=\"og:site_name\" content=\"T\u00e1bula furniture\" \/>\n<meta property=\"article:publisher\" content=\"https:\/\/www.facebook.com\/tabula.pt\/\" \/>\n<meta property=\"article:modified_time\" content=\"2024-04-18T08:56:03+00:00\" \/>\n<meta name=\"twitter:card\" content=\"summary_large_image\" \/>\n<meta name=\"twitter:label1\" content=\"Tempo estimado de leitura\" \/>\n\t<meta name=\"twitter:data1\" content=\"2 minutos\" \/>\n<script type=\"application\/ld+json\" class=\"yoast-schema-graph\">{\"@context\":\"https:\/\/schema.org\",\"@graph\":[{\"@type\":\"WebPage\",\"@id\":\"https:\/\/www.tabula.pt\/site\/canal-denuncia\/\",\"url\":\"https:\/\/www.tabula.pt\/site\/canal-denuncia\/\",\"name\":\"Canal Den\u00fancia - T\u00e1bula furniture\",\"isPartOf\":{\"@id\":\"https:\/\/www.tabula.pt\/site\/#website\"},\"datePublished\":\"2024-04-18T08:43:46+00:00\",\"dateModified\":\"2024-04-18T08:56:03+00:00\",\"breadcrumb\":{\"@id\":\"https:\/\/www.tabula.pt\/site\/canal-denuncia\/#breadcrumb\"},\"inLanguage\":\"pt-PT\",\"potentialAction\":[{\"@type\":\"ReadAction\",\"target\":[\"https:\/\/www.tabula.pt\/site\/canal-denuncia\/\"]}]},{\"@type\":\"BreadcrumbList\",\"@id\":\"https:\/\/www.tabula.pt\/site\/canal-denuncia\/#breadcrumb\",\"itemListElement\":[{\"@type\":\"ListItem\",\"position\":1,\"name\":\"In\u00edcio\",\"item\":\"https:\/\/www.tabula.pt\/site\/\"},{\"@type\":\"ListItem\",\"position\":2,\"name\":\"Canal Den\u00fancia\"}]},{\"@type\":\"WebSite\",\"@id\":\"https:\/\/www.tabula.pt\/site\/#website\",\"url\":\"https:\/\/www.tabula.pt\/site\/\",\"name\":\"T\u00e1bula furniture\",\"description\":\"Mobili\u00e1rio e projetos \u00e0 medida\",\"publisher\":{\"@id\":\"https:\/\/www.tabula.pt\/site\/#organization\"},\"potentialAction\":[{\"@type\":\"SearchAction\",\"target\":{\"@type\":\"EntryPoint\",\"urlTemplate\":\"https:\/\/www.tabula.pt\/site\/?s={search_term_string}\"},\"query-input\":{\"@type\":\"PropertyValueSpecification\",\"valueRequired\":true,\"valueName\":\"search_term_string\"}}],\"inLanguage\":\"pt-PT\"},{\"@type\":\"Organization\",\"@id\":\"https:\/\/www.tabula.pt\/site\/#organization\",\"name\":\"T\u00e1bula\",\"url\":\"https:\/\/www.tabula.pt\/site\/\",\"logo\":{\"@type\":\"ImageObject\",\"inLanguage\":\"pt-PT\",\"@id\":\"https:\/\/www.tabula.pt\/site\/#\/schema\/logo\/image\/\",\"url\":\"https:\/\/www.tabula.pt\/site\/wp-content\/uploads\/2019\/12\/t\u00e1bula-logo_peq_fb-e1576075812445.png\",\"contentUrl\":\"https:\/\/www.tabula.pt\/site\/wp-content\/uploads\/2019\/12\/t\u00e1bula-logo_peq_fb-e1576075812445.png\",\"width\":100,\"height\":73,\"caption\":\"T\u00e1bula\"},\"image\":{\"@id\":\"https:\/\/www.tabula.pt\/site\/#\/schema\/logo\/image\/\"},\"sameAs\":[\"https:\/\/www.facebook.com\/tabula.pt\/\",\"https:\/\/www.instagram.com\/tabula_furniture\/\"]}]}<\/script>\n<!-- \/ Yoast SEO plugin. -->","yoast_head_json":{"title":"Canal Den\u00fancia - T\u00e1bula furniture","robots":{"index":"index","follow":"follow","max-snippet":"max-snippet:-1","max-image-preview":"max-image-preview:large","max-video-preview":"max-video-preview:-1"},"canonical":"https:\/\/www.tabula.pt\/site\/canal-denuncia\/","og_locale":"pt_PT","og_type":"article","og_title":"Canal Den\u00fancia - T\u00e1bula furniture","og_description":"Este Canal de Den\u00fancias Interno est\u00e1 dispon\u00edvel a colaboradores, fornecedores, prestadores de servi\u00e7os e demais stakeholders da JA Sim\u00e3o, Lda \u2013 Marca T\u00e1bula para a apresenta\u00e7\u00e3o de den\u00fancias de infra\u00e7\u00f5es e garante o anonimato\/ confidencialidade dos denunciantes, bem como o empenho na investiga\u00e7\u00e3o de suas alega\u00e7\u00f5es.&nbsp;&nbsp; Al\u00e9m da apresenta\u00e7\u00e3o da den\u00fancia em seguran\u00e7a, pode igualmente ... Ler mais","og_url":"https:\/\/www.tabula.pt\/site\/canal-denuncia\/","og_site_name":"T\u00e1bula furniture","article_publisher":"https:\/\/www.facebook.com\/tabula.pt\/","article_modified_time":"2024-04-18T08:56:03+00:00","twitter_card":"summary_large_image","twitter_misc":{"Tempo estimado de leitura":"2 minutos"},"schema":{"@context":"https:\/\/schema.org","@graph":[{"@type":"WebPage","@id":"https:\/\/www.tabula.pt\/site\/canal-denuncia\/","url":"https:\/\/www.tabula.pt\/site\/canal-denuncia\/","name":"Canal Den\u00fancia - T\u00e1bula furniture","isPartOf":{"@id":"https:\/\/www.tabula.pt\/site\/#website"},"datePublished":"2024-04-18T08:43:46+00:00","dateModified":"2024-04-18T08:56:03+00:00","breadcrumb":{"@id":"https:\/\/www.tabula.pt\/site\/canal-denuncia\/#breadcrumb"},"inLanguage":"pt-PT","potentialAction":[{"@type":"ReadAction","target":["https:\/\/www.tabula.pt\/site\/canal-denuncia\/"]}]},{"@type":"BreadcrumbList","@id":"https:\/\/www.tabula.pt\/site\/canal-denuncia\/#breadcrumb","itemListElement":[{"@type":"ListItem","position":1,"name":"In\u00edcio","item":"https:\/\/www.tabula.pt\/site\/"},{"@type":"ListItem","position":2,"name":"Canal Den\u00fancia"}]},{"@type":"WebSite","@id":"https:\/\/www.tabula.pt\/site\/#website","url":"https:\/\/www.tabula.pt\/site\/","name":"T\u00e1bula furniture","description":"Mobili\u00e1rio e projetos \u00e0 medida","publisher":{"@id":"https:\/\/www.tabula.pt\/site\/#organization"},"potentialAction":[{"@type":"SearchAction","target":{"@type":"EntryPoint","urlTemplate":"https:\/\/www.tabula.pt\/site\/?s={search_term_string}"},"query-input":{"@type":"PropertyValueSpecification","valueRequired":true,"valueName":"search_term_string"}}],"inLanguage":"pt-PT"},{"@type":"Organization","@id":"https:\/\/www.tabula.pt\/site\/#organization","name":"T\u00e1bula","url":"https:\/\/www.tabula.pt\/site\/","logo":{"@type":"ImageObject","inLanguage":"pt-PT","@id":"https:\/\/www.tabula.pt\/site\/#\/schema\/logo\/image\/","url":"https:\/\/www.tabula.pt\/site\/wp-content\/uploads\/2019\/12\/t\u00e1bula-logo_peq_fb-e1576075812445.png","contentUrl":"https:\/\/www.tabula.pt\/site\/wp-content\/uploads\/2019\/12\/t\u00e1bula-logo_peq_fb-e1576075812445.png","width":100,"height":73,"caption":"T\u00e1bula"},"image":{"@id":"https:\/\/www.tabula.pt\/site\/#\/schema\/logo\/image\/"},"sameAs":["https:\/\/www.facebook.com\/tabula.pt\/","https:\/\/www.instagram.com\/tabula_furniture\/"]}]}},"_links":{"self":[{"href":"https:\/\/www.tabula.pt\/site\/wp-json\/wp\/v2\/pages\/3331","targetHints":{"allow":["GET"]}}],"collection":[{"href":"https:\/\/www.tabula.pt\/site\/wp-json\/wp\/v2\/pages"}],"about":[{"href":"https:\/\/www.tabula.pt\/site\/wp-json\/wp\/v2\/types\/page"}],"author":[{"embeddable":true,"href":"https:\/\/www.tabula.pt\/site\/wp-json\/wp\/v2\/users\/1"}],"replies":[{"embeddable":true,"href":"https:\/\/www.tabula.pt\/site\/wp-json\/wp\/v2\/comments?post=3331"}],"version-history":[{"count":2,"href":"https:\/\/www.tabula.pt\/site\/wp-json\/wp\/v2\/pages\/3331\/revisions"}],"predecessor-version":[{"id":3334,"href":"https:\/\/www.tabula.pt\/site\/wp-json\/wp\/v2\/pages\/3331\/revisions\/3334"}],"wp:attachment":[{"href":"https:\/\/www.tabula.pt\/site\/wp-json\/wp\/v2\/media?parent=3331"}],"curies":[{"name":"wp","href":"https:\/\/api.w.org\/{rel}","templated":true}]}}