{"id":363,"date":"2020-01-03T15:19:18","date_gmt":"2020-01-03T15:19:18","guid":{"rendered":"https:\/\/www.tabula.pt\/site\/?page_id=363"},"modified":"2020-01-05T12:24:50","modified_gmt":"2020-01-05T12:24:50","slug":"mesa-centro-giromondo","status":"publish","type":"page","link":"https:\/\/www.tabula.pt\/site\/mesa-centro-giromondo\/","title":{"rendered":"Mesa centro Giromondo"},"content":{"rendered":"\t\t<div data-elementor-type=\"wp-page\" data-elementor-id=\"363\" class=\"elementor elementor-363\" data-elementor-post-type=\"page\">\n\t\t\t\t\t\t<section class=\"elementor-section elementor-top-section elementor-element elementor-element-89200a6 elementor-section-boxed elementor-section-height-default elementor-section-height-default\" data-id=\"89200a6\" data-element_type=\"section\" data-e-type=\"section\">\n\t\t\t\t\t\t<div class=\"elementor-container elementor-column-gap-default\">\n\t\t\t\t\t<div class=\"elementor-column elementor-col-50 elementor-top-column elementor-element elementor-element-5116e35\" data-id=\"5116e35\" data-element_type=\"column\" data-e-type=\"column\">\n\t\t\t<div class=\"elementor-widget-wrap elementor-element-populated\">\n\t\t\t\t\t\t<div class=\"elementor-element elementor-element-e856a93 elementor-widget elementor-widget-image\" data-id=\"e856a93\" data-element_type=\"widget\" data-e-type=\"widget\" data-widget_type=\"image.default\">\n\t\t\t\t<div class=\"elementor-widget-container\">\n\t\t\t\t\t\t\t\t\t\t\t\t\t\t\t<img fetchpriority=\"high\" decoding=\"async\" width=\"960\" height=\"791\" src=\"https:\/\/www.tabula.pt\/site\/wp-content\/uploads\/2019\/12\/Giromondo-round-pair.jpg\" class=\"attachment-large size-large wp-image-45\" alt=\"\" srcset=\"https:\/\/www.tabula.pt\/site\/wp-content\/uploads\/2019\/12\/Giromondo-round-pair.jpg 960w, https:\/\/www.tabula.pt\/site\/wp-content\/uploads\/2019\/12\/Giromondo-round-pair-600x494.jpg 600w, https:\/\/www.tabula.pt\/site\/wp-content\/uploads\/2019\/12\/Giromondo-round-pair-300x247.jpg 300w, https:\/\/www.tabula.pt\/site\/wp-content\/uploads\/2019\/12\/Giromondo-round-pair-768x633.jpg 768w, https:\/\/www.tabula.pt\/site\/wp-content\/uploads\/2019\/12\/Giromondo-round-pair-830x684.jpg 830w, https:\/\/www.tabula.pt\/site\/wp-content\/uploads\/2019\/12\/Giromondo-round-pair-230x190.jpg 230w\" sizes=\"(max-width: 960px) 100vw, 960px\" \/>\t\t\t\t\t\t\t\t\t\t\t\t\t\t\t<\/div>\n\t\t\t\t<\/div>\n\t\t\t\t\t<\/div>\n\t\t<\/div>\n\t\t\t\t<div class=\"elementor-column elementor-col-50 elementor-top-column elementor-element elementor-element-2124b1f\" data-id=\"2124b1f\" data-element_type=\"column\" data-e-type=\"column\">\n\t\t\t<div class=\"elementor-widget-wrap elementor-element-populated\">\n\t\t\t\t\t\t<div class=\"elementor-element elementor-element-5bbb501 elementor-widget elementor-widget-text-editor\" data-id=\"5bbb501\" data-element_type=\"widget\" data-e-type=\"widget\" data-widget_type=\"text-editor.default\">\n\t\t\t\t<div class=\"elementor-widget-container\">\n\t\t\t\t\t\t\t\t\t<p>Giromondo, \u00e9 uma mesa de centro, com tampo em cer\u00e2mica ou madeira e p\u00e9s em metal. Dispon\u00edvel em v\u00e1rios tamanhos e formas (redondo e quadrado) de forma a adaptar a diversos espa\u00e7os. Pode ser usada de forma individual, ou conjugada com 2 ou mais mesas juntas.<\/p>\n<p><b>Acabamentos dispon\u00edveis tampo:<\/b><\/p>\n<ul>\n<li>Madeira (Carvalho, Nogueira, Eucalipto Fumado)<\/li>\n<li>Cer\u00e2mica (diversos tipos)<\/li>\n<\/ul>\n<p><b>Acabamentos Metal:<\/b><\/p>\n<p>Preto, dourado, bronze.<\/p>\n<p>* Outros acabamentos poss\u00edveis &#8211; sob consulta<\/p>\n<p><b>Medidas e formas:<\/b><\/p>\t\t\t\t\t\t\t\t<\/div>\n\t\t\t\t<\/div>\n\t\t\t\t<section class=\"elementor-section elementor-inner-section elementor-element elementor-element-fb3601e elementor-section-boxed elementor-section-height-default elementor-section-height-default\" data-id=\"fb3601e\" data-element_type=\"section\" data-e-type=\"section\">\n\t\t\t\t\t\t<div class=\"elementor-container elementor-column-gap-default\">\n\t\t\t\t\t<div class=\"elementor-column elementor-col-50 elementor-inner-column elementor-element elementor-element-6846bcc\" data-id=\"6846bcc\" data-element_type=\"column\" data-e-type=\"column\">\n\t\t\t<div class=\"elementor-widget-wrap elementor-element-populated\">\n\t\t\t\t\t\t<div class=\"elementor-element elementor-element-b25e80a elementor-widget elementor-widget-heading\" data-id=\"b25e80a\" data-element_type=\"widget\" data-e-type=\"widget\" data-widget_type=\"heading.default\">\n\t\t\t\t<div class=\"elementor-widget-container\">\n\t\t\t\t\t<h2 class=\"elementor-heading-title elementor-size-default\">Redondo<\/h2>\t\t\t\t<\/div>\n\t\t\t\t<\/div>\n\t\t\t\t<div class=\"elementor-element elementor-element-b828b73 elementor-widget elementor-widget-text-editor\" data-id=\"b828b73\" data-element_type=\"widget\" data-e-type=\"widget\" data-widget_type=\"text-editor.default\">\n\t\t\t\t<div class=\"elementor-widget-container\">\n\t\t\t\t\t\t\t\t\t<p>800 x 360<\/p><p>600 x 320<\/p><p>500 x 450<\/p>\t\t\t\t\t\t\t\t<\/div>\n\t\t\t\t<\/div>\n\t\t\t\t\t<\/div>\n\t\t<\/div>\n\t\t\t\t<div class=\"elementor-column elementor-col-50 elementor-inner-column elementor-element elementor-element-8ad3f43\" data-id=\"8ad3f43\" data-element_type=\"column\" data-e-type=\"column\">\n\t\t\t<div class=\"elementor-widget-wrap elementor-element-populated\">\n\t\t\t\t\t\t<div class=\"elementor-element elementor-element-93f3bf5 elementor-widget elementor-widget-heading\" data-id=\"93f3bf5\" data-element_type=\"widget\" data-e-type=\"widget\" data-widget_type=\"heading.default\">\n\t\t\t\t<div class=\"elementor-widget-container\">\n\t\t\t\t\t<h2 class=\"elementor-heading-title elementor-size-default\">Quadrado<\/h2>\t\t\t\t<\/div>\n\t\t\t\t<\/div>\n\t\t\t\t<div class=\"elementor-element elementor-element-899c6d4 elementor-widget elementor-widget-text-editor\" data-id=\"899c6d4\" data-element_type=\"widget\" data-e-type=\"widget\" data-widget_type=\"text-editor.default\">\n\t\t\t\t<div class=\"elementor-widget-container\">\n\t\t\t\t\t\t\t\t\t<p>800 x 800 x 360<\/p><p>600 x 600 x 320<\/p><p>500 x 500 x 450<\/p>\t\t\t\t\t\t\t\t<\/div>\n\t\t\t\t<\/div>\n\t\t\t\t\t<\/div>\n\t\t<\/div>\n\t\t\t\t\t<\/div>\n\t\t<\/section>\n\t\t\t\t\t<\/div>\n\t\t<\/div>\n\t\t\t\t\t<\/div>\n\t\t<\/section>\n\t\t\t\t<section class=\"elementor-section elementor-top-section elementor-element elementor-element-6e2074a elementor-section-boxed elementor-section-height-default elementor-section-height-default\" data-id=\"6e2074a\" data-element_type=\"section\" data-e-type=\"section\">\n\t\t\t\t\t\t<div class=\"elementor-container elementor-column-gap-default\">\n\t\t\t\t\t<div class=\"elementor-column elementor-col-33 elementor-top-column elementor-element elementor-element-6b1eaa0\" data-id=\"6b1eaa0\" data-element_type=\"column\" data-e-type=\"column\">\n\t\t\t<div class=\"elementor-widget-wrap elementor-element-populated\">\n\t\t\t\t\t\t<div class=\"elementor-element elementor-element-625ac53 elementor-widget elementor-widget-image\" data-id=\"625ac53\" data-element_type=\"widget\" data-e-type=\"widget\" data-widget_type=\"image.default\">\n\t\t\t\t<div class=\"elementor-widget-container\">\n\t\t\t\t\t\t\t\t\t\t\t\t\t\t\t<img decoding=\"async\" width=\"960\" height=\"600\" src=\"https:\/\/www.tabula.pt\/site\/wp-content\/uploads\/2019\/12\/Giromondo-round3.jpg\" class=\"attachment-large size-large wp-image-48\" alt=\"\" srcset=\"https:\/\/www.tabula.pt\/site\/wp-content\/uploads\/2019\/12\/Giromondo-round3.jpg 960w, https:\/\/www.tabula.pt\/site\/wp-content\/uploads\/2019\/12\/Giromondo-round3-600x375.jpg 600w, https:\/\/www.tabula.pt\/site\/wp-content\/uploads\/2019\/12\/Giromondo-round3-300x188.jpg 300w, https:\/\/www.tabula.pt\/site\/wp-content\/uploads\/2019\/12\/Giromondo-round3-768x480.jpg 768w, https:\/\/www.tabula.pt\/site\/wp-content\/uploads\/2019\/12\/Giromondo-round3-830x519.jpg 830w, https:\/\/www.tabula.pt\/site\/wp-content\/uploads\/2019\/12\/Giromondo-round3-230x144.jpg 230w\" sizes=\"(max-width: 960px) 100vw, 960px\" \/>\t\t\t\t\t\t\t\t\t\t\t\t\t\t\t<\/div>\n\t\t\t\t<\/div>\n\t\t\t\t\t<\/div>\n\t\t<\/div>\n\t\t\t\t<div class=\"elementor-column elementor-col-33 elementor-top-column elementor-element elementor-element-30f02e6\" data-id=\"30f02e6\" data-element_type=\"column\" data-e-type=\"column\">\n\t\t\t<div class=\"elementor-widget-wrap elementor-element-populated\">\n\t\t\t\t\t\t<div class=\"elementor-element elementor-element-45165bd elementor-widget elementor-widget-image\" data-id=\"45165bd\" data-element_type=\"widget\" data-e-type=\"widget\" data-widget_type=\"image.default\">\n\t\t\t\t<div class=\"elementor-widget-container\">\n\t\t\t\t\t\t\t\t\t\t\t\t\t\t\t<img decoding=\"async\" width=\"960\" height=\"600\" src=\"https:\/\/www.tabula.pt\/site\/wp-content\/uploads\/2019\/12\/Giromondo-round2.jpg\" class=\"attachment-large size-large wp-image-47\" alt=\"\" srcset=\"https:\/\/www.tabula.pt\/site\/wp-content\/uploads\/2019\/12\/Giromondo-round2.jpg 960w, https:\/\/www.tabula.pt\/site\/wp-content\/uploads\/2019\/12\/Giromondo-round2-600x375.jpg 600w, https:\/\/www.tabula.pt\/site\/wp-content\/uploads\/2019\/12\/Giromondo-round2-300x188.jpg 300w, https:\/\/www.tabula.pt\/site\/wp-content\/uploads\/2019\/12\/Giromondo-round2-768x480.jpg 768w, https:\/\/www.tabula.pt\/site\/wp-content\/uploads\/2019\/12\/Giromondo-round2-830x519.jpg 830w, https:\/\/www.tabula.pt\/site\/wp-content\/uploads\/2019\/12\/Giromondo-round2-230x144.jpg 230w\" sizes=\"(max-width: 960px) 100vw, 960px\" \/>\t\t\t\t\t\t\t\t\t\t\t\t\t\t\t<\/div>\n\t\t\t\t<\/div>\n\t\t\t\t\t<\/div>\n\t\t<\/div>\n\t\t\t\t<div class=\"elementor-column elementor-col-33 elementor-top-column elementor-element elementor-element-cd472f2\" data-id=\"cd472f2\" data-element_type=\"column\" data-e-type=\"column\">\n\t\t\t<div class=\"elementor-widget-wrap elementor-element-populated\">\n\t\t\t\t\t\t<div class=\"elementor-element elementor-element-80206f0 elementor-widget elementor-widget-image\" data-id=\"80206f0\" data-element_type=\"widget\" data-e-type=\"widget\" data-widget_type=\"image.default\">\n\t\t\t\t<div class=\"elementor-widget-container\">\n\t\t\t\t\t\t\t\t\t\t\t\t\t\t\t<img loading=\"lazy\" decoding=\"async\" width=\"960\" height=\"600\" src=\"https:\/\/www.tabula.pt\/site\/wp-content\/uploads\/2019\/12\/Giromondo-round1.jpg\" class=\"attachment-large size-large wp-image-46\" alt=\"\" srcset=\"https:\/\/www.tabula.pt\/site\/wp-content\/uploads\/2019\/12\/Giromondo-round1.jpg 960w, https:\/\/www.tabula.pt\/site\/wp-content\/uploads\/2019\/12\/Giromondo-round1-600x375.jpg 600w, https:\/\/www.tabula.pt\/site\/wp-content\/uploads\/2019\/12\/Giromondo-round1-300x188.jpg 300w, https:\/\/www.tabula.pt\/site\/wp-content\/uploads\/2019\/12\/Giromondo-round1-768x480.jpg 768w, https:\/\/www.tabula.pt\/site\/wp-content\/uploads\/2019\/12\/Giromondo-round1-830x519.jpg 830w, https:\/\/www.tabula.pt\/site\/wp-content\/uploads\/2019\/12\/Giromondo-round1-230x144.jpg 230w\" sizes=\"(max-width: 960px) 100vw, 960px\" \/>\t\t\t\t\t\t\t\t\t\t\t\t\t\t\t<\/div>\n\t\t\t\t<\/div>\n\t\t\t\t\t<\/div>\n\t\t<\/div>\n\t\t\t\t\t<\/div>\n\t\t<\/section>\n\t\t\t\t<section class=\"elementor-section elementor-top-section elementor-element elementor-element-48f94c4 elementor-section-boxed elementor-section-height-default elementor-section-height-default\" data-id=\"48f94c4\" data-element_type=\"section\" data-e-type=\"section\">\n\t\t\t\t\t\t<div class=\"elementor-container elementor-column-gap-default\">\n\t\t\t\t\t<div class=\"elementor-column elementor-col-33 elementor-top-column elementor-element elementor-element-b0bf682\" data-id=\"b0bf682\" data-element_type=\"column\" data-e-type=\"column\">\n\t\t\t<div class=\"elementor-widget-wrap elementor-element-populated\">\n\t\t\t\t\t\t<div class=\"elementor-element elementor-element-e9ba935 elementor-widget elementor-widget-image\" data-id=\"e9ba935\" data-element_type=\"widget\" data-e-type=\"widget\" data-widget_type=\"image.default\">\n\t\t\t\t<div class=\"elementor-widget-container\">\n\t\t\t\t\t\t\t\t\t\t\t\t\t\t\t<img loading=\"lazy\" decoding=\"async\" width=\"960\" height=\"600\" src=\"https:\/\/www.tabula.pt\/site\/wp-content\/uploads\/2019\/12\/Giromondo-scquare1.jpg\" class=\"attachment-large size-large wp-image-49\" alt=\"\" srcset=\"https:\/\/www.tabula.pt\/site\/wp-content\/uploads\/2019\/12\/Giromondo-scquare1.jpg 960w, https:\/\/www.tabula.pt\/site\/wp-content\/uploads\/2019\/12\/Giromondo-scquare1-600x375.jpg 600w, https:\/\/www.tabula.pt\/site\/wp-content\/uploads\/2019\/12\/Giromondo-scquare1-300x188.jpg 300w, https:\/\/www.tabula.pt\/site\/wp-content\/uploads\/2019\/12\/Giromondo-scquare1-768x480.jpg 768w, https:\/\/www.tabula.pt\/site\/wp-content\/uploads\/2019\/12\/Giromondo-scquare1-830x519.jpg 830w, https:\/\/www.tabula.pt\/site\/wp-content\/uploads\/2019\/12\/Giromondo-scquare1-230x144.jpg 230w\" sizes=\"(max-width: 960px) 100vw, 960px\" \/>\t\t\t\t\t\t\t\t\t\t\t\t\t\t\t<\/div>\n\t\t\t\t<\/div>\n\t\t\t\t\t<\/div>\n\t\t<\/div>\n\t\t\t\t<div class=\"elementor-column elementor-col-33 elementor-top-column elementor-element elementor-element-887aa6e\" data-id=\"887aa6e\" data-element_type=\"column\" data-e-type=\"column\">\n\t\t\t<div class=\"elementor-widget-wrap elementor-element-populated\">\n\t\t\t\t\t\t<div class=\"elementor-element elementor-element-831bbdf elementor-widget elementor-widget-image\" data-id=\"831bbdf\" data-element_type=\"widget\" data-e-type=\"widget\" data-widget_type=\"image.default\">\n\t\t\t\t<div class=\"elementor-widget-container\">\n\t\t\t\t\t\t\t\t\t\t\t\t\t\t\t<img loading=\"lazy\" decoding=\"async\" width=\"960\" height=\"600\" src=\"https:\/\/www.tabula.pt\/site\/wp-content\/uploads\/2019\/12\/Giromondo-scquare-pair.jpg\" class=\"attachment-large size-large wp-image-50\" alt=\"\" srcset=\"https:\/\/www.tabula.pt\/site\/wp-content\/uploads\/2019\/12\/Giromondo-scquare-pair.jpg 960w, https:\/\/www.tabula.pt\/site\/wp-content\/uploads\/2019\/12\/Giromondo-scquare-pair-600x375.jpg 600w, https:\/\/www.tabula.pt\/site\/wp-content\/uploads\/2019\/12\/Giromondo-scquare-pair-300x188.jpg 300w, https:\/\/www.tabula.pt\/site\/wp-content\/uploads\/2019\/12\/Giromondo-scquare-pair-768x480.jpg 768w, https:\/\/www.tabula.pt\/site\/wp-content\/uploads\/2019\/12\/Giromondo-scquare-pair-830x519.jpg 830w, https:\/\/www.tabula.pt\/site\/wp-content\/uploads\/2019\/12\/Giromondo-scquare-pair-230x144.jpg 230w\" sizes=\"(max-width: 960px) 100vw, 960px\" \/>\t\t\t\t\t\t\t\t\t\t\t\t\t\t\t<\/div>\n\t\t\t\t<\/div>\n\t\t\t\t\t<\/div>\n\t\t<\/div>\n\t\t\t\t<div class=\"elementor-column elementor-col-33 elementor-top-column elementor-element elementor-element-cf7eade\" data-id=\"cf7eade\" data-element_type=\"column\" data-e-type=\"column\">\n\t\t\t<div class=\"elementor-widget-wrap\">\n\t\t\t\t\t\t\t<\/div>\n\t\t<\/div>\n\t\t\t\t\t<\/div>\n\t\t<\/section>\n\t\t\t\t<\/div>\n\t\t","protected":false},"excerpt":{"rendered":"<p>Giromondo, \u00e9 uma mesa de centro, com tampo em cer\u00e2mica ou madeira e p\u00e9s em metal. Dispon\u00edvel em v\u00e1rios tamanhos e formas (redondo e quadrado) de forma a adaptar a diversos espa\u00e7os. Pode ser usada de forma individual, ou conjugada com 2 ou mais mesas juntas. Acabamentos dispon\u00edveis tampo: Madeira (Carvalho, Nogueira, Eucalipto Fumado) Cer\u00e2mica &#8230; <a title=\"Mesa centro Giromondo\" class=\"read-more\" href=\"https:\/\/www.tabula.pt\/site\/mesa-centro-giromondo\/\" aria-label=\"Leia mais sobre Mesa centro Giromondo\">Ler mais<\/a><\/p>\n","protected":false},"author":1,"featured_media":0,"parent":0,"menu_order":0,"comment_status":"closed","ping_status":"closed","template":"","meta":{"_monsterinsights_skip_tracking":false,"_monsterinsights_sitenote_active":false,"_monsterinsights_sitenote_note":"","_monsterinsights_sitenote_category":0,"footnotes":""},"class_list":["post-363","page","type-page","status-publish"],"yoast_head":"<!-- This site is optimized with the Yoast SEO plugin v27.1.1 - https:\/\/yoast.com\/product\/yoast-seo-wordpress\/ -->\n<title>Mesa centro Giromondo - T\u00e1bula furniture<\/title>\n<meta name=\"robots\" content=\"index, follow, max-snippet:-1, max-image-preview:large, max-video-preview:-1\" \/>\n<link rel=\"canonical\" href=\"https:\/\/www.tabula.pt\/site\/mesa-centro-giromondo\/\" \/>\n<meta property=\"og:locale\" content=\"pt_PT\" \/>\n<meta property=\"og:type\" content=\"article\" \/>\n<meta property=\"og:title\" content=\"Mesa centro Giromondo - T\u00e1bula furniture\" \/>\n<meta property=\"og:description\" content=\"Giromondo, \u00e9 uma mesa de centro, com tampo em cer\u00e2mica ou madeira e p\u00e9s em metal. Dispon\u00edvel em v\u00e1rios tamanhos e formas (redondo e quadrado) de forma a adaptar a diversos espa\u00e7os. Pode ser usada de forma individual, ou conjugada com 2 ou mais mesas juntas. Acabamentos dispon\u00edveis tampo: Madeira (Carvalho, Nogueira, Eucalipto Fumado) Cer\u00e2mica ... Ler mais\" \/>\n<meta property=\"og:url\" content=\"https:\/\/www.tabula.pt\/site\/mesa-centro-giromondo\/\" \/>\n<meta property=\"og:site_name\" content=\"T\u00e1bula furniture\" \/>\n<meta property=\"article:publisher\" content=\"https:\/\/www.facebook.com\/tabula.pt\/\" \/>\n<meta property=\"article:modified_time\" content=\"2020-01-05T12:24:50+00:00\" \/>\n<meta property=\"og:image\" content=\"https:\/\/www.tabula.pt\/site\/wp-content\/uploads\/2019\/12\/Giromondo-round-pair.jpg\" \/>\n<meta name=\"twitter:card\" content=\"summary_large_image\" \/>\n<script type=\"application\/ld+json\" class=\"yoast-schema-graph\">{\"@context\":\"https:\/\/schema.org\",\"@graph\":[{\"@type\":\"WebPage\",\"@id\":\"https:\/\/www.tabula.pt\/site\/mesa-centro-giromondo\/\",\"url\":\"https:\/\/www.tabula.pt\/site\/mesa-centro-giromondo\/\",\"name\":\"Mesa centro Giromondo - T\u00e1bula furniture\",\"isPartOf\":{\"@id\":\"https:\/\/www.tabula.pt\/site\/#website\"},\"primaryImageOfPage\":{\"@id\":\"https:\/\/www.tabula.pt\/site\/mesa-centro-giromondo\/#primaryimage\"},\"image\":{\"@id\":\"https:\/\/www.tabula.pt\/site\/mesa-centro-giromondo\/#primaryimage\"},\"thumbnailUrl\":\"https:\/\/www.tabula.pt\/site\/wp-content\/uploads\/2019\/12\/Giromondo-round-pair.jpg\",\"datePublished\":\"2020-01-03T15:19:18+00:00\",\"dateModified\":\"2020-01-05T12:24:50+00:00\",\"breadcrumb\":{\"@id\":\"https:\/\/www.tabula.pt\/site\/mesa-centro-giromondo\/#breadcrumb\"},\"inLanguage\":\"pt-PT\",\"potentialAction\":[{\"@type\":\"ReadAction\",\"target\":[\"https:\/\/www.tabula.pt\/site\/mesa-centro-giromondo\/\"]}]},{\"@type\":\"ImageObject\",\"inLanguage\":\"pt-PT\",\"@id\":\"https:\/\/www.tabula.pt\/site\/mesa-centro-giromondo\/#primaryimage\",\"url\":\"https:\/\/www.tabula.pt\/site\/wp-content\/uploads\/2019\/12\/Giromondo-round-pair.jpg\",\"contentUrl\":\"https:\/\/www.tabula.pt\/site\/wp-content\/uploads\/2019\/12\/Giromondo-round-pair.jpg\",\"width\":960,\"height\":791},{\"@type\":\"BreadcrumbList\",\"@id\":\"https:\/\/www.tabula.pt\/site\/mesa-centro-giromondo\/#breadcrumb\",\"itemListElement\":[{\"@type\":\"ListItem\",\"position\":1,\"name\":\"In\u00edcio\",\"item\":\"https:\/\/www.tabula.pt\/site\/\"},{\"@type\":\"ListItem\",\"position\":2,\"name\":\"Mesa centro Giromondo\"}]},{\"@type\":\"WebSite\",\"@id\":\"https:\/\/www.tabula.pt\/site\/#website\",\"url\":\"https:\/\/www.tabula.pt\/site\/\",\"name\":\"T\u00e1bula furniture\",\"description\":\"Mobili\u00e1rio e projetos \u00e0 medida\",\"publisher\":{\"@id\":\"https:\/\/www.tabula.pt\/site\/#organization\"},\"potentialAction\":[{\"@type\":\"SearchAction\",\"target\":{\"@type\":\"EntryPoint\",\"urlTemplate\":\"https:\/\/www.tabula.pt\/site\/?s={search_term_string}\"},\"query-input\":{\"@type\":\"PropertyValueSpecification\",\"valueRequired\":true,\"valueName\":\"search_term_string\"}}],\"inLanguage\":\"pt-PT\"},{\"@type\":\"Organization\",\"@id\":\"https:\/\/www.tabula.pt\/site\/#organization\",\"name\":\"T\u00e1bula\",\"url\":\"https:\/\/www.tabula.pt\/site\/\",\"logo\":{\"@type\":\"ImageObject\",\"inLanguage\":\"pt-PT\",\"@id\":\"https:\/\/www.tabula.pt\/site\/#\/schema\/logo\/image\/\",\"url\":\"https:\/\/www.tabula.pt\/site\/wp-content\/uploads\/2019\/12\/t\u00e1bula-logo_peq_fb-e1576075812445.png\",\"contentUrl\":\"https:\/\/www.tabula.pt\/site\/wp-content\/uploads\/2019\/12\/t\u00e1bula-logo_peq_fb-e1576075812445.png\",\"width\":100,\"height\":73,\"caption\":\"T\u00e1bula\"},\"image\":{\"@id\":\"https:\/\/www.tabula.pt\/site\/#\/schema\/logo\/image\/\"},\"sameAs\":[\"https:\/\/www.facebook.com\/tabula.pt\/\",\"https:\/\/www.instagram.com\/tabula_furniture\/\"]}]}<\/script>\n<!-- \/ Yoast SEO plugin. -->","yoast_head_json":{"title":"Mesa centro Giromondo - T\u00e1bula furniture","robots":{"index":"index","follow":"follow","max-snippet":"max-snippet:-1","max-image-preview":"max-image-preview:large","max-video-preview":"max-video-preview:-1"},"canonical":"https:\/\/www.tabula.pt\/site\/mesa-centro-giromondo\/","og_locale":"pt_PT","og_type":"article","og_title":"Mesa centro Giromondo - T\u00e1bula furniture","og_description":"Giromondo, \u00e9 uma mesa de centro, com tampo em cer\u00e2mica ou madeira e p\u00e9s em metal. Dispon\u00edvel em v\u00e1rios tamanhos e formas (redondo e quadrado) de forma a adaptar a diversos espa\u00e7os. Pode ser usada de forma individual, ou conjugada com 2 ou mais mesas juntas. Acabamentos dispon\u00edveis tampo: Madeira (Carvalho, Nogueira, Eucalipto Fumado) Cer\u00e2mica ... Ler mais","og_url":"https:\/\/www.tabula.pt\/site\/mesa-centro-giromondo\/","og_site_name":"T\u00e1bula furniture","article_publisher":"https:\/\/www.facebook.com\/tabula.pt\/","article_modified_time":"2020-01-05T12:24:50+00:00","og_image":[{"url":"https:\/\/www.tabula.pt\/site\/wp-content\/uploads\/2019\/12\/Giromondo-round-pair.jpg","type":"","width":"","height":""}],"twitter_card":"summary_large_image","schema":{"@context":"https:\/\/schema.org","@graph":[{"@type":"WebPage","@id":"https:\/\/www.tabula.pt\/site\/mesa-centro-giromondo\/","url":"https:\/\/www.tabula.pt\/site\/mesa-centro-giromondo\/","name":"Mesa centro Giromondo - T\u00e1bula furniture","isPartOf":{"@id":"https:\/\/www.tabula.pt\/site\/#website"},"primaryImageOfPage":{"@id":"https:\/\/www.tabula.pt\/site\/mesa-centro-giromondo\/#primaryimage"},"image":{"@id":"https:\/\/www.tabula.pt\/site\/mesa-centro-giromondo\/#primaryimage"},"thumbnailUrl":"https:\/\/www.tabula.pt\/site\/wp-content\/uploads\/2019\/12\/Giromondo-round-pair.jpg","datePublished":"2020-01-03T15:19:18+00:00","dateModified":"2020-01-05T12:24:50+00:00","breadcrumb":{"@id":"https:\/\/www.tabula.pt\/site\/mesa-centro-giromondo\/#breadcrumb"},"inLanguage":"pt-PT","potentialAction":[{"@type":"ReadAction","target":["https:\/\/www.tabula.pt\/site\/mesa-centro-giromondo\/"]}]},{"@type":"ImageObject","inLanguage":"pt-PT","@id":"https:\/\/www.tabula.pt\/site\/mesa-centro-giromondo\/#primaryimage","url":"https:\/\/www.tabula.pt\/site\/wp-content\/uploads\/2019\/12\/Giromondo-round-pair.jpg","contentUrl":"https:\/\/www.tabula.pt\/site\/wp-content\/uploads\/2019\/12\/Giromondo-round-pair.jpg","width":960,"height":791},{"@type":"BreadcrumbList","@id":"https:\/\/www.tabula.pt\/site\/mesa-centro-giromondo\/#breadcrumb","itemListElement":[{"@type":"ListItem","position":1,"name":"In\u00edcio","item":"https:\/\/www.tabula.pt\/site\/"},{"@type":"ListItem","position":2,"name":"Mesa centro Giromondo"}]},{"@type":"WebSite","@id":"https:\/\/www.tabula.pt\/site\/#website","url":"https:\/\/www.tabula.pt\/site\/","name":"T\u00e1bula furniture","description":"Mobili\u00e1rio e projetos \u00e0 medida","publisher":{"@id":"https:\/\/www.tabula.pt\/site\/#organization"},"potentialAction":[{"@type":"SearchAction","target":{"@type":"EntryPoint","urlTemplate":"https:\/\/www.tabula.pt\/site\/?s={search_term_string}"},"query-input":{"@type":"PropertyValueSpecification","valueRequired":true,"valueName":"search_term_string"}}],"inLanguage":"pt-PT"},{"@type":"Organization","@id":"https:\/\/www.tabula.pt\/site\/#organization","name":"T\u00e1bula","url":"https:\/\/www.tabula.pt\/site\/","logo":{"@type":"ImageObject","inLanguage":"pt-PT","@id":"https:\/\/www.tabula.pt\/site\/#\/schema\/logo\/image\/","url":"https:\/\/www.tabula.pt\/site\/wp-content\/uploads\/2019\/12\/t\u00e1bula-logo_peq_fb-e1576075812445.png","contentUrl":"https:\/\/www.tabula.pt\/site\/wp-content\/uploads\/2019\/12\/t\u00e1bula-logo_peq_fb-e1576075812445.png","width":100,"height":73,"caption":"T\u00e1bula"},"image":{"@id":"https:\/\/www.tabula.pt\/site\/#\/schema\/logo\/image\/"},"sameAs":["https:\/\/www.facebook.com\/tabula.pt\/","https:\/\/www.instagram.com\/tabula_furniture\/"]}]}},"_links":{"self":[{"href":"https:\/\/www.tabula.pt\/site\/wp-json\/wp\/v2\/pages\/363","targetHints":{"allow":["GET"]}}],"collection":[{"href":"https:\/\/www.tabula.pt\/site\/wp-json\/wp\/v2\/pages"}],"about":[{"href":"https:\/\/www.tabula.pt\/site\/wp-json\/wp\/v2\/types\/page"}],"author":[{"embeddable":true,"href":"https:\/\/www.tabula.pt\/site\/wp-json\/wp\/v2\/users\/1"}],"replies":[{"embeddable":true,"href":"https:\/\/www.tabula.pt\/site\/wp-json\/wp\/v2\/comments?post=363"}],"version-history":[{"count":7,"href":"https:\/\/www.tabula.pt\/site\/wp-json\/wp\/v2\/pages\/363\/revisions"}],"predecessor-version":[{"id":431,"href":"https:\/\/www.tabula.pt\/site\/wp-json\/wp\/v2\/pages\/363\/revisions\/431"}],"wp:attachment":[{"href":"https:\/\/www.tabula.pt\/site\/wp-json\/wp\/v2\/media?parent=363"}],"curies":[{"name":"wp","href":"https:\/\/api.w.org\/{rel}","templated":true}]}}